{"id":38294,"date":"2025-04-29T10:59:14","date_gmt":"2025-04-29T09:59:14","guid":{"rendered":"https:\/\/litepack.ch\/?post_type=product&#038;p=38294"},"modified":"2025-05-05T12:25:51","modified_gmt":"2025-05-05T11:25:51","slug":"zpacks-matratzenhalterung-mat-coupler","status":"publish","type":"product","link":"https:\/\/litepack.ch\/en\/product\/zpacks-matratzenhalterung-mat-coupler\/","title":{"rendered":"Zpacks Matratzenhalterung &#8222;mat coupler&#8220;"},"content":{"rendered":"<p>HINWEIS: Dieser Artikel ist ein einzelner Gurt. Stellen Sie sicher, dass Sie mindestens zwei Gurte bestellen! Drei Gurte sind sch\u00f6n f\u00fcr volle L\u00e4nge Pads.<\/p>\n<p>Sich an den Partner zu kuscheln, macht eine kalte Nacht auf dem Trail besser, bis die Isomatten anfangen, auseinander zu rutschen. Verwenden Sie zwei oder mehr dieser Schlafmattengurte, um ein Paar Schlafmatten nebeneinander zu befestigen.<\/p>\n<ul>\n<li>Diese Gurte halten zwei Isomatten sicher zusammen und schaffen so eine Schlafunterlage f\u00fcr zwei Personen.<\/li>\n<li>Sie sind aus 3\/4&#8243; Ripsband mit d\u00fcnnen Clips gefertigt. Drehen Sie die Gurte um, so dass die Schnallen zum Boden zeigen.<\/li>\n<li>Die Gurte sind so zusammengen\u00e4ht, dass zwischen den Polstern eine gewisse Tiefe vorhanden ist, um eine sichere Befestigung zu gew\u00e4hrleisten. Die Gurte sind lang genug, um zwei 63,5 cm (25&#8243;) breite Polster zu umschlie\u00dfen.<\/li>\n<li>F\u00fcr Pads in Torsol\u00e4nge werden zwei Gurte ben\u00f6tigt (siehe Abbildung). F\u00fcr Pads in voller L\u00e4nge sind m\u00f6glicherweise drei Gurte erforderlich.<\/li>\n<li>Hergestellt in den USA.<\/li>\n<\/ul>","protected":false},"excerpt":{"rendered":"<p>HINWEIS: Dieser Artikel ist ein einzelner Gurt. Stellen Sie sicher, dass Sie mindestens zwei Gurte bestellen! Drei Gurte sind sch\u00f6n<\/p>","protected":false},"featured_media":38296,"comment_status":"open","ping_status":"closed","template":"","meta":[],"product_brand":[220],"product_cat":[292,191],"product_tag":[],"class_list":{"0":"post-38294","1":"product","2":"type-product","3":"status-publish","4":"has-post-thumbnail","6":"product_brand-zpacks","7":"product_cat-schlaf-zubehoer","8":"product_cat-zubehoer","9":"pa_hersteller-zpacks","11":"first","12":"instock","13":"taxable","14":"shipping-taxable","15":"purchasable","16":"product-type-simple"},"_links":{"self":[{"href":"https:\/\/litepack.ch\/en\/wp-json\/wp\/v2\/product\/38294","targetHints":{"allow":["GET"]}}],"collection":[{"href":"https:\/\/litepack.ch\/en\/wp-json\/wp\/v2\/product"}],"about":[{"href":"https:\/\/litepack.ch\/en\/wp-json\/wp\/v2\/types\/product"}],"replies":[{"embeddable":true,"href":"https:\/\/litepack.ch\/en\/wp-json\/wp\/v2\/comments?post=38294"}],"wp:featuredmedia":[{"embeddable":true,"href":"https:\/\/litepack.ch\/en\/wp-json\/wp\/v2\/media\/38296"}],"wp:attachment":[{"href":"https:\/\/litepack.ch\/en\/wp-json\/wp\/v2\/media?parent=38294"}],"wp:term":[{"taxonomy":"product_brand","embeddable":true,"href":"https:\/\/litepack.ch\/en\/wp-json\/wp\/v2\/product_brand?post=38294"},{"taxonomy":"product_cat","embeddable":true,"href":"https:\/\/litepack.ch\/en\/wp-json\/wp\/v2\/product_cat?post=38294"},{"taxonomy":"product_tag","embeddable":true,"href":"https:\/\/litepack.ch\/en\/wp-json\/wp\/v2\/product_tag?post=38294"}],"curies":[{"name":"wp","href":"https:\/\/api.w.org\/{rel}","templated":true}]}}