{"id":38270,"date":"2025-04-29T10:28:36","date_gmt":"2025-04-29T09:28:36","guid":{"rendered":"https:\/\/litepack.ch\/?post_type=product&#038;p=38270"},"modified":"2025-09-25T08:13:16","modified_gmt":"2025-09-25T07:13:16","slug":"zpacks-ersatz-unterteil-trekkingstock","status":"publish","type":"product","link":"https:\/\/litepack.ch\/en\/product\/zpacks-ersatz-unterteil-trekkingstock\/","title":{"rendered":"Zpacks Ersatz-Unterteil Trekkingstock"},"content":{"rendered":"<p>Ein Ersatz-Unterteil f\u00fcr unsere Standard-Carbonfaser-Trekkingst\u00f6cke. Wir haben auch untere Abschnitte f\u00fcr unsere Minimalist Trekking St\u00f6cke zur Verf\u00fcgung.<\/p>","protected":false},"excerpt":{"rendered":"<p>Ein Ersatz-Unterteil f\u00fcr unsere Standard-Carbonfaser-Trekkingst\u00f6cke. Wir haben auch untere Abschnitte f\u00fcr unsere Minimalist Trekking St\u00f6cke zur Verf\u00fcgung.<\/p>","protected":false},"featured_media":38273,"comment_status":"open","ping_status":"closed","template":"","meta":[],"product_brand":[220],"product_cat":[296,191],"product_tag":[],"class_list":{"0":"post-38270","1":"product","2":"type-product","3":"status-publish","4":"has-post-thumbnail","6":"product_brand-zpacks","7":"product_cat-weiteres-zubehoer","8":"product_cat-zubehoer","9":"pa_hersteller-zpacks","11":"first","12":"instock","13":"taxable","14":"shipping-taxable","15":"purchasable","16":"product-type-variable"},"_links":{"self":[{"href":"https:\/\/litepack.ch\/en\/wp-json\/wp\/v2\/product\/38270","targetHints":{"allow":["GET"]}}],"collection":[{"href":"https:\/\/litepack.ch\/en\/wp-json\/wp\/v2\/product"}],"about":[{"href":"https:\/\/litepack.ch\/en\/wp-json\/wp\/v2\/types\/product"}],"replies":[{"embeddable":true,"href":"https:\/\/litepack.ch\/en\/wp-json\/wp\/v2\/comments?post=38270"}],"wp:featuredmedia":[{"embeddable":true,"href":"https:\/\/litepack.ch\/en\/wp-json\/wp\/v2\/media\/38273"}],"wp:attachment":[{"href":"https:\/\/litepack.ch\/en\/wp-json\/wp\/v2\/media?parent=38270"}],"wp:term":[{"taxonomy":"product_brand","embeddable":true,"href":"https:\/\/litepack.ch\/en\/wp-json\/wp\/v2\/product_brand?post=38270"},{"taxonomy":"product_cat","embeddable":true,"href":"https:\/\/litepack.ch\/en\/wp-json\/wp\/v2\/product_cat?post=38270"},{"taxonomy":"product_tag","embeddable":true,"href":"https:\/\/litepack.ch\/en\/wp-json\/wp\/v2\/product_tag?post=38270"}],"curies":[{"name":"wp","href":"https:\/\/api.w.org\/{rel}","templated":true}]}}