{"id":38129,"date":"2025-04-23T12:56:11","date_gmt":"2025-04-23T11:56:11","guid":{"rendered":"https:\/\/litepack.ch\/?post_type=product&#038;p=38129"},"modified":"2026-01-21T10:51:14","modified_gmt":"2026-01-21T09:51:14","slug":"3f-ul-regen-poncho","status":"publish","type":"product","link":"https:\/\/litepack.ch\/en\/product\/3f-ul-regen-poncho\/","title":{"rendered":"3F UL Regen Poncho"},"content":{"rendered":"<p>Wir stellen drei Arten von Regenponchos her:<\/p>\n<ol>\n<li>Einen ultraleichten Poncho mit \u00c4rmeln, das traditionellste Design.<\/li>\n<li>Ein Poncho mit einem Reissverschluss, leicht an- und auszuziehen, n\u00e4her an einer Regenjacke.<\/li>\n<li>Ein minimalistischer Poncho, der als Tarp oder Zeltunterlage verwendet werden kann (Aktuell ausverkauft).<\/li>\n<\/ol>\n<p>Die Kapuzen wurden so umgestaltet, dass sie den Kapuzen von Regenjacken \u00e4hneln, was noch besser ist und verhindert, dass Regenwasser auf das Gesicht tropft.<\/p>\n<h3><strong>LEICHT UND WASSERDICHT<\/strong><\/h3>\n<p>Die neu gestaltete Kapuze bietet verbesserten Regenschutz.<br \/>\nDer Tailleng\u00fcrtel sorgt f\u00fcr einen festen und k\u00f6rpernahen Sitz.<br \/>\nClips an den Ecken verhindern, dass sich der Poncho bei Wind hebt.<br \/>\n\u00c4rmeldesign f\u00fcr verbesserten Regenschutz, superleicht und rucksacktauglich.<\/p>\n<p>Material: SilNylon mit PU-Beschichtung<br \/>\nWasserdichtigkeits-Index: 5000mm<br \/>\n100% wasserdicht durch versiegelte N\u00e4hte<\/p>\n<h3><strong>REGENPONCHO MIT REISSVERSCHLUSS<\/strong><\/h3>\n<p>EINFACHES AN- UND AUSZIEHEN &amp; WASSERDICHT<br \/>\nFrontrei\u00dfverschluss f\u00fcr einfaches An- und Ausziehen.<br \/>\nDie neu gestaltete Kapuze bietet verbesserten Regenschutz.<br \/>\nDer Tailleng\u00fcrtel sorgt f\u00fcr einen festen und k\u00f6rpernahen Sitz.<br \/>\nClips an den Ecken verhindern, dass sich der Poncho bei Wind hebt.<br \/>\n\u00c4rmeldesign f\u00fcr verbesserten Regenschutz, superleicht und rucksacktauglich.<\/p>\n<section class=\"elementor-section elementor-top-section elementor-element elementor-element-0ef0d8e elementor-section-boxed elementor-section-height-default elementor-section-height-default\" data-id=\"0ef0d8e\" data-element_type=\"section\">\n<div class=\"elementor-container elementor-column-gap-default\">\n<div class=\"elementor-column elementor-col-100 elementor-top-column elementor-element elementor-element-6a1df29\" data-id=\"6a1df29\" data-element_type=\"column\">\n<div class=\"elementor-widget-wrap elementor-element-populated\">\n<div class=\"elementor-element elementor-element-bfb24b0 elementor-widget elementor-widget-heading\" data-id=\"bfb24b0\" data-element_type=\"widget\" data-widget_type=\"heading.default\">\n<div class=\"elementor-widget-container\">\n<h3 class=\"elementor-heading-title elementor-size-default\">TARP PONCHO (Ausverkauft)<\/h3>\n<\/div>\n<\/div>\n<\/div>\n<\/div>\n<\/div>\n<\/section>\n<section class=\"elementor-section elementor-top-section elementor-element elementor-element-eb7f4fc elementor-section-boxed elementor-section-height-default elementor-section-height-default\" data-id=\"eb7f4fc\" data-element_type=\"section\">\n<div class=\"elementor-container elementor-column-gap-default\">\n<div class=\"elementor-column elementor-col-100 elementor-top-column elementor-element elementor-element-a4e4eb7\" data-id=\"a4e4eb7\" data-element_type=\"column\">\n<div class=\"elementor-widget-wrap elementor-element-populated\">\n<section class=\"elementor-section elementor-inner-section elementor-element elementor-element-9be1a10 elementor-section-boxed elementor-section-height-default elementor-section-height-default\" data-id=\"9be1a10\" data-element_type=\"section\">\n<div class=\"elementor-container elementor-column-gap-default\">\n<div class=\"elementor-column elementor-col-50 elementor-inner-column elementor-element elementor-element-ec45390\" data-id=\"ec45390\" data-element_type=\"column\">\n<div class=\"elementor-widget-wrap elementor-element-populated\">\n<div class=\"elementor-element elementor-element-3667b9e elementor-widget elementor-widget-heading\" data-id=\"3667b9e\" data-element_type=\"widget\" data-widget_type=\"heading.default\">\n<div class=\"elementor-widget-container\">\n<p>MUTI-USE<\/p>\n<p>Minimalistisch gestalteter Regenponcho. Aufgeklappt kann er als Tarp oder Zeltunterlage verwendet werden.<br \/>\nDer Tailleng\u00fcrtel sorgt f\u00fcr einen guten und k\u00f6rpernahen Sitz.<br \/>\nClips an den Ecken verhindern, dass sich der Poncho bei Wind hebt.<br \/>\n\u00c4rmeldesign f\u00fcr verbesserten Regenschutz, superleicht und rucksacktauglich.<\/p>\n<p class=\"p1\"><b>Gewicht:<br \/>\n<\/b><b><\/b>225\u202fg<\/p>\n<p class=\"p1\"><b>Abmessungen:<br \/>\n<\/b><b><\/b>150\u202f\u00d7\u202f230\u202fcm<\/p>\n<\/div>\n<p><iframe title=\"NEXT LEVEL Pocho Design | 3F UL Poncho Review\" width=\"500\" height=\"281\" src=\"https:\/\/www.youtube.com\/embed\/0c5cXOZASEg?feature=oembed\" frameborder=\"0\" allow=\"accelerometer; autoplay; clipboard-write; encrypted-media; gyroscope; picture-in-picture; web-share\" referrerpolicy=\"strict-origin-when-cross-origin\" allowfullscreen><\/iframe><\/p>\n<\/div>\n<\/div>\n<\/div>\n<\/div>\n<\/section>\n<\/div>\n<\/div>\n<\/div>\n<\/section>","protected":false},"excerpt":{"rendered":"<p>Wir stellen drei Arten von Regenponchos her: Einen ultraleichten Poncho mit \u00c4rmeln, das traditionellste Design. Ein Poncho mit einem Reissverschluss,<\/p>","protected":false},"featured_media":38144,"comment_status":"open","ping_status":"closed","template":"","meta":[],"product_brand":[293],"product_cat":[190],"product_tag":[],"class_list":{"0":"post-38129","1":"product","2":"type-product","3":"status-publish","4":"has-post-thumbnail","6":"product_brand-3f-ul-gear","7":"product_cat-kleidung","8":"pa_hersteller-3f-ul","10":"first","11":"instock","12":"taxable","13":"shipping-taxable","14":"purchasable","15":"product-type-variable"},"_links":{"self":[{"href":"https:\/\/litepack.ch\/en\/wp-json\/wp\/v2\/product\/38129","targetHints":{"allow":["GET"]}}],"collection":[{"href":"https:\/\/litepack.ch\/en\/wp-json\/wp\/v2\/product"}],"about":[{"href":"https:\/\/litepack.ch\/en\/wp-json\/wp\/v2\/types\/product"}],"replies":[{"embeddable":true,"href":"https:\/\/litepack.ch\/en\/wp-json\/wp\/v2\/comments?post=38129"}],"wp:featuredmedia":[{"embeddable":true,"href":"https:\/\/litepack.ch\/en\/wp-json\/wp\/v2\/media\/38144"}],"wp:attachment":[{"href":"https:\/\/litepack.ch\/en\/wp-json\/wp\/v2\/media?parent=38129"}],"wp:term":[{"taxonomy":"product_brand","embeddable":true,"href":"https:\/\/litepack.ch\/en\/wp-json\/wp\/v2\/product_brand?post=38129"},{"taxonomy":"product_cat","embeddable":true,"href":"https:\/\/litepack.ch\/en\/wp-json\/wp\/v2\/product_cat?post=38129"},{"taxonomy":"product_tag","embeddable":true,"href":"https:\/\/litepack.ch\/en\/wp-json\/wp\/v2\/product_tag?post=38129"}],"curies":[{"name":"wp","href":"https:\/\/api.w.org\/{rel}","templated":true}]}}