{"id":38022,"date":"2025-04-12T15:51:16","date_gmt":"2025-04-12T14:51:16","guid":{"rendered":"https:\/\/litepack.ch\/?post_type=product&#038;p=38022"},"modified":"2025-11-19T09:45:56","modified_gmt":"2025-11-19T08:45:56","slug":"vrilone","status":"publish","type":"product","link":"https:\/\/litepack.ch\/en\/product\/vrilone\/","title":{"rendered":"Vril Vrilone"},"content":{"rendered":"<h1>VrilOne<\/h1>\n<p>VRILONE &#8211; der Fl\u00fcgel, der das Fliegen auf ein neues Level bringt! Mit unserer Leidenschaft f\u00fcr das Fliegen und unserem Drang nach Innovation haben wir den ultimativen Single Skin Miniwing entwickelt, der Stabilit\u00e4t, Agilit\u00e4t und ein unvergessliches Flugerlebnis bietet.<\/p>\n<p>Mit breiteren Zellen, weniger Leinen und einem Landingbooster bietet dieser Gleitschirm eine unglaubliche Kontrolle und Stabilit\u00e4t, die es dir erm\u00f6glicht, den Himmel selbstbewusst zu erkunden.<\/p>\n<p>Seine kompakte Gr\u00f6\u00dfe und sein geringes Gewicht machen es einfach, ihn auf jedes Abenteuer mitzunehmen, von Bergbesteigungen bis zu Strandausfl\u00fcgen.<\/p>\n<p><span style=\"color: #993366;\"><a style=\"color: #993366;\" href=\"https:\/\/litepack.ch\/en\/vril-wings\/\"><strong>Mehr Infos zu Vril findest du hier<\/strong><\/a><\/span><\/p>\n<h2><strong>Technische Daten<\/strong><\/h2>\n<p>&nbsp;<\/p>\n<table class=\"styled-table\">\n<thead>\n<tr>\n<th>\n<p class=\"p1\"><b>Eigenschaft<\/b><\/p>\n<\/th>\n<th>\n<p class=\"p1\"><b>12<\/b><\/p>\n<\/th>\n<th>\n<p class=\"p1\"><b>14<\/b><\/p>\n<\/th>\n<th>\n<p class=\"p1\"><b>16<\/b><\/p>\n<\/th>\n<\/tr>\n<\/thead>\n<tbody>\n<tr>\n<td>\n<p class=\"p1\"><b>Zellen<\/b><\/p>\n<\/td>\n<td>\n<p class=\"p1\">25<\/p>\n<\/td>\n<td>\n<p class=\"p1\">25<\/p>\n<\/td>\n<td>\n<p class=\"p1\">25<\/p>\n<\/td>\n<\/tr>\n<tr>\n<td>\n<p class=\"p1\"><b>Fl\u00e4che (m\u00b2)<\/b><\/p>\n<\/td>\n<td>\n<p class=\"p1\">12<\/p>\n<\/td>\n<td>\n<p class=\"p1\">14<\/p>\n<\/td>\n<td>\n<p class=\"p1\">16<\/p>\n<\/td>\n<\/tr>\n<tr>\n<td>\n<p class=\"p1\"><b>Spannweite (m)<\/b><\/p>\n<\/td>\n<td>\n<p class=\"p1\">8,12<\/p>\n<\/td>\n<td>\n<p class=\"p1\">8,77<\/p>\n<\/td>\n<td>\n<p class=\"p1\">9,38<\/p>\n<\/td>\n<\/tr>\n<tr>\n<td>\n<p class=\"p1\"><b>Seitenverh\u00e4ltnis<\/b><\/p>\n<\/td>\n<td>\n<p class=\"p1\">5,50<\/p>\n<\/td>\n<td>\n<p class=\"p1\">5,50<\/p>\n<\/td>\n<td>\n<p class=\"p1\">5,50<\/p>\n<\/td>\n<\/tr>\n<tr>\n<td>\n<p class=\"p1\"><b>Proj. Fl\u00e4che (m\u00b2)<\/b><\/p>\n<\/td>\n<td>\n<p class=\"p1\">10,04<\/p>\n<\/td>\n<td>\n<p class=\"p1\">11,71<\/p>\n<\/td>\n<td>\n<p class=\"p1\">13,39<\/p>\n<\/td>\n<\/tr>\n<tr>\n<td>\n<p class=\"p1\"><b>Proj. Spannweite (m)<\/b><\/p>\n<\/td>\n<td>\n<p class=\"p1\">6,35<\/p>\n<\/td>\n<td>\n<p class=\"p1\">6,86<\/p>\n<\/td>\n<td>\n<p class=\"p1\">7,34<\/p>\n<\/td>\n<\/tr>\n<tr>\n<td>\n<p class=\"p1\"><b>Proj. a\/r<\/b><\/p>\n<\/td>\n<td>\n<p class=\"p1\">4,02<\/p>\n<\/td>\n<td>\n<p class=\"p1\">4,02<\/p>\n<\/td>\n<td>\n<p class=\"p1\">4,02<\/p>\n<\/td>\n<\/tr>\n<tr>\n<td>\n<p class=\"p1\"><b>Profiltiefe Mitte (m)<\/b><\/p>\n<\/td>\n<td>\n<p class=\"p1\">1,81<\/p>\n<\/td>\n<td>\n<p class=\"p1\">1,95<\/p>\n<\/td>\n<td>\n<p class=\"p1\">2,09<\/p>\n<\/td>\n<\/tr>\n<tr>\n<td>\n<p class=\"p1\"><b>Profiltiefe Tip (m)<\/b><\/p>\n<\/td>\n<td>\n<p class=\"p1\">0,36<\/p>\n<\/td>\n<td>\n<p class=\"p1\">0,39<\/p>\n<\/td>\n<td>\n<p class=\"p1\">0,42<\/p>\n<\/td>\n<\/tr>\n<tr>\n<td>\n<p class=\"p1\"><b>Startgewicht (kg)<\/b><\/p>\n<\/td>\n<td>\n<p class=\"p1\">45\u2013104<\/p>\n<\/td>\n<td>\n<p class=\"p1\">45\u2013104<\/p>\n<\/td>\n<td>\n<p class=\"p1\">45\u2013104<\/p>\n<\/td>\n<\/tr>\n<tr>\n<td>\n<p class=\"p1\"><b>Gewicht (kg)<\/b><\/p>\n<\/td>\n<td>\n<p class=\"p1\">1,1 Kg<\/p>\n<\/td>\n<td>\n<p class=\"p1\">1,2 Kg<\/p>\n<\/td>\n<td>\n<p class=\"p1\">1,3 Kg<\/p>\n<\/td>\n<\/tr>\n<\/tbody>\n<\/table>\n<p>Mit einem Gewicht von nur 1,1 bis 1,3 kg ist der VRILONE einer der leichtesten Gleitschirme der Welt. Seine extreme Leichtigkeit und sein ultrakompaktes Format machen ihn zum perfekten Begleiter f\u00fcr alle deine Abenteuer, egal ob Bergsteigen, Skitouren oder mit Handgep\u00e4ck reisen. Der VRILONE gibt dir die Freiheit, deinen Gleitschirm \u00fcberall hin mitzunehmen, ohne durch Gewicht oder Gr\u00f6\u00dfe eingeschr\u00e4nkt zu sein.<\/p>\n<h2><strong>Gewichtsbereich<\/strong><\/h2>\n<p>Alle VRILONE-Schirme haben einen Gewichtsbereich von 45-105 kg. Das bedeutet, dass unsere Schirme f\u00fcr eine Vielzahl von Piloten geeignet sind, vom leichtgewichtigen Anf\u00e4nger bis zum erfahrenen Piloten, der einen Hochleistungsschirm sucht.<\/p>\n<p>F\u00fcr Piloten, die mehr Geschwindigkeit und dynamisches Fliegen suchen, empfehlen wir kleinere Gr\u00f6\u00dfen mit h\u00f6herer Fl\u00e4chenbelastung zu fliegen. F\u00fcr schwerere Piloten oder diejenigen, die ein entspanntes Flugerlebnis bevorzugen, empfehlen wir eine der gr\u00f6\u00dferen Gr\u00f6\u00dfen zu w\u00e4hlen. Unser Gr\u00f6\u00dfensortiment bietet f\u00fcr jeden Piloten die passende Gr\u00f6\u00dfe, so dass du den idealen VRILONE f\u00fcr deinen Flugstil und deine Vorlieben findest.<\/p>\n<h2>Sicherheit<\/h2>\n<p>Unsere Schirme wurden mit Blick auf Sicherheit und Benutzerfreundlichkeit entwickelt. So dass du mit Vertrauen fliegen und die ultimative Erfahrung in deinem Abenteuer geniessen kannst. Ab 12m2 bietet der VrilOne schnellen und dynamischen Spass in einem Paket von nur 1.1 kg. Wenn du ein erfahrener Para-Alpinist oder ein enthusiastischer Hike&amp;Fly Pilot bist, dann wird dir die Kombination von Speedwing-Feeling und der Gleitleistung eines Gleitschirms gut gefallen.<\/p>\n<p>Die Leinen sind ummantelt und verheddern dadurch so gut wie nie. Das macht den Schirm zu einem sicheren Starter in allen Lagen. Das Startverhalten des Schirms erlaubt kurze Anlaufstrecken. Mit Aufwind findest du den Schirm mit einem Schritt \u00fcber dir. Ohne Wind kannst du 2-3 Schritte ben\u00f6tigen um den Schirm aufzuziehen. R\u00fcckendwind-Starts sind kein Problem mit dem VrilOne.<\/p>\n<p>Der Schirm verf\u00fcgt \u00fcber eingen\u00e4hte Metall-Pins, die es erlauben den Schirm auch bei R\u00fcckenwind auszulegen und zu befestigen.<\/p>\n<h2>Landing Booster<\/h2>\n<p>Der Landing Booster ist ein revolution\u00e4res Zubeh\u00f6r, das das Landeverhalten des Gleitschirms verbessert. Durch das Anbringen einer Verbindungsleine an der Hauptbremsleine und deren Aktivierung bei ca. 30% des Bremsweges werden auch die E-, D- und C-Ebenen der Kappe aktiviert, was zu einer vergr\u00f6\u00dferten Fl\u00e4che und einem verbesserten Landeverhalten f\u00fchrt.<\/p>\n<p>Der Landing Booster verl\u00e4ngert nicht nur den Bremsweg, sondern verz\u00f6gert auch das Einsetzen der Str\u00f6mungsabl\u00f6sung, was zu sanfteren und sichereren Landungen f\u00fchrt. Diese Technik kann w\u00e4hrend des Fluges ge\u00fcbt werden, indem die Kappe aus voller Fahrt bis zum Ziehen der C-Leine angezogen wird, wobei das Vario zur \u00dcberwachung des Steigflugs beobachtet wird.<\/p>\n<p>Mit dem Landing Booster ist es einfacher, in schwierigen Situationen zu landen, sogar bei Leewindbedingungen. Durch Anheben der H\u00e4nde und anschlie\u00dfendes Tiefbremsen, bis alle BOOSTER-Stufen aktiviert sind, kannst eine saubere und sichere Landung garantieren.<\/p>\n<h2>Wide-cell Technologie<\/h2>\n<p>Erlebe die Vorteile einer Kappe mit verbesserter Leistung und besserem Handling bei allen Windverh\u00e4ltnissen mit unserem Widened Cell Design. Indem wir die Breite unserer Zellen um 30 % vergr\u00f6ssert haben, konnten wir die Befestigungspunkte, die Leinenl\u00e4ngen und den Leinenwiderstand um den gleichen Betrag reduzieren. Dies f\u00fchrt zu einer verbesserten Gleitleistung und einem besseren Handling der Kappe bei Gegenwind. Dank der verbreiterten Zellen kann die Kappe viel besser gegen den Wind fliegen und bietet mehr Stabilit\u00e4t und Kontrolle bei schwierigen Bedingungen.<\/p>\n<h2>Leistung und Gegenwindflug<\/h2>\n<p>Zus\u00e4tzlich zu den optimierten Leinenl\u00e4ngen, die sich aus unserem breiteren Zellendesign und dem schmaleren Profil ergeben, glauben wir, dass eine h\u00f6here Streckung und Fl\u00e4chenbelastung die Gleitleistung von kleinen Single-Skins deutlich verbessern kann. Jeder der einen VRILONE testet oder besitzt, ist herzlich eingeladen, seine Leistung mit gr\u00f6\u00dferen Doppel- oder Single-Skins zu vergleichen.<\/p>\n<p>Die etwas h\u00f6here Trimmgeschwindigkeit des Schirms und die oben genannten Konstruktionsmerkmale erm\u00f6glichen es, dass der Schirm auch bei hohen Windgeschwindigkeiten stabil weiterfliegt und sich die Gleitzahl nur minimal verringert. Dieser positive Effekt macht sich auch beim Soaren bemerkbar.<\/p>\n<p>Der Trimm Speed des Schirms liegt bei knapp 50 Km\/h<\/p>\n<h2>Test fliegen<\/h2>\n<p>Melde dich bei uns f\u00fcr einen Testflug oder sonstige Informationen zu Vril Gleitschirmen<\/p>\n<p><a href=\"https:\/\/litepack.ch\/wp-content\/uploads\/2025\/04\/VRILONE-Handbuch-ger.pdf\" target=\"_blank\" rel=\"noopener\"><strong>Handbuch Deutsch<\/strong><\/a><br \/>\n<a href=\"https:\/\/litepack.ch\/wp-content\/uploads\/2025\/11\/VRILONE-Manual-engl.-1.pdf\" target=\"_blank\" rel=\"noopener\"><strong>Manual English<\/strong><\/a><\/p>","protected":false},"excerpt":{"rendered":"<p>VrilOne VRILONE &#8211; der Fl\u00fcgel, der das Fliegen auf ein neues Level bringt! Mit unserer Leidenschaft f\u00fcr das Fliegen und<\/p>","protected":false},"featured_media":40472,"comment_status":"open","ping_status":"closed","template":"","meta":[],"product_brand":[330],"product_cat":[329],"product_tag":[],"class_list":{"0":"post-38022","1":"product","2":"type-product","3":"status-publish","4":"has-post-thumbnail","6":"product_brand-vril","7":"product_cat-gleitschirme","8":"pa_hersteller-vril","10":"first","11":"instock","12":"taxable","13":"shipping-taxable","14":"purchasable","15":"product-type-variable"},"_links":{"self":[{"href":"https:\/\/litepack.ch\/en\/wp-json\/wp\/v2\/product\/38022","targetHints":{"allow":["GET"]}}],"collection":[{"href":"https:\/\/litepack.ch\/en\/wp-json\/wp\/v2\/product"}],"about":[{"href":"https:\/\/litepack.ch\/en\/wp-json\/wp\/v2\/types\/product"}],"replies":[{"embeddable":true,"href":"https:\/\/litepack.ch\/en\/wp-json\/wp\/v2\/comments?post=38022"}],"wp:featuredmedia":[{"embeddable":true,"href":"https:\/\/litepack.ch\/en\/wp-json\/wp\/v2\/media\/40472"}],"wp:attachment":[{"href":"https:\/\/litepack.ch\/en\/wp-json\/wp\/v2\/media?parent=38022"}],"wp:term":[{"taxonomy":"product_brand","embeddable":true,"href":"https:\/\/litepack.ch\/en\/wp-json\/wp\/v2\/product_brand?post=38022"},{"taxonomy":"product_cat","embeddable":true,"href":"https:\/\/litepack.ch\/en\/wp-json\/wp\/v2\/product_cat?post=38022"},{"taxonomy":"product_tag","embeddable":true,"href":"https:\/\/litepack.ch\/en\/wp-json\/wp\/v2\/product_tag?post=38022"}],"curies":[{"name":"wp","href":"https:\/\/api.w.org\/{rel}","templated":true}]}}