{"id":37983,"date":"2025-04-12T07:45:18","date_gmt":"2025-04-12T06:45:18","guid":{"rendered":"https:\/\/litepack.ch\/?post_type=product&#038;p=37983"},"modified":"2026-02-16T08:16:09","modified_gmt":"2026-02-16T07:16:09","slug":"zpacks-octa-fleece-camphosen","status":"publish","type":"product","link":"https:\/\/litepack.ch\/en\/product\/zpacks-octa-fleece-camphosen\/","title":{"rendered":"Zpacks Octa Fleece Camphosen"},"content":{"rendered":"<p>Die ultraleichte <a href=\"https:\/\/litepack.ch\/en\/material-zpacks\/\" data-internallinksmanager029f6b8e52c=\"1\" title=\"Material Zpacks\">Octa<\/a>\u00ae Camp Pants wurde f\u00fcr die Vielseitigkeit im Freien entwickelt und besteht aus <a href=\"https:\/\/litepack.ch\/en\/material-zpacks\/\" data-internallinksmanager029f6b8e52c=\"1\" title=\"Material Zpacks\">Octa<\/a>\u00ae-Fleece, das Strapazierf\u00e4higkeit, Atmungsaktivit\u00e4t und ein hervorragendes W\u00e4rme-Gewichts-Verh\u00e4ltnis bietet. Sie eignet sich hervorragend als Schlafhose, aber auch als Basisschicht unter Backpacking-Hosen oder Shorts.<\/p>\n<p>Die weiche, kuschelige Innenseite sorgt f\u00fcr ganzt\u00e4gigen Komfort, w\u00e4hrend das taillierte Design und der Zwickel im Schritt f\u00fcr eine stromlinienf\u00f6rmige Passform sorgen, die sich leicht unter Hosen oder Wandershorts tragen l\u00e4sst. In den tiefen Fronttaschen haben Sie Ihre wichtigsten Utensilien immer griffbereit, egal ob Sie auf dem Trail oder im Camp unterwegs sind.<\/p>\n<p>Ob an einem frischen Morgen im Camp oder an einem k\u00fchlen Abend am Feuer &#8211; diese Hose h\u00e4lt Sie warm, ohne Sie zu beschweren.<\/p>\n<ul>\n<li>Unser <a href=\"https:\/\/litepack.ch\/en\/material-zpacks\/\" data-internallinksmanager029f6b8e52c=\"1\" title=\"Material Zpacks\">Octa<\/a>\u00ae-Fleece (2,35 oz\/qd) bietet au\u00dfergew\u00f6hnliche W\u00e4rme bei einem unglaublich geringen Gewicht und ist damit eine fortschrittliche Alternative zu herk\u00f6mmlichem Fleece. Es eignet sich hervorragend als aktive Isolierung und ist in einem Temperaturbereich von 0\u00b0C (30F) bis 20\u00b0C (60F) in Bewegung.<\/li>\n<li>Die Innenseite des <a href=\"https:\/\/litepack.ch\/en\/material-zpacks\/\" data-internallinksmanager029f6b8e52c=\"1\" title=\"Material Zpacks\">Octa<\/a>\u00ae bietet eine flauschige, geb\u00fcrstete Oberfl\u00e4che, die Luft einschlie\u00dft und Sie angenehm warm h\u00e4lt.<\/li>\n<li>Die Au\u00dfenseite aus Mesh ist extrem abriebfest und damit widerstandsf\u00e4higer als andere ultraleichte Fleecevarianten. Au\u00dferdem sammelt sich kein Schmutz an wie bei anderen Fleece-Stoffen, die auf der Au\u00dfenseite flauschig sind.<\/li>\n<li>Ein minimalistisches, elastisches Taillenband bietet eine bequeme Passform f\u00fcr eine Reihe von Taillengr\u00f6\u00dfen.<\/li>\n<li>Das Taillenband ist mit einem Kordelzug ausgestattet, mit dem Sie die Passform enger ziehen k\u00f6nnen, wenn Sie auf dem Trail abnehmen.<\/li>\n<li>Eine R\u00fcckenpasse sorgt daf\u00fcr, dass sich die Hose beim B\u00fccken oder in der Hocke bewegen und dehnen kann.<\/li>\n<li>Der Zwickel im Schritt verbessert die Bewegungsfreiheit und verhindert eine Einschr\u00e4nkung beim \u00dcberwinden hoher Hindernisse.<\/li>\n<li>In den tiefen Taschen auf der Vorderseite k\u00f6nnen Sie bequem Gegenst\u00e4nde wie Ihr Handy oder Ihre Sonnenbrille verstauen, ohne sich Sorgen machen zu m\u00fcssen, dass sie herausfallen, wenn Sie sich am Lagerfeuer hinsetzen.<\/li>\n<li>L\u00e4sst sich gut mit unserem <a href=\"https:\/\/litepack.ch\/en\/material-zpacks\/\" data-internallinksmanager029f6b8e52c=\"1\" title=\"Material Zpacks\">Octa<\/a> Fleece Hoody und <a href=\"https:\/\/litepack.ch\/en\/material-zpacks\/\" data-internallinksmanager029f6b8e52c=\"1\" title=\"Material Zpacks\">Octa<\/a> Fleece Hat als Schlafschicht kombinieren.<\/li>\n<\/ul>\n<p>&nbsp;<\/p>","protected":false},"excerpt":{"rendered":"<p>Die ultraleichte Octa\u00ae Camp Pants wurde f\u00fcr die Vielseitigkeit im Freien entwickelt und besteht aus Octa\u00ae-Fleece, das Strapazierf\u00e4higkeit, Atmungsaktivit\u00e4t und<\/p>","protected":false},"featured_media":38013,"comment_status":"open","ping_status":"closed","template":"","meta":[],"product_brand":[220],"product_cat":[190],"product_tag":[],"class_list":{"0":"post-37983","1":"product","2":"type-product","3":"status-publish","4":"has-post-thumbnail","6":"product_brand-zpacks","7":"product_cat-kleidung","8":"pa_hersteller-zpacks","10":"first","11":"instock","12":"taxable","13":"shipping-taxable","14":"purchasable","15":"product-type-variable"},"_links":{"self":[{"href":"https:\/\/litepack.ch\/en\/wp-json\/wp\/v2\/product\/37983","targetHints":{"allow":["GET"]}}],"collection":[{"href":"https:\/\/litepack.ch\/en\/wp-json\/wp\/v2\/product"}],"about":[{"href":"https:\/\/litepack.ch\/en\/wp-json\/wp\/v2\/types\/product"}],"replies":[{"embeddable":true,"href":"https:\/\/litepack.ch\/en\/wp-json\/wp\/v2\/comments?post=37983"}],"wp:featuredmedia":[{"embeddable":true,"href":"https:\/\/litepack.ch\/en\/wp-json\/wp\/v2\/media\/38013"}],"wp:attachment":[{"href":"https:\/\/litepack.ch\/en\/wp-json\/wp\/v2\/media?parent=37983"}],"wp:term":[{"taxonomy":"product_brand","embeddable":true,"href":"https:\/\/litepack.ch\/en\/wp-json\/wp\/v2\/product_brand?post=37983"},{"taxonomy":"product_cat","embeddable":true,"href":"https:\/\/litepack.ch\/en\/wp-json\/wp\/v2\/product_cat?post=37983"},{"taxonomy":"product_tag","embeddable":true,"href":"https:\/\/litepack.ch\/en\/wp-json\/wp\/v2\/product_tag?post=37983"}],"curies":[{"name":"wp","href":"https:\/\/api.w.org\/{rel}","templated":true}]}}