{"id":37882,"date":"2025-04-07T11:49:13","date_gmt":"2025-04-07T10:49:13","guid":{"rendered":"https:\/\/litepack.ch\/?post_type=product&#038;p=37882"},"modified":"2025-10-02T09:42:19","modified_gmt":"2025-10-02T08:42:19","slug":"zpacks-kopfkissen","status":"publish","type":"product","link":"https:\/\/litepack.ch\/en\/product\/zpacks-kopfkissen\/","title":{"rendered":"Zpacks Kopfkissen"},"content":{"rendered":"<p>Wenn du so ultraleicht geworden bist, dass du alle deine Kleidungsschichten im Bett tr\u00e4gst, aber trotzdem einen bequemen Platz zum Ausruhen deines Kopfes m\u00f6chtest, ist das <a href=\"\/en\/hersteller\/zpacks\/\" data-internallinksmanager029f6b8e52c=\"2\" title=\"Zpacks\">Zpacks<\/a> Comfy Camp Pillow die L\u00f6sung!<\/p>\n<p>Dieses Camp-Kissen hat ein ultraweiches <a href=\"https:\/\/litepack.ch\/en\/material-zpacks\/\" data-internallinksmanager029f6b8e52c=\"1\" title=\"Material Zpacks\">Octa<\/a>\u00ae-Fleece, das sich an Ihr Gesicht anschmiegt, und ist mit sechs Lagen Climashield Apex-Isolierung gef\u00fcllt, um ihm einen elastischen Loft zu verleihen. Die Isolierung kann abgenommen oder mit anderen Ausr\u00fcstungsgegenst\u00e4nden wie einer Daunenhaube und F\u00fc\u00dflingen erg\u00e4nzt werden.<\/p>\n<p>Elastische B\u00e4nder auf der R\u00fcckseite erm\u00f6glichen die Befestigung an einem Packsack, einem Trockenbeutel oder einem aufblasbaren Kissen, um dem Kopf zus\u00e4tzlichen Auftrieb zu geben. Ein verstellbares Gummiband sichert das Kissen an der Schlafunterlage, damit es nicht verrutscht.<\/p>\n<p>Das Kissen l\u00e4sst sich auf die Gr\u00f6\u00dfe einer Getr\u00e4nkedose zusammenfalten und zusammenrollen und bleibt mit dem Kordelzugband komprimiert, um das Packma\u00df auf ein Minimum zu beschr\u00e4nken.<\/p>\n<ul>\n<li>Die Oberseite des Kissens besteht aus weichem und komfortablem <a href=\"https:\/\/litepack.ch\/en\/material-zpacks\/\" data-internallinksmanager029f6b8e52c=\"1\" title=\"Material Zpacks\">Octa<\/a>\u00ae Fleece (2,35 oz\/qd), die Unterseite aus <a href=\"https:\/\/litepack.ch\/en\/material-zpacks\/\" data-internallinksmanager029f6b8e52c=\"1\" title=\"Material Zpacks\">Ventum<\/a> Ripstop Nylon (0,51 oz\/qd). Die Materialien enthalten keine sch\u00e4dlichen Chemikalien wie <a href=\"https:\/\/litepack.ch\/en\/pfas-chemikalien\/\" data-internallinksmanager029f6b8e52c=\"4\" title=\"PFAS Free\">PFAS<\/a> oder flammhemmende Mittel.<\/li>\n<li>Gef\u00fcllt mit 6 Lagen Climashield Apex Endlosfilament-Isolierung, die f\u00fcr eine komfortable, elastische Polsterung w\u00e4hrend des Schlafs sorgt. Die Isolierung kann durch Ausr\u00fcstungsgegenst\u00e4nde wie eine Daunenhaube oder Daunenschlafs\u00e4cke erg\u00e4nzt oder ersetzt werden.<\/li>\n<li>Ein integriertes, verstellbares Schockband fixiert das Kissen an der Schlafunterlage und verhindert, dass es w\u00e4hrend der Nacht verrutscht.<\/li>\n<li>Zwei flache, elastische B\u00e4nder auf der R\u00fcckseite erm\u00f6glichen es Ihnen, Ihren Kopf hochzulegen, indem Sie das Campingkissen an einem Packsack, einem Trockensack oder sogar an unserem aufblasbaren Kissen oder an Ihrer Sitzunterlage befestigen. Unsere mittelgro\u00dfen oder mittelgro\u00dfen und gr\u00f6\u00dferen Taschen sind gut geeignet.<\/li>\n<li>Eine Rei\u00dfverschluss\u00f6ffnung an der Unterseite des Kissens erm\u00f6glicht es Ihnen, die Polsterung des Kissens leicht hinzuzuf\u00fcgen, zu entfernen oder zu ersetzen. Entfernen Sie die Isolierung, wenn Sie den Kissenbezug waschen. Der Kissenbezug kann in der Maschine gewaschen und getrocknet werden.<\/li>\n<li>L\u00e4sst sich auf die Gr\u00f6\u00dfe einer Getr\u00e4nkedose zusammenpacken. Falten Sie es der L\u00e4nge nach in der Mitte, rollen Sie es zusammen und befestigen Sie es mit dem Kordelband.<\/li>\n<\/ul>","protected":false},"excerpt":{"rendered":"<p>Wenn du so ultraleicht geworden bist, dass du alle deine Kleidungsschichten im Bett tr\u00e4gst, aber trotzdem einen bequemen Platz zum<\/p>","protected":false},"featured_media":37894,"comment_status":"open","ping_status":"closed","template":"","meta":[],"product_brand":[220],"product_cat":[292,191],"product_tag":[],"class_list":{"0":"post-37882","1":"product","2":"type-product","3":"status-publish","4":"has-post-thumbnail","6":"product_brand-zpacks","7":"product_cat-schlaf-zubehoer","8":"product_cat-zubehoer","9":"pa_hersteller-zpacks","11":"first","12":"instock","13":"taxable","14":"shipping-taxable","15":"purchasable","16":"product-type-simple"},"_links":{"self":[{"href":"https:\/\/litepack.ch\/en\/wp-json\/wp\/v2\/product\/37882","targetHints":{"allow":["GET"]}}],"collection":[{"href":"https:\/\/litepack.ch\/en\/wp-json\/wp\/v2\/product"}],"about":[{"href":"https:\/\/litepack.ch\/en\/wp-json\/wp\/v2\/types\/product"}],"replies":[{"embeddable":true,"href":"https:\/\/litepack.ch\/en\/wp-json\/wp\/v2\/comments?post=37882"}],"wp:featuredmedia":[{"embeddable":true,"href":"https:\/\/litepack.ch\/en\/wp-json\/wp\/v2\/media\/37894"}],"wp:attachment":[{"href":"https:\/\/litepack.ch\/en\/wp-json\/wp\/v2\/media?parent=37882"}],"wp:term":[{"taxonomy":"product_brand","embeddable":true,"href":"https:\/\/litepack.ch\/en\/wp-json\/wp\/v2\/product_brand?post=37882"},{"taxonomy":"product_cat","embeddable":true,"href":"https:\/\/litepack.ch\/en\/wp-json\/wp\/v2\/product_cat?post=37882"},{"taxonomy":"product_tag","embeddable":true,"href":"https:\/\/litepack.ch\/en\/wp-json\/wp\/v2\/product_tag?post=37882"}],"curies":[{"name":"wp","href":"https:\/\/api.w.org\/{rel}","templated":true}]}}