{"id":37779,"date":"2025-03-25T16:55:29","date_gmt":"2025-03-25T15:55:29","guid":{"rendered":"http:\/\/litepack.ch\/?post_type=product&#038;p=37779"},"modified":"2026-03-26T20:20:07","modified_gmt":"2026-03-26T19:20:07","slug":"zpacks-merino-t-shirt","status":"publish","type":"product","link":"https:\/\/litepack.ch\/en\/product\/zpacks-merino-t-shirt\/","title":{"rendered":"Zpacks Merino T-Shirt"},"content":{"rendered":"<p>Unser ultraleichtes Trail Cool T-Shirt aus Merinowolle ist bequem und f\u00fchlt sich superweich an. Unterw\u00e4sche aus Merinowolle ist ideal f\u00fcr <a href=\"https:\/\/litepack.ch\/en\/pilgerreisen\/\" data-internallinksmanager029f6b8e52c=\"6\" title=\"Pilgerreisen\">Wanderungen<\/a>, Rucksacktouren, Trailrunning und andere Outdoor-Abenteuer. Die nat\u00fcrliche F\u00e4higkeit der Wolle, Feuchtigkeit und Geruch zu regulieren, tr\u00e4gt dazu bei, dass Sie sich bei jedem Schritt auf dem Trail wohl f\u00fchlen.<\/p>\n<ul>\n<li>Eine superbequeme Basisschicht f\u00fcr Outdoor-Abenteuer.<\/li>\n<li>Unser ultraleichtes 3,83 oz\/qd Trail Cool Merinowollgewebe ist sehr atmungsaktiv, aber immer noch dick genug, um auf dem Trail oder im Gel\u00e4nde kilometerlange Haltbarkeit zu bieten.<\/li>\n<li>Das Material ist dehnbar und passt sich bequem den Bewegungen Ihres K\u00f6rpers an.<\/li>\n<li>Die Raglan-\u00c4rmel bieten eine hervorragende Bewegungsfreiheit und verhindern, dass die obere Schulternaht an den Rucksacktr\u00e4gern reibt.<\/li>\n<li>Die Gr\u00f6\u00dfen sind US-M\u00e4nnergr\u00f6\u00dfen, aber die athletische Passform und das dehnbare Material eignen sich auch f\u00fcr Frauen.<\/li>\n<li>Das Shirt besteht aus einer 95%igen Merinowollmischung und ist weich und glatt auf der Haut, ohne zu jucken oder durchsichtig zu sein.<\/li>\n<li>Wolle h\u00e4lt warm, wenn sie nass ist, und hilft bei warmem Wetter bei der Temperaturregulierung.<\/li>\n<li>Merino ist einzigartig, da es Ger\u00fcche absorbiert und unangenehme Ger\u00fcche reduziert.<\/li>\n<li>Dieses Kleidungsst\u00fcck ist absichtlich lang geschnitten. Rechnen Sie damit, dass die Wolle ein paar Zentimeter in der L\u00e4nge schrumpft, wenn sie mit normaler W\u00e4sche gewaschen und getrocknet wird. Trocknen Sie es auf der Leine, um die urspr\u00fcngliche Gr\u00f6\u00dfe zu erhalten.<\/li>\n<\/ul>","protected":false},"excerpt":{"rendered":"<p>Unser ultraleichtes Trail Cool T-Shirt aus Merinowolle ist bequem und f\u00fchlt sich superweich an. Unterw\u00e4sche aus Merinowolle ist ideal f\u00fcr<\/p>","protected":false},"featured_media":37795,"comment_status":"open","ping_status":"closed","template":"","meta":[],"product_brand":[220],"product_cat":[190],"product_tag":[],"class_list":{"0":"post-37779","1":"product","2":"type-product","3":"status-publish","4":"has-post-thumbnail","6":"product_brand-zpacks","7":"product_cat-kleidung","8":"pa_hersteller-zpacks","10":"first","11":"outofstock","12":"taxable","13":"shipping-taxable","14":"purchasable","15":"product-type-variable"},"_links":{"self":[{"href":"https:\/\/litepack.ch\/en\/wp-json\/wp\/v2\/product\/37779","targetHints":{"allow":["GET"]}}],"collection":[{"href":"https:\/\/litepack.ch\/en\/wp-json\/wp\/v2\/product"}],"about":[{"href":"https:\/\/litepack.ch\/en\/wp-json\/wp\/v2\/types\/product"}],"replies":[{"embeddable":true,"href":"https:\/\/litepack.ch\/en\/wp-json\/wp\/v2\/comments?post=37779"}],"wp:featuredmedia":[{"embeddable":true,"href":"https:\/\/litepack.ch\/en\/wp-json\/wp\/v2\/media\/37795"}],"wp:attachment":[{"href":"https:\/\/litepack.ch\/en\/wp-json\/wp\/v2\/media?parent=37779"}],"wp:term":[{"taxonomy":"product_brand","embeddable":true,"href":"https:\/\/litepack.ch\/en\/wp-json\/wp\/v2\/product_brand?post=37779"},{"taxonomy":"product_cat","embeddable":true,"href":"https:\/\/litepack.ch\/en\/wp-json\/wp\/v2\/product_cat?post=37779"},{"taxonomy":"product_tag","embeddable":true,"href":"https:\/\/litepack.ch\/en\/wp-json\/wp\/v2\/product_tag?post=37779"}],"curies":[{"name":"wp","href":"https:\/\/api.w.org\/{rel}","templated":true}]}}