{"id":37700,"date":"2025-03-22T15:11:17","date_gmt":"2025-03-22T14:11:17","guid":{"rendered":"http:\/\/litepack.ch\/?post_type=product&#038;p=37700"},"modified":"2026-03-21T22:32:14","modified_gmt":"2026-03-21T21:32:14","slug":"zpacks-vertice-regenjacke-women","status":"publish","type":"product","link":"https:\/\/litepack.ch\/en\/product\/zpacks-vertice-regenjacke-women\/","title":{"rendered":"Zpacks Vertice Regenjacke (Women)"},"content":{"rendered":"<ul>\n<li>Unser wasserdichtes, atmungsaktives <a href=\"https:\/\/litepack.ch\/en\/material-zpacks\/\" data-internallinksmanager029f6b8e52c=\"1\" title=\"Material Zpacks\">Vertice<\/a>-Gewebe (1,50 oz\/qd) bietet eine unglaubliche Atmungsaktivit\u00e4t, die die meisten anderen Regenkleidungsteile in den Schatten stellt.<\/li>\n<li>Behandelt mit langlebigem, effektivem C6-Wasserabweiser. Hergestellt mit <a href=\"https:\/\/litepack.ch\/en\/pfas-chemikalien\/\" data-internallinksmanager029f6b8e52c=\"4\" title=\"PFAS Free\">PFAS<\/a>-Chemikalien.<\/li>\n<li>Durchgehender wasserdichter Frontrei\u00dfverschluss mit Regenschutz f\u00fcr zus\u00e4tzlichen Schutz.<\/li>\n<li>Vollst\u00e4ndig versiegelte N\u00e4hte<\/li>\n<li>Verstellbarer Gummizug an den Handgelenken und an der Kapuze, der sich mit einer Hand festziehen oder lockern l\u00e4sst.<\/li>\n<li>Gummizug am Saum, um Zugluft abzudichten.<\/li>\n<li>Angeschnittene Kapuze mit Visier; Riemen auf der R\u00fcckseite der Kapuze erm\u00f6glicht vertikale Einstellungen.<\/li>\n<li>Die Kapuze eignet sich f\u00fcr Kletter-, Ski-, Snowboard- oder Fahrradhelme.<\/li>\n<li>Die Brusttasche ist so positioniert, dass sie beim Tragen eines Rucksacks leicht zug\u00e4nglich ist.<\/li>\n<li>Die Brusttasche kann umgedreht werden und ist gro\u00df genug, um die <a href=\"https:\/\/litepack.ch\/en\/material-zpacks\/\" data-internallinksmanager029f6b8e52c=\"1\" title=\"Material Zpacks\">Vertice<\/a>-Jacke, Hose und Handschuhe zusammen zu verstauen.<br \/>\nWasserdichte Rei\u00dfverschl\u00fcsse an den Achseln sorgen f\u00fcr Bel\u00fcftung.<\/li>\n<li>Bequeme K\u00f6rperl\u00e4nge und \u00c4rmell\u00e4nge f\u00fcr guten Regenschutz \u00fcber mehreren Schichten.<\/li>\n<li>Kombinieren Sie diese Jacke mit einem <a href=\"https:\/\/litepack.ch\/en\/material-zpacks\/\" data-internallinksmanager029f6b8e52c=\"1\" title=\"Material Zpacks\">Vertice<\/a> Rain Kilt oder einem Paar passender Hosen und Handschuhe f\u00fcr einen superleichten Regenanzug!<\/li>\n<\/ul>\n<p><iframe title=\"Zpacks Women&#039;s Vertice Rain Jacket | Overview\" width=\"500\" height=\"281\" src=\"https:\/\/www.youtube.com\/embed\/fv-lLlPlYKc?feature=oembed\" frameborder=\"0\" allow=\"accelerometer; autoplay; clipboard-write; encrypted-media; gyroscope; picture-in-picture; web-share\" referrerpolicy=\"strict-origin-when-cross-origin\" allowfullscreen><\/iframe><\/p>","protected":false},"excerpt":{"rendered":"<p>Unser wasserdichtes, atmungsaktives Vertice-Gewebe (1,50 oz\/qd) bietet eine unglaubliche Atmungsaktivit\u00e4t, die die meisten anderen Regenkleidungsteile in den Schatten stellt. Behandelt<\/p>","protected":false},"featured_media":37733,"comment_status":"open","ping_status":"closed","template":"","meta":[],"product_brand":[220],"product_cat":[190],"product_tag":[],"class_list":{"0":"post-37700","1":"product","2":"type-product","3":"status-publish","4":"has-post-thumbnail","6":"product_brand-zpacks","7":"product_cat-kleidung","8":"pa_hersteller-zpacks","10":"first","11":"instock","12":"taxable","13":"shipping-taxable","14":"purchasable","15":"product-type-variable"},"_links":{"self":[{"href":"https:\/\/litepack.ch\/en\/wp-json\/wp\/v2\/product\/37700","targetHints":{"allow":["GET"]}}],"collection":[{"href":"https:\/\/litepack.ch\/en\/wp-json\/wp\/v2\/product"}],"about":[{"href":"https:\/\/litepack.ch\/en\/wp-json\/wp\/v2\/types\/product"}],"replies":[{"embeddable":true,"href":"https:\/\/litepack.ch\/en\/wp-json\/wp\/v2\/comments?post=37700"}],"wp:featuredmedia":[{"embeddable":true,"href":"https:\/\/litepack.ch\/en\/wp-json\/wp\/v2\/media\/37733"}],"wp:attachment":[{"href":"https:\/\/litepack.ch\/en\/wp-json\/wp\/v2\/media?parent=37700"}],"wp:term":[{"taxonomy":"product_brand","embeddable":true,"href":"https:\/\/litepack.ch\/en\/wp-json\/wp\/v2\/product_brand?post=37700"},{"taxonomy":"product_cat","embeddable":true,"href":"https:\/\/litepack.ch\/en\/wp-json\/wp\/v2\/product_cat?post=37700"},{"taxonomy":"product_tag","embeddable":true,"href":"https:\/\/litepack.ch\/en\/wp-json\/wp\/v2\/product_tag?post=37700"}],"curies":[{"name":"wp","href":"https:\/\/api.w.org\/{rel}","templated":true}]}}