{"id":37605,"date":"2025-03-10T21:06:23","date_gmt":"2025-03-10T20:06:23","guid":{"rendered":"http:\/\/litepack.ch\/?post_type=product&#038;p=37605"},"modified":"2025-11-23T10:11:40","modified_gmt":"2025-11-23T09:11:40","slug":"zpacks-groundsheet-poncho","status":"publish","type":"product","link":"https:\/\/litepack.ch\/en\/product\/zpacks-groundsheet-poncho\/","title":{"rendered":"Zpacks Groundsheet Poncho"},"content":{"rendered":"<ul>\n<li>Hergestellt aus demselben 1,0 oz\/qd <a href=\"https:\/\/litepack.ch\/en\/material-zpacks\/\" data-internallinksmanager029f6b8e52c=\"1\" title=\"Material Zpacks\">Dyneema<\/a>\u00ae Composite-Gewebe wie unsere Zeltplanen. DCF ist von Natur aus wasserdicht und enth\u00e4lt keine Beschichtung, kein wasserabweisendes Mittel und keine potenziell sch\u00e4dlichen Chemikalien.<\/li>\n<li>132cm x 229cm flache Abmessungen.<\/li>\n<li>Im Zeltbodenmodus zeigt die Au\u00dfenseite des Ponchos zum Boden. Die Kapuze befindet sich darunter und deckt die Hals\u00f6ffnung ab.<\/li>\n<li>Die angeschnittene Kapuze mit Visier h\u00e4lt das Wasser vom Gesicht fern.<\/li>\n<li>Wasserdichter Rei\u00dfverschluss am Hals zur Bel\u00fcftung.<\/li>\n<li>Halblange Trennrei\u00dfverschl\u00fcsse an jeder Seite sorgen daf\u00fcr, dass die Seiten bei Wind nicht aufrei\u00dfen k\u00f6nnen.<\/li>\n<li>Der elastische G\u00fcrtel in der Taille erm\u00f6glicht es, den Poncho bei Bedarf enger zu schnallen, um sich zu w\u00e4rmen, oder ihn f\u00fcr die Luftzirkulation locker zu lassen.<\/li>\n<li>Vollst\u00e4ndig versiegelte N\u00e4hte! Keine Nahtversiegelung erforderlich.<\/li>\n<li>Der Poncho reicht bis etwa zur Mitte des Oberschenkels mit einem kleinen Rucksack. F\u00fcr mehr Abdeckung mit einer Regenhose oder einem Regen-Kilt kombinieren.<\/li>\n<li>Die Breite des Ponchos reicht bis zur Mitte der Arme. Rechnen Sie mit nassen Armen. Ein Poncho eignet sich nicht als einzige Regenbekleidung bei k\u00e4lterem Wetter.<\/li>\n<\/ul>","protected":false},"excerpt":{"rendered":"<p>Hergestellt aus demselben 1,0 oz\/qd Dyneema\u00ae Composite-Gewebe wie unsere Zeltplanen. DCF ist von Natur aus wasserdicht und enth\u00e4lt keine Beschichtung,<\/p>","protected":false},"featured_media":37599,"comment_status":"open","ping_status":"closed","template":"","meta":[],"product_brand":[220],"product_cat":[190],"product_tag":[],"class_list":{"0":"post-37605","1":"product","2":"type-product","3":"status-publish","4":"has-post-thumbnail","6":"product_brand-zpacks","7":"product_cat-kleidung","8":"pa_hersteller-zpacks","10":"first","11":"instock","12":"taxable","13":"shipping-taxable","14":"purchasable","15":"product-type-simple"},"_links":{"self":[{"href":"https:\/\/litepack.ch\/en\/wp-json\/wp\/v2\/product\/37605","targetHints":{"allow":["GET"]}}],"collection":[{"href":"https:\/\/litepack.ch\/en\/wp-json\/wp\/v2\/product"}],"about":[{"href":"https:\/\/litepack.ch\/en\/wp-json\/wp\/v2\/types\/product"}],"replies":[{"embeddable":true,"href":"https:\/\/litepack.ch\/en\/wp-json\/wp\/v2\/comments?post=37605"}],"wp:featuredmedia":[{"embeddable":true,"href":"https:\/\/litepack.ch\/en\/wp-json\/wp\/v2\/media\/37599"}],"wp:attachment":[{"href":"https:\/\/litepack.ch\/en\/wp-json\/wp\/v2\/media?parent=37605"}],"wp:term":[{"taxonomy":"product_brand","embeddable":true,"href":"https:\/\/litepack.ch\/en\/wp-json\/wp\/v2\/product_brand?post=37605"},{"taxonomy":"product_cat","embeddable":true,"href":"https:\/\/litepack.ch\/en\/wp-json\/wp\/v2\/product_cat?post=37605"},{"taxonomy":"product_tag","embeddable":true,"href":"https:\/\/litepack.ch\/en\/wp-json\/wp\/v2\/product_tag?post=37605"}],"curies":[{"name":"wp","href":"https:\/\/api.w.org\/{rel}","templated":true}]}}