{"id":37380,"date":"2025-02-24T22:25:59","date_gmt":"2025-02-24T21:25:59","guid":{"rendered":"http:\/\/litepack.ch\/?post_type=product&#038;p=37380"},"modified":"2026-04-27T21:23:33","modified_gmt":"2026-04-27T20:23:33","slug":"3f-ul-lanshan-2-pro-zelt","status":"publish","type":"product","link":"https:\/\/litepack.ch\/en\/product\/3f-ul-lanshan-2-pro-zelt\/","title":{"rendered":"3F UL Lanshan 2 Pro Zelt"},"content":{"rendered":"<p>Dies ist die professionelle Version des Lanshan 2, es ist ein Einwandzelt f\u00fcr minimalistische Wanderer. Es bietet mehr Platz als das Lanshan 2, sodass du dich darin nicht eingeengt f\u00fchlst. Wir empfehlen,f\u00fcr den Aufbau des Lanshan Pro 2, zwei 120-125 cm lange Trekkingstangen zu verwenden oder die Carbonstangen von uns. Alle Lanshan-Zelte sind mit T-Reissverschlusst\u00fcren ausgestattet, die sich vollst\u00e4ndig \u00f6ffnen lassen.<\/p>\n<h3><strong>Materials<\/strong><\/h3>\n<p>SilNylon oder SilPoly<br \/>\nDas Lanshan 2 Pro Gen2 ist in zwei Stoffvarianten erh\u00e4ltlich: SilNylon und SilPoly.<br \/>\nSilNylon bietet au\u00dfergew\u00f6hnliche Festigkeit, w\u00e4hrend SilPoly eine viel geringere Wasseraufnahmef\u00e4higkeit aufweist. In Bezug auf die Rei\u00dffestigkeit bieten diese Materialien 45 N (SilNylon) bzw. 18 N (SilPoly) \u2013 SilPoly ist f\u00fcr allgemeine Campingbedingungen ausreichend, w\u00e4hrend SilNylon besser f\u00fcr extreme Wetterbedingungen geeignet ist.<\/p>\n<p>Da die Wasseraufnahme von SilPoly nur 0,5 % betr\u00e4gt \u2013 ein Zehntel der von SilNylon \u2013 und es bei N\u00e4sse nicht durchh\u00e4ngt, bevorzugen viele Menschen dieses Material. Bitte w\u00e4hlen Sie das Gewebe, das Ihren tats\u00e4chlichen Bed\u00fcrfnissen am besten entspricht.<\/p>\n<h3><strong>Season<\/strong><\/h3>\n<p>Das Lanshan 2 Pro gibt es in 2 Varianten: 3-Season bietet mit seinem Mesh-Innenzelt optimale Bel\u00fcftung f\u00fcr Fr\u00fchling bis Herbst, w\u00e4hrend die 4-Season-Version mit geschlossenem Nylon-Innenzelt besseren Schutz vor Wind und K\u00e4lte im Winter bietet. Beide Varianten sind ultraleicht, kompakt und perfekt f\u00fcr Trekkingtouren \u2013 je nach Einsatzbereich mit Fokus auf Bel\u00fcftung und Kondenzwasser oder Wetterschutz.<\/p>\n<p>&nbsp;<\/p>\n<ul>\n<li>Aktualisiert von Lanshan 2, gewidmet f\u00fcr alle Arten von komplexen und die anspruchsvollsten Gel\u00e4nde und Wildnis.<\/li>\n<li>Ausgezeichnetes Gleichgewicht zwischen volumin\u00f6s und leicht auch f\u00fcr Solo-Wanderer.<\/li>\n<li>Das Lanshan 2 Pro bietet auch zwei Personen beeindruckenden Platz, mit viel Raum f\u00fcr beide und einem eigenen Eingang und Vorraum f\u00fcr jeden.<\/li>\n<li>Der Zeltkorpus ist aus super rei\u00dffestem SilNylon &#8211; kann nicht durch St\u00fcrme zerst\u00f6rt werden.<\/li>\n<li>Eine Nahtabdichtung ist vor der Benutzung erforderlich.<\/li>\n<li>Ben\u00f6tigt 2 Trekkingst\u00f6cke (120-125cm) f\u00fcr den Aufbau.<\/li>\n<li>Wasserdichtigkeitsgrad: 2&#8217;000mm<\/li>\n<li>Aufbau: 1 Schicht Wand &amp; Dual-apex<\/li>\n<li>N\u00e4hte: Erfordert Nahtversiegelung (Eine Nahtabdichtung ist vor der 1. Benutzung notwenidg)<\/li>\n<li>Gewicht des Stoffes: 38g\/m\u00b2<\/li>\n<li>Rei\u00dffestigkeit des Gewebes: 40-45 N SilNylon bzw. 18 N SilPoly<\/li>\n<li>Ultraleichtes Gewicht: 920g \/ 940g<\/li>\n<li>Abspannpunkte: 8 <a href=\"https:\/\/litepack.ch\/en\/shop\/?min_price=0&amp;max_price=40&amp;s=Hering&amp;post_type=product\" data-internallinksmanager029f6b8e52c=\"3\" title=\"Zpacks Heringe\">Heringe<\/a>, 4 Abspannpunkte zur Verst\u00e4rkung, 2 Aufh\u00e4ngepunkte<\/li>\n<li>Rei\u00dfverschluss und Schnalle: YKK, Duraflex<\/li>\n<li>2 T\u00fcren und zwei gro\u00dfe seitliche Vorr\u00e4ume f\u00fcr die Aufbewahrung von Ausr\u00fcstung.<\/li>\n<li>Superstarke Verst\u00e4rkung: UHMWPE-Aufn\u00e4her*14<\/li>\n<\/ul>\n<h3><strong>Umwelt- und gesundheitsfreundlich<\/strong><\/h3>\n<p>Die Wasserdichtigkeit des Zeltes wird vollst\u00e4ndig durch Silikon\u00f6l und PU-Membran gew\u00e4hrleistet.<br \/>\n<a href=\"https:\/\/litepack.ch\/en\/pfas-chemikalien\/\" data-internallinksmanager029f6b8e52c=\"4\" title=\"PFAS Free\">PFOS<\/a>-frei, FPOA-frei, DWR-frei, KEIN Fluor, KEINE Schwermetalle, KEINE Aldehyde.<br \/>\nVerpackt in plastikfreien Kartons, die Verpackungen und Hangtags sind aus Recyclingpapier.<\/p>\n<p><strong>HINWEIS<\/strong><br \/>\nDieses Produkt enth\u00e4lt keine Stangen, Footprint oder <a href=\"https:\/\/litepack.ch\/en\/3f-ul-zelt-sealing\/\" data-internallinksmanager029f6b8e52c=\"7\" title=\"3F UL Zelt sealing\" target=\"_blank\" rel=\"noopener\">Silikonkleber<\/a>!<br \/>\nLanshan Pro ist aus Silnylon hergestellt, die N\u00e4hte k\u00f6nnen nicht in der Fabrik abgeklebt werden, es muss vor dem Gebrauch selbst versiegelt werden. Da der <a href=\"https:\/\/litepack.ch\/en\/3f-ul-zelt-sealing\/\" data-internallinksmanager029f6b8e52c=\"7\" title=\"3F UL Zelt sealing\" target=\"_blank\" rel=\"noopener\">Silikonkleber<\/a> nicht per Fluggesellschaft versendet werden kann, wird der Kleber NICHT mitgeliefert.<\/p>\n<p><iframe title=\"The Best Ultralight Budget Tent? | Lanshan 2 Pro Review |\" width=\"500\" height=\"281\" src=\"https:\/\/www.youtube.com\/embed\/iXOpwOFzI30?feature=oembed\" frameborder=\"0\" allow=\"accelerometer; autoplay; clipboard-write; encrypted-media; gyroscope; picture-in-picture; web-share\" referrerpolicy=\"strict-origin-when-cross-origin\" allowfullscreen><\/iframe><\/p>","protected":false},"excerpt":{"rendered":"<p>Dies ist die professionelle Version des Lanshan 2, es ist ein Einwandzelt f\u00fcr minimalistische Wanderer. Es bietet mehr Platz als<\/p>","protected":false},"featured_media":37410,"comment_status":"open","ping_status":"closed","template":"","meta":[],"product_brand":[293],"product_cat":[118],"product_tag":[],"class_list":{"0":"post-37380","1":"product","2":"type-product","3":"status-publish","4":"has-post-thumbnail","6":"product_brand-3f-ul-gear","7":"product_cat-2p-zelte","8":"pa_hersteller-3f-ul","10":"first","11":"instock","12":"taxable","13":"shipping-taxable","14":"purchasable","15":"product-type-variable"},"_links":{"self":[{"href":"https:\/\/litepack.ch\/en\/wp-json\/wp\/v2\/product\/37380","targetHints":{"allow":["GET"]}}],"collection":[{"href":"https:\/\/litepack.ch\/en\/wp-json\/wp\/v2\/product"}],"about":[{"href":"https:\/\/litepack.ch\/en\/wp-json\/wp\/v2\/types\/product"}],"replies":[{"embeddable":true,"href":"https:\/\/litepack.ch\/en\/wp-json\/wp\/v2\/comments?post=37380"}],"wp:featuredmedia":[{"embeddable":true,"href":"https:\/\/litepack.ch\/en\/wp-json\/wp\/v2\/media\/37410"}],"wp:attachment":[{"href":"https:\/\/litepack.ch\/en\/wp-json\/wp\/v2\/media?parent=37380"}],"wp:term":[{"taxonomy":"product_brand","embeddable":true,"href":"https:\/\/litepack.ch\/en\/wp-json\/wp\/v2\/product_brand?post=37380"},{"taxonomy":"product_cat","embeddable":true,"href":"https:\/\/litepack.ch\/en\/wp-json\/wp\/v2\/product_cat?post=37380"},{"taxonomy":"product_tag","embeddable":true,"href":"https:\/\/litepack.ch\/en\/wp-json\/wp\/v2\/product_tag?post=37380"}],"curies":[{"name":"wp","href":"https:\/\/api.w.org\/{rel}","templated":true}]}}