{"id":37347,"date":"2025-02-26T11:40:46","date_gmt":"2025-02-26T10:40:46","guid":{"rendered":"http:\/\/litepack.ch\/?post_type=product&#038;p=37347"},"modified":"2025-09-25T08:20:13","modified_gmt":"2025-09-25T07:20:13","slug":"3f-ul-lanshan-1-pro-zelt","status":"publish","type":"product","link":"https:\/\/litepack.ch\/en\/product\/3f-ul-lanshan-1-pro-zelt\/","title":{"rendered":"3F UL Lanshan 1 Pro Zelt"},"content":{"rendered":"<p>Das 3F UL GEAR Lanshan 1 pro ist eine hybride Unterkunft, die Tarp- und Zelteigenschaften in einer einfachen, vielseitigen und superleichten Unterkunft vereint. Dies ist die aktualisierte Version, die f\u00fcr erfahrene Ultraleicht-Wanderer gebaut wurde.<br \/>\nDas Lanshan 1 Pro ist ein einwandiges Zelt, wenn Sie ein doppelwandiges Zelt ben\u00f6tigen, schauen Sie sich bitte das Lanshan 1 an.<br \/>\nAlle Lanshan-Zelte sind jetzt mit T-Rei\u00dfverschlusst\u00fcren ausgestattet, die ganz ge\u00f6ffnet werden k\u00f6nnen.<\/p>\n<p><strong>Season<br \/>\n<\/strong>Das Lanshan 1 Pro gibt es in 2 Varianten: 3-Season bietet mit seinem Mesh-Innenzelt optimale Bel\u00fcftung f\u00fcr Fr\u00fchling bis Herbst, w\u00e4hrend die 4-Season-Version mit geschlossenem Nylon-Innenzelt besseren Schutz vor Wind und K\u00e4lte im Winter bietet. Beide Varianten sind ultraleicht, kompakt und perfekt f\u00fcr Trekkingtouren \u2013 je nach Einsatzbereich mit Fokus auf Bel\u00fcftung und Kondenzwasser oder Wetterschutz.<\/p>\n<ul>\n<li>Ben\u00f6tigt 1 Trekkingstange (120-125cm) f\u00fcr den Aufbau.<\/li>\n<li>Der Zeltk\u00f6rper ist aus super rei\u00dffestem SilNylon &#8211; kann nicht durch St\u00fcrme zerst\u00f6rt werden.<\/li>\n<li>1 T\u00fcr, 1 Vorraum und 1 seitlicher dreieckiger Innenraum zur Aufbewahrung der Ausr\u00fcstung.<\/li>\n<li>Unglaublich geringes Gesamtgewicht von nur 840 g<\/li>\n<li>Wasserdichtigkeitsgrad: 2&#8217;000mm<\/li>\n<li>Aufbau: Single Wall Pyramidenzelt<\/li>\n<li>N\u00e4hte: Ben\u00f6tigt Nahtabdichtung durch <a href=\"https:\/\/litepack.ch\/en\/3f-ul-zelt-sealing\/\" data-internallinksmanager029f6b8e52c=\"7\" title=\"3F UL Zelt sealing\" target=\"_blank\" rel=\"noopener\">Silikonkleber<\/a><\/li>\n<li>Gewicht des Gewebes: 38g\/m\u00b2<\/li>\n<li>Reissfestigkeit des Gewebes: 40-45N<\/li>\n<li>Verankerungspunkte: 8 <a href=\"https:\/\/litepack.ch\/en\/shop\/?min_price=0&amp;max_price=40&amp;s=Hering&amp;post_type=product\" data-internallinksmanager029f6b8e52c=\"3\" title=\"Zpacks Heringe\">Heringe<\/a>, 3 Abspannpunkte zur Verst\u00e4rkung, 1 Aufh\u00e4ngepunkt<\/li>\n<li>Rei\u00dfverschluss und Schnalle: YKK, Duraflex<\/li>\n<li>Ultraleichter Zeltk\u00f6rper: 690g<\/li>\n<li>Superstarke Verst\u00e4rkung: UHMWPE-Aufn\u00e4her<\/li>\n<\/ul>\n<p><strong>Umwelt- und gesundheitsfreundlich<\/strong><br \/>\nDie Wasserdichtigkeit des Zeltes wird vollst\u00e4ndig durch Silikon\u00f6l und PU-Membran gew\u00e4hrleistet.<br \/>\n<a href=\"https:\/\/litepack.ch\/en\/pfas-chemikalien\/\" data-internallinksmanager029f6b8e52c=\"4\" title=\"PFAS Free\">PFOS<\/a>-frei, FPOA-frei, DWR-frei, KEIN Fluor, KEINE Schwermetalle, KEINE Aldehyde.<br \/>\nVerpackt in plastikfreien Kartons, die Verpackungen und Hangtags sind aus Recyclingpapier.<\/p>\n<p><strong>HINWEIS<\/strong><br \/>\nDieses Produkt enth\u00e4lt keine Stangen, Footprint oder <a href=\"https:\/\/litepack.ch\/en\/3f-ul-zelt-sealing\/\" data-internallinksmanager029f6b8e52c=\"7\" title=\"3F UL Zelt sealing\" target=\"_blank\" rel=\"noopener\">Silikonkleber<\/a>!<br \/>\nLanshan Pro ist aus Silnylon hergestellt, die N\u00e4hte k\u00f6nnen nicht in der Fabrik abgeklebt werden, es muss vor dem Gebrauch selbst versiegelt werden. Da der <a href=\"https:\/\/litepack.ch\/en\/3f-ul-zelt-sealing\/\" data-internallinksmanager029f6b8e52c=\"7\" title=\"3F UL Zelt sealing\" target=\"_blank\" rel=\"noopener\">Silikonkleber<\/a> nicht per Fluggesellschaft versendet werden kann, wird der Kleber NICHT mitgeliefert.<\/p>\n<p><iframe title=\"LANSHAN 1 PRO REVIEW \/\/ The Perfect Budget Ultralight Tent?\" width=\"500\" height=\"281\" src=\"https:\/\/www.youtube.com\/embed\/2rk16blgSoE?feature=oembed\" frameborder=\"0\" allow=\"accelerometer; autoplay; clipboard-write; encrypted-media; gyroscope; picture-in-picture; web-share\" referrerpolicy=\"strict-origin-when-cross-origin\" allowfullscreen><\/iframe><\/p>","protected":false},"excerpt":{"rendered":"<p>Das 3F UL GEAR Lanshan 1 pro ist eine hybride Unterkunft, die Tarp- und Zelteigenschaften in einer einfachen, vielseitigen und<\/p>","protected":false},"featured_media":37369,"comment_status":"open","ping_status":"closed","template":"","meta":[],"product_brand":[293],"product_cat":[117],"product_tag":[],"class_list":{"0":"post-37347","1":"product","2":"type-product","3":"status-publish","4":"has-post-thumbnail","6":"product_brand-3f-ul-gear","7":"product_cat-1p-zelte","8":"pa_hersteller-3f-ul","10":"first","11":"instock","12":"taxable","13":"shipping-taxable","14":"purchasable","15":"product-type-variable"},"_links":{"self":[{"href":"https:\/\/litepack.ch\/en\/wp-json\/wp\/v2\/product\/37347","targetHints":{"allow":["GET"]}}],"collection":[{"href":"https:\/\/litepack.ch\/en\/wp-json\/wp\/v2\/product"}],"about":[{"href":"https:\/\/litepack.ch\/en\/wp-json\/wp\/v2\/types\/product"}],"replies":[{"embeddable":true,"href":"https:\/\/litepack.ch\/en\/wp-json\/wp\/v2\/comments?post=37347"}],"wp:featuredmedia":[{"embeddable":true,"href":"https:\/\/litepack.ch\/en\/wp-json\/wp\/v2\/media\/37369"}],"wp:attachment":[{"href":"https:\/\/litepack.ch\/en\/wp-json\/wp\/v2\/media?parent=37347"}],"wp:term":[{"taxonomy":"product_brand","embeddable":true,"href":"https:\/\/litepack.ch\/en\/wp-json\/wp\/v2\/product_brand?post=37347"},{"taxonomy":"product_cat","embeddable":true,"href":"https:\/\/litepack.ch\/en\/wp-json\/wp\/v2\/product_cat?post=37347"},{"taxonomy":"product_tag","embeddable":true,"href":"https:\/\/litepack.ch\/en\/wp-json\/wp\/v2\/product_tag?post=37347"}],"curies":[{"name":"wp","href":"https:\/\/api.w.org\/{rel}","templated":true}]}}