{"id":37336,"date":"2025-02-23T21:59:17","date_gmt":"2025-02-23T20:59:17","guid":{"rendered":"http:\/\/litepack.ch\/?post_type=product&#038;p=37336"},"modified":"2025-09-26T10:40:32","modified_gmt":"2025-09-26T09:40:32","slug":"zpacks-schaumstoff-sitzkissen","status":"publish","type":"product","link":"https:\/\/litepack.ch\/en\/product\/zpacks-schaumstoff-sitzkissen\/","title":{"rendered":"Zpacks Schaumstoff-Sitzkissen"},"content":{"rendered":"<p>Wenn es an der Zeit ist, f\u00fcr eine Mahlzeit anzuhalten oder sich zu entspannen und die Aussicht zu genie\u00dfen, bietet Ihnen unser Foam Sit Pad \u00fcberall einen trockenen, bequemen Sitz. Diese ultraleichte Schaumstoff-Sitzunterlage l\u00e4sst sich klein zusammenfalten, so dass sie leicht zu verpacken ist. Sie passt gut in die Basisgurte unserer Rucks\u00e4cke oder in eine Au\u00dfentasche. Du kannst es in den Pausen herausziehen, um deinen Hintern trocken und gepolstert zu halten, oder es in den Fu\u00df deines Schlafsacks stecken, um nachts deine F\u00fc\u00dfe zu polstern. Es ist auf einer Seite blau und auf der anderen schwarz.<\/p>\n<p>Dieses Polster ist als R\u00fcckenpolster in unseren Nero- und Sub-Nero-Rucks\u00e4cken enthalten.<\/p>","protected":false},"excerpt":{"rendered":"<p>Wenn es an der Zeit ist, f\u00fcr eine Mahlzeit anzuhalten oder sich zu entspannen und die Aussicht zu genie\u00dfen, bietet<\/p>","protected":false},"featured_media":37348,"comment_status":"open","ping_status":"closed","template":"","meta":[],"product_brand":[220],"product_cat":[277,296,191],"product_tag":[],"class_list":{"0":"post-37336","1":"product","2":"type-product","3":"status-publish","4":"has-post-thumbnail","6":"product_brand-zpacks","7":"product_cat-rucksack-zubehoer","8":"product_cat-weiteres-zubehoer","9":"product_cat-zubehoer","10":"pa_hersteller-zpacks","12":"first","13":"instock","14":"taxable","15":"shipping-taxable","16":"purchasable","17":"product-type-simple"},"_links":{"self":[{"href":"https:\/\/litepack.ch\/en\/wp-json\/wp\/v2\/product\/37336","targetHints":{"allow":["GET"]}}],"collection":[{"href":"https:\/\/litepack.ch\/en\/wp-json\/wp\/v2\/product"}],"about":[{"href":"https:\/\/litepack.ch\/en\/wp-json\/wp\/v2\/types\/product"}],"replies":[{"embeddable":true,"href":"https:\/\/litepack.ch\/en\/wp-json\/wp\/v2\/comments?post=37336"}],"wp:featuredmedia":[{"embeddable":true,"href":"https:\/\/litepack.ch\/en\/wp-json\/wp\/v2\/media\/37348"}],"wp:attachment":[{"href":"https:\/\/litepack.ch\/en\/wp-json\/wp\/v2\/media?parent=37336"}],"wp:term":[{"taxonomy":"product_brand","embeddable":true,"href":"https:\/\/litepack.ch\/en\/wp-json\/wp\/v2\/product_brand?post=37336"},{"taxonomy":"product_cat","embeddable":true,"href":"https:\/\/litepack.ch\/en\/wp-json\/wp\/v2\/product_cat?post=37336"},{"taxonomy":"product_tag","embeddable":true,"href":"https:\/\/litepack.ch\/en\/wp-json\/wp\/v2\/product_tag?post=37336"}],"curies":[{"name":"wp","href":"https:\/\/api.w.org\/{rel}","templated":true}]}}