{"id":37327,"date":"2025-02-23T13:56:17","date_gmt":"2025-02-23T12:56:17","guid":{"rendered":"http:\/\/litepack.ch\/?post_type=product&#038;p=37327"},"modified":"2025-05-05T12:25:55","modified_gmt":"2025-05-05T11:25:55","slug":"zpacks-ersatzgurte-multi-pack","status":"publish","type":"product","link":"https:\/\/litepack.ch\/en\/product\/zpacks-ersatzgurte-multi-pack\/","title":{"rendered":"Zpacks Ersatzgurte Multi-Pack"},"content":{"rendered":"<p>Dies ist der komplette Satz Gurte, der standardm\u00e4\u00dfig mit unserem beliebten Multi-Pack geliefert wird. Perfekt f\u00fcr Abenteurer mit mehreren Rucks\u00e4cken oder um verlorene Gurte zu ersetzen.<\/p>\n<p>Beachten Sie, dass diese Gurte nicht mit Multi-Packs verbunden werden k\u00f6nnen, die vor mehr als ein paar Jahren hergestellt wurden. Ihre Schnallen m\u00fcssen wie diese aussehen.<br \/>\nEnth\u00e4lt:<br \/>\n2x obere Befestigungsgurte f\u00fcr Deckel und Brustmodus<br \/>\nAbnehmbarer G\u00fcrtel f\u00fcr G\u00fcrteltasche und Schulranzenmodus<br \/>\n2x zus\u00e4tzliche G\u00fcrtelclips f\u00fcr den Deckelmodus<\/p>","protected":false},"excerpt":{"rendered":"<p>Dies ist der komplette Satz Gurte, der standardm\u00e4\u00dfig mit unserem beliebten Multi-Pack geliefert wird. Perfekt f\u00fcr Abenteurer mit mehreren Rucks\u00e4cken<\/p>","protected":false},"featured_media":37328,"comment_status":"open","ping_status":"closed","template":"","meta":[],"product_brand":[220],"product_cat":[277,191],"product_tag":[],"class_list":{"0":"post-37327","1":"product","2":"type-product","3":"status-publish","4":"has-post-thumbnail","6":"product_brand-zpacks","7":"product_cat-rucksack-zubehoer","8":"product_cat-zubehoer","9":"pa_hersteller-zpacks","11":"first","12":"instock","13":"taxable","14":"shipping-taxable","15":"purchasable","16":"product-type-simple"},"_links":{"self":[{"href":"https:\/\/litepack.ch\/en\/wp-json\/wp\/v2\/product\/37327","targetHints":{"allow":["GET"]}}],"collection":[{"href":"https:\/\/litepack.ch\/en\/wp-json\/wp\/v2\/product"}],"about":[{"href":"https:\/\/litepack.ch\/en\/wp-json\/wp\/v2\/types\/product"}],"replies":[{"embeddable":true,"href":"https:\/\/litepack.ch\/en\/wp-json\/wp\/v2\/comments?post=37327"}],"wp:featuredmedia":[{"embeddable":true,"href":"https:\/\/litepack.ch\/en\/wp-json\/wp\/v2\/media\/37328"}],"wp:attachment":[{"href":"https:\/\/litepack.ch\/en\/wp-json\/wp\/v2\/media?parent=37327"}],"wp:term":[{"taxonomy":"product_brand","embeddable":true,"href":"https:\/\/litepack.ch\/en\/wp-json\/wp\/v2\/product_brand?post=37327"},{"taxonomy":"product_cat","embeddable":true,"href":"https:\/\/litepack.ch\/en\/wp-json\/wp\/v2\/product_cat?post=37327"},{"taxonomy":"product_tag","embeddable":true,"href":"https:\/\/litepack.ch\/en\/wp-json\/wp\/v2\/product_tag?post=37327"}],"curies":[{"name":"wp","href":"https:\/\/api.w.org\/{rel}","templated":true}]}}