{"id":37316,"date":"2025-02-23T13:48:37","date_gmt":"2025-02-23T12:48:37","guid":{"rendered":"http:\/\/litepack.ch\/?post_type=product&#038;p=37316"},"modified":"2026-03-21T22:26:32","modified_gmt":"2026-03-21T21:26:32","slug":"zpacks-multi-pack","status":"publish","type":"product","link":"https:\/\/litepack.ch\/en\/product\/zpacks-multi-pack\/","title":{"rendered":"Zpacks Multi-Pack"},"content":{"rendered":"<p>Dieses vielseitige Vier-in-Eins-Rucksackzubeh\u00f6r ist einer unserer beliebtesten Artikel. Die M\u00f6glichkeit, zwischen vier verschiedenen Konfigurationen zu w\u00e4hlen, macht das Multi-Pack zum perfekten Begleiter f\u00fcr nahezu jedes Abenteuer.<\/p>\n<p><strong>Konfigurationen:<\/strong><\/p>\n<ul>\n<li>Clip es an der Spitze des Rucksacks als ein Deckel.<\/li>\n<li>H\u00e4ngen Sie es von Ihren Schultergurten als Brust-Pack f\u00fcr eine gro\u00dfe Kamera, oder f\u00fcr die Durchf\u00fchrung von Wasser, um Ihren Rucksack auszugleichen. Zwei 946 ml Powerade-Flaschen oder Nalgene-Flaschen sind perfekt geeignet.<\/li>\n<li>Befestigen Sie den abnehmbaren G\u00fcrtel an den mittleren Halterungen und tragen Sie die Tasche als G\u00fcrteltasche oder Bauchtasche. Tragen Sie eine Flasche sowie eine kleine Jacke und Snacks bei Tages<a href=\"https:\/\/litepack.ch\/en\/pilgerreisen\/\" data-internallinksmanager029f6b8e52c=\"6\" title=\"Pilgerreisen\">wanderungen<\/a> an Ihrer Taille.<\/li>\n<li>Befestigen Sie den abnehmbaren G\u00fcrtel an den oberen Ecken und tragen Sie ihn \u00fcber der Schulter als Schulranzen. Gut geeignet, um ein paar Liter Wasser von einer Wasserquelle zur\u00fcck ins Camp zu transportieren oder um Zubeh\u00f6r auf Reisen oder in der Stadt mitzuf\u00fchren.<\/li>\n<\/ul>\n<p><strong>Merkmale:<\/strong><\/p>\n<ul>\n<li>Verstellbar und abnehmbar.<\/li>\n<li>Kompatibel mit den meisten Rucks\u00e4cken, einschlie\u00dflich aller neuen <a href=\"\/en\/hersteller\/zpacks\/\" data-internallinksmanager029f6b8e52c=\"2\" title=\"Zpacks\">Zpacks<\/a>-Rucks\u00e4cke.<\/li>\n<li>Er hat einen wasserdichten Rei\u00dfverschluss und versiegelte N\u00e4hte, um das meiste Wasser fernzuhalten. (Legen Sie ihn vorsichtshalber mit einem 1-Gallonen-Rei\u00dfverschluss aus, wenn Sie Elektronik transportieren).<\/li>\n<li>Sechs Befestigungspunkte mit seitlichen Schnallen zur Anpassung an die verschiedenen Tragemodi.<\/li>\n<li>Alle Gurte sind abnehmbar, wenn sie nicht gebraucht werden.<\/li>\n<li>Zus\u00e4tzliche Gurte sind erh\u00e4ltlich, um den Multi-Pack schnell zwischen verschiedenen Rucks\u00e4cken zu wechseln.<\/li>\n<li>Dieser Rucksack ist f\u00fcr viele DSLR-Kameras und ein oder zwei kleine Objektive geeignet. (Bei Bedarf k\u00f6nnen Sie Ihre eigene Polsterung einkleben, da die Tasche nicht starr ist und sich auch an Kameras mit ungerader Gr\u00f6\u00dfe anpasst).<\/li>\n<li>Hergestellt in den USA.<\/li>\n<\/ul>","protected":false},"excerpt":{"rendered":"<p>Dieses vielseitige Vier-in-Eins-Rucksackzubeh\u00f6r ist einer unserer beliebtesten Artikel. Die M\u00f6glichkeit, zwischen vier verschiedenen Konfigurationen zu w\u00e4hlen, macht das Multi-Pack zum<\/p>","protected":false},"featured_media":37320,"comment_status":"open","ping_status":"closed","template":"","meta":[],"product_brand":[220],"product_cat":[277,191],"product_tag":[],"class_list":{"0":"post-37316","1":"product","2":"type-product","3":"status-publish","4":"has-post-thumbnail","6":"product_brand-zpacks","7":"product_cat-rucksack-zubehoer","8":"product_cat-zubehoer","9":"pa_hersteller-zpacks","11":"first","12":"instock","13":"taxable","14":"shipping-taxable","15":"purchasable","16":"product-type-simple"},"_links":{"self":[{"href":"https:\/\/litepack.ch\/en\/wp-json\/wp\/v2\/product\/37316","targetHints":{"allow":["GET"]}}],"collection":[{"href":"https:\/\/litepack.ch\/en\/wp-json\/wp\/v2\/product"}],"about":[{"href":"https:\/\/litepack.ch\/en\/wp-json\/wp\/v2\/types\/product"}],"replies":[{"embeddable":true,"href":"https:\/\/litepack.ch\/en\/wp-json\/wp\/v2\/comments?post=37316"}],"wp:featuredmedia":[{"embeddable":true,"href":"https:\/\/litepack.ch\/en\/wp-json\/wp\/v2\/media\/37320"}],"wp:attachment":[{"href":"https:\/\/litepack.ch\/en\/wp-json\/wp\/v2\/media?parent=37316"}],"wp:term":[{"taxonomy":"product_brand","embeddable":true,"href":"https:\/\/litepack.ch\/en\/wp-json\/wp\/v2\/product_brand?post=37316"},{"taxonomy":"product_cat","embeddable":true,"href":"https:\/\/litepack.ch\/en\/wp-json\/wp\/v2\/product_cat?post=37316"},{"taxonomy":"product_tag","embeddable":true,"href":"https:\/\/litepack.ch\/en\/wp-json\/wp\/v2\/product_tag?post=37316"}],"curies":[{"name":"wp","href":"https:\/\/api.w.org\/{rel}","templated":true}]}}