{"id":37302,"date":"2025-02-23T11:46:03","date_gmt":"2025-02-23T10:46:03","guid":{"rendered":"http:\/\/litepack.ch\/?post_type=product&#038;p=37302"},"modified":"2025-06-17T21:54:40","modified_gmt":"2025-06-17T20:54:40","slug":"zpacks-v-top-strap","status":"publish","type":"product","link":"https:\/\/litepack.ch\/en\/product\/zpacks-v-top-strap\/","title":{"rendered":"Zpacks V Top Strap"},"content":{"rendered":"<p>Unser V-Top Strap sorgt f\u00fcr zus\u00e4tzliche Stabilit\u00e4t, wenn Sie schwerere Gegenst\u00e4nde oben auf Ihrem Rucksack tragen. Er ist etwas sicherer als der Standardgurt mit nur einem oberen Teil.<br \/>\nEr kann zum Tragen eines B\u00e4renkanisters verwendet werden, solange der Kanister wie abgebildet in die Ausr\u00fcstung gequetscht werden kann. Alternativ kann ein Kanister auch senkrecht stehend im Rucksack getragen werden (Nicht alle Modelle).<br \/>\nDer V Top Strap ist modular aufgebaut und kann je nach Bedarf am Rucksack angebracht oder entfernt werden.<\/p>\n<p><iframe title=\"Zpacks V Top Strap \u2022 Backpack Add-On | Overview\" width=\"500\" height=\"281\" src=\"https:\/\/www.youtube.com\/embed\/9Ou1lRgnrrI?feature=oembed\" frameborder=\"0\" allow=\"accelerometer; autoplay; clipboard-write; encrypted-media; gyroscope; picture-in-picture; web-share\" referrerpolicy=\"strict-origin-when-cross-origin\" allowfullscreen><\/iframe><\/p>","protected":false},"excerpt":{"rendered":"<p>Unser V-Top Strap sorgt f\u00fcr zus\u00e4tzliche Stabilit\u00e4t, wenn Sie schwerere Gegenst\u00e4nde oben auf Ihrem Rucksack tragen. Er ist etwas sicherer<\/p>","protected":false},"featured_media":37304,"comment_status":"open","ping_status":"closed","template":"","meta":[],"product_brand":[220],"product_cat":[277,191],"product_tag":[],"class_list":{"0":"post-37302","1":"product","2":"type-product","3":"status-publish","4":"has-post-thumbnail","6":"product_brand-zpacks","7":"product_cat-rucksack-zubehoer","8":"product_cat-zubehoer","9":"pa_hersteller-zpacks","11":"first","12":"instock","13":"taxable","14":"shipping-taxable","15":"purchasable","16":"product-type-variable"},"_links":{"self":[{"href":"https:\/\/litepack.ch\/en\/wp-json\/wp\/v2\/product\/37302","targetHints":{"allow":["GET"]}}],"collection":[{"href":"https:\/\/litepack.ch\/en\/wp-json\/wp\/v2\/product"}],"about":[{"href":"https:\/\/litepack.ch\/en\/wp-json\/wp\/v2\/types\/product"}],"replies":[{"embeddable":true,"href":"https:\/\/litepack.ch\/en\/wp-json\/wp\/v2\/comments?post=37302"}],"wp:featuredmedia":[{"embeddable":true,"href":"https:\/\/litepack.ch\/en\/wp-json\/wp\/v2\/media\/37304"}],"wp:attachment":[{"href":"https:\/\/litepack.ch\/en\/wp-json\/wp\/v2\/media?parent=37302"}],"wp:term":[{"taxonomy":"product_brand","embeddable":true,"href":"https:\/\/litepack.ch\/en\/wp-json\/wp\/v2\/product_brand?post=37302"},{"taxonomy":"product_cat","embeddable":true,"href":"https:\/\/litepack.ch\/en\/wp-json\/wp\/v2\/product_cat?post=37302"},{"taxonomy":"product_tag","embeddable":true,"href":"https:\/\/litepack.ch\/en\/wp-json\/wp\/v2\/product_tag?post=37302"}],"curies":[{"name":"wp","href":"https:\/\/api.w.org\/{rel}","templated":true}]}}