{"id":37295,"date":"2025-02-23T11:27:41","date_gmt":"2025-02-23T10:27:41","guid":{"rendered":"http:\/\/litepack.ch\/?post_type=product&#038;p=37295"},"modified":"2025-08-19T09:53:19","modified_gmt":"2025-08-19T08:53:19","slug":"zpacks-ultralight-schaufel","status":"publish","type":"product","link":"https:\/\/litepack.ch\/en\/product\/zpacks-ultralight-schaufel\/","title":{"rendered":"Zpacks Ultralight Schaufel"},"content":{"rendered":"<p>Das Graben von Latrinen mit Steinen oder St\u00f6cken kann schwierig und manchmal ineffektiv sein. Die Ultralight Kelle bietet eine bequeme L\u00f6sung f\u00fcr das Graben von L\u00f6chern, ohne Platz zu beanspruchen oder viel Gewicht zu verursachen.<\/p>\n<ul>\n<li>Mit den vier kleinen Z\u00e4hnen an der Vorderkante der Kelle l\u00e4sst sich das Katzenloch leicht ausheben und die Erde herausschaufeln, w\u00e4hrend kleine Wurzeln, die im Weg sein k\u00f6nnten, durchbrochen werden.<\/li>\n<li>Der Griff hat kleine Einkerbungen, um die Griffigkeit zu verbessern, und kann auch verwendet werden, um h\u00e4rtere Oberfl\u00e4chen vor dem Graben aufzubrechen, indem man die Kelle umdreht.<\/li>\n<li>Verwenden Sie die kleine \u00d6ffnung, um sie an Ihrem Rucksack oder Schl\u00fcsselbund zu befestigen.<\/li>\n<\/ul>","protected":false},"excerpt":{"rendered":"<p>Das Graben von Latrinen mit Steinen oder St\u00f6cken kann schwierig und manchmal ineffektiv sein. Die Ultralight Kelle bietet eine bequeme<\/p>","protected":false},"featured_media":37297,"comment_status":"open","ping_status":"closed","template":"","meta":[],"product_brand":[220],"product_cat":[296,191],"product_tag":[],"class_list":{"0":"post-37295","1":"product","2":"type-product","3":"status-publish","4":"has-post-thumbnail","6":"product_brand-zpacks","7":"product_cat-weiteres-zubehoer","8":"product_cat-zubehoer","9":"pa_hersteller-zpacks","11":"first","12":"instock","13":"taxable","14":"shipping-taxable","15":"purchasable","16":"product-type-simple"},"_links":{"self":[{"href":"https:\/\/litepack.ch\/en\/wp-json\/wp\/v2\/product\/37295","targetHints":{"allow":["GET"]}}],"collection":[{"href":"https:\/\/litepack.ch\/en\/wp-json\/wp\/v2\/product"}],"about":[{"href":"https:\/\/litepack.ch\/en\/wp-json\/wp\/v2\/types\/product"}],"replies":[{"embeddable":true,"href":"https:\/\/litepack.ch\/en\/wp-json\/wp\/v2\/comments?post=37295"}],"wp:featuredmedia":[{"embeddable":true,"href":"https:\/\/litepack.ch\/en\/wp-json\/wp\/v2\/media\/37297"}],"wp:attachment":[{"href":"https:\/\/litepack.ch\/en\/wp-json\/wp\/v2\/media?parent=37295"}],"wp:term":[{"taxonomy":"product_brand","embeddable":true,"href":"https:\/\/litepack.ch\/en\/wp-json\/wp\/v2\/product_brand?post=37295"},{"taxonomy":"product_cat","embeddable":true,"href":"https:\/\/litepack.ch\/en\/wp-json\/wp\/v2\/product_cat?post=37295"},{"taxonomy":"product_tag","embeddable":true,"href":"https:\/\/litepack.ch\/en\/wp-json\/wp\/v2\/product_tag?post=37295"}],"curies":[{"name":"wp","href":"https:\/\/api.w.org\/{rel}","templated":true}]}}