{"id":37231,"date":"2025-02-21T19:40:18","date_gmt":"2025-02-21T18:40:18","guid":{"rendered":"http:\/\/litepack.ch\/?post_type=product&#038;p=37231"},"modified":"2026-05-10T08:03:19","modified_gmt":"2026-05-10T07:03:19","slug":"zpacks-hexamid-zelt","status":"publish","type":"product","link":"https:\/\/litepack.ch\/en\/product\/zpacks-hexamid-zelt\/","title":{"rendered":"Zpacks Hexamid Zelt"},"content":{"rendered":"<p>Das Hexamid-Zelt ist zur\u00fcck und wurde zu unserem 20-j\u00e4hrigen Jubil\u00e4um aktualisiert!<\/p>\n<p>Das Hexamid ist f\u00fcr Wanderer gedacht, die lieber unter den Sternen schlafen. Das aktualisierte Design zeichnet sich durch einen bodenlosen Unterstand aus, der mit einem optionalen <a href=\"https:\/\/litepack.ch\/en\/product\/zpacks-bathtub-groundsheet\/\">Wannen-Groundsheet<\/a> oder einem Bivy kombiniert werden muss. Dies ist ideal f\u00fcr trockene Umgebungen wie den Pacific Crest Trail, wo man in den meisten N\u00e4chten allein mit dem Zeltboden unter den Sternen schlafen kann und nur manchmal Regen- und M\u00fcckenschutz ben\u00f6tigt.<\/p>\n<p>Joe Valesko, der Gr\u00fcnder von <a href=\"\/en\/hersteller\/zpacks\/\" data-internallinksmanager029f6b8e52c=\"2\" title=\"Zpacks\">Zpacks<\/a>, hat diese ultraleichte, sechsseitige Pyramidenstruktur 2009 auf seiner Wanderung auf dem Continental Divide Trail getestet. Sie sch\u00fctzte ihn auf dem gesamten Weg von Kanada nach Mexiko und hielt Schneest\u00fcrmen in den San Juans, der Exposition der Wind River Range und der Einsamkeit der W\u00fcste von New Mexico stand.<\/p>\n<ul>\n<li>Hergestellt aus wasserdichtem, strapazierf\u00e4higem <a href=\"https:\/\/litepack.ch\/en\/material-zpacks\/\" data-internallinksmanager029f6b8e52c=\"1\" title=\"Material Zpacks\">Dyneema<\/a>\u00ae Composite Fabric.<\/li>\n<li>W\u00e4hle das bew\u00e4hrte 19 g\/m\u00b2 DCF (Blau, Olive), um das Gewicht auf ein Minimum zu reduzieren, oder w\u00e4hle Gr\u00fcn 25 g\/m\u00b2 DCF, um die Transparenz zu verringern und die Haltbarkeit zu erh\u00f6hen.<\/li>\n<li>Der optionale Wannenboden ist aus 25 g\/m\u00b2 <a href=\"https:\/\/litepack.ch\/en\/material-zpacks\/\" data-internallinksmanager029f6b8e52c=\"1\" title=\"Material Zpacks\">Dyneema<\/a> Composite Fabric gefertigt.<\/li>\n<li>Das Hexamid ist ein Zelt ohne Boden\u00a0 mit einem umlaufenden Netz. Es kann in Verbindung mit dem optionalen Wannenboden oder einem Biwak zum Schutz vor Grundwasser verwendet werden.<\/li>\n<li>Das ultraleichte Insektenschutznetz h\u00e4lt selbst die kleinsten Insekten fern. Die R\u00e4nder bleiben unter dem Wannenboden fixiert.<\/li>\n<li>Das optionale Groundsheet verf\u00fcgt \u00fcber verstellbare Haken, die an den Innenzeltecken befestigt werden, um es in der Mitte zu halten und die W\u00e4nde vor Grundwasser und Regenspritzern zu sch\u00fctzen.<\/li>\n<li>Wird mit einer einzelnen 132 cm langen Trekking- oder Zeltstange und 6 bis 10 <a href=\"https:\/\/litepack.ch\/en\/shop\/?min_price=0&amp;max_price=40&amp;s=Hering&amp;post_type=product\" data-internallinksmanager029f6b8e52c=\"3\" title=\"Zpacks Heringe\">Heringen<\/a> (separat erh\u00e4ltlich) aufgebaut.<\/li>\n<li>Mit den LineLoc V-Verstellern k\u00f6nnen Sie die perfekte Neigung einstellen. Die leuchtend gelben 1,3 mm Z-Line Abspannleinen sind bei Tag und Nacht gut zu sehen, um Stolperfallen zu vermeiden.<\/li>\n<li>Die beiden \u00fcberlappenden Sturmt\u00fcren k\u00f6nnen unabh\u00e4ngig voneinander ge\u00f6ffnet oder geschlossen werden. Lasse bei sch\u00f6nem Wetter beide T\u00fcren offen, um eine frische Brise und eine tolle Aussicht zu genie\u00dfen. Schlie\u00dfe die windzugewandte T\u00fcr, um kalten Wind abzuhalten, oder schlie\u00dfe beide f\u00fcr 360\u00b0-Regenschutz.<\/li>\n<li>Das Design ist identisch mit unserem <a href=\"http:\/\/litepack.ch\/en\/product\/zpacks-hexamid-pocket-tarp\/\">Hexamid Tarp<\/a> und den <a href=\"http:\/\/litepack.ch\/en\/product\/zpacks-plex-solo-lite-zelt\/\">Plex Solo Zelten<\/a>, die einen traditionellen eingen\u00e4hten Boden hat.<\/li>\n<li>Der Reissverschlussschieber ist vor Ort austauschbar. Reparaturband und Ersatzschieber sind im Lieferumfang enthalten.<\/li>\n<li>Hergestellt in den USA.<\/li>\n<\/ul>\n<p><iframe title=\"Zpacks Hexamid Tent | Overview\" width=\"500\" height=\"281\" src=\"https:\/\/www.youtube.com\/embed\/V6CiC-juv9Y?feature=oembed\" frameborder=\"0\" allow=\"accelerometer; autoplay; clipboard-write; encrypted-media; gyroscope; picture-in-picture; web-share\" referrerpolicy=\"strict-origin-when-cross-origin\" allowfullscreen><\/iframe><\/p>","protected":false},"excerpt":{"rendered":"<p>Das Hexamid-Zelt ist zur\u00fcck und wurde zu unserem 20-j\u00e4hrigen Jubil\u00e4um aktualisiert! Das Hexamid ist f\u00fcr Wanderer gedacht, die lieber unter<\/p>","protected":false},"featured_media":37255,"comment_status":"open","ping_status":"closed","template":"","meta":[],"product_brand":[220],"product_cat":[117,18],"product_tag":[],"class_list":{"0":"post-37231","1":"product","2":"type-product","3":"status-publish","4":"has-post-thumbnail","6":"product_brand-zpacks","7":"product_cat-1p-zelte","8":"product_cat-zelte","9":"pa_hersteller-zpacks","11":"first","12":"instock","13":"taxable","14":"shipping-taxable","15":"purchasable","16":"product-type-variable"},"_links":{"self":[{"href":"https:\/\/litepack.ch\/en\/wp-json\/wp\/v2\/product\/37231","targetHints":{"allow":["GET"]}}],"collection":[{"href":"https:\/\/litepack.ch\/en\/wp-json\/wp\/v2\/product"}],"about":[{"href":"https:\/\/litepack.ch\/en\/wp-json\/wp\/v2\/types\/product"}],"replies":[{"embeddable":true,"href":"https:\/\/litepack.ch\/en\/wp-json\/wp\/v2\/comments?post=37231"}],"wp:featuredmedia":[{"embeddable":true,"href":"https:\/\/litepack.ch\/en\/wp-json\/wp\/v2\/media\/37255"}],"wp:attachment":[{"href":"https:\/\/litepack.ch\/en\/wp-json\/wp\/v2\/media?parent=37231"}],"wp:term":[{"taxonomy":"product_brand","embeddable":true,"href":"https:\/\/litepack.ch\/en\/wp-json\/wp\/v2\/product_brand?post=37231"},{"taxonomy":"product_cat","embeddable":true,"href":"https:\/\/litepack.ch\/en\/wp-json\/wp\/v2\/product_cat?post=37231"},{"taxonomy":"product_tag","embeddable":true,"href":"https:\/\/litepack.ch\/en\/wp-json\/wp\/v2\/product_tag?post=37231"}],"curies":[{"name":"wp","href":"https:\/\/api.w.org\/{rel}","templated":true}]}}