{"id":37207,"date":"2025-02-20T11:18:15","date_gmt":"2025-02-20T10:18:15","guid":{"rendered":"http:\/\/litepack.ch\/?post_type=product&#038;p=37207"},"modified":"2025-09-26T11:06:03","modified_gmt":"2025-09-26T10:06:03","slug":"zpacks-ersatz-rueckenstuetze-arc-haul","status":"publish","type":"product","link":"https:\/\/litepack.ch\/en\/product\/zpacks-ersatz-rueckenstuetze-arc-haul\/","title":{"rendered":"Zpacks Ersatz-R\u00fcckenst\u00fctze Arc Haul"},"content":{"rendered":"<p>Diese vorgekr\u00fcmmten vertikalen Ersatzstangen passen auf unsere Arc Haul Ultra, Arc Zip Ultra und die auslaufenden Arc Air und Arc Air Zip Rucks\u00e4cke.<\/p>\n<p>&nbsp;<\/p>","protected":false},"excerpt":{"rendered":"<p>Diese vorgekr\u00fcmmten vertikalen Ersatzstangen passen auf unsere Arc Haul Ultra, Arc Zip Ultra und die auslaufenden Arc Air und Arc<\/p>","protected":false},"featured_media":37211,"comment_status":"open","ping_status":"closed","template":"","meta":[],"product_brand":[220],"product_cat":[277,191],"product_tag":[],"class_list":{"0":"post-37207","1":"product","2":"type-product","3":"status-publish","4":"has-post-thumbnail","6":"product_brand-zpacks","7":"product_cat-rucksack-zubehoer","8":"product_cat-zubehoer","9":"pa_hersteller-zpacks","11":"first","12":"instock","13":"taxable","14":"shipping-taxable","15":"purchasable","16":"product-type-variable"},"_links":{"self":[{"href":"https:\/\/litepack.ch\/en\/wp-json\/wp\/v2\/product\/37207","targetHints":{"allow":["GET"]}}],"collection":[{"href":"https:\/\/litepack.ch\/en\/wp-json\/wp\/v2\/product"}],"about":[{"href":"https:\/\/litepack.ch\/en\/wp-json\/wp\/v2\/types\/product"}],"replies":[{"embeddable":true,"href":"https:\/\/litepack.ch\/en\/wp-json\/wp\/v2\/comments?post=37207"}],"wp:featuredmedia":[{"embeddable":true,"href":"https:\/\/litepack.ch\/en\/wp-json\/wp\/v2\/media\/37211"}],"wp:attachment":[{"href":"https:\/\/litepack.ch\/en\/wp-json\/wp\/v2\/media?parent=37207"}],"wp:term":[{"taxonomy":"product_brand","embeddable":true,"href":"https:\/\/litepack.ch\/en\/wp-json\/wp\/v2\/product_brand?post=37207"},{"taxonomy":"product_cat","embeddable":true,"href":"https:\/\/litepack.ch\/en\/wp-json\/wp\/v2\/product_cat?post=37207"},{"taxonomy":"product_tag","embeddable":true,"href":"https:\/\/litepack.ch\/en\/wp-json\/wp\/v2\/product_tag?post=37207"}],"curies":[{"name":"wp","href":"https:\/\/api.w.org\/{rel}","templated":true}]}}