{"id":37178,"date":"2025-02-19T15:23:29","date_gmt":"2025-02-19T14:23:29","guid":{"rendered":"http:\/\/litepack.ch\/?post_type=product&#038;p=37178"},"modified":"2025-09-26T11:06:36","modified_gmt":"2025-09-26T10:06:36","slug":"zpacks-ersatz-rueckenwand-aus-mesh","status":"publish","type":"product","link":"https:\/\/litepack.ch\/en\/product\/zpacks-ersatz-rueckenwand-aus-mesh\/","title":{"rendered":"Zpacks Ersatz-R\u00fcckenwand aus Mesh"},"content":{"rendered":"<p>Dies ist unser originales Mesh-R\u00fcckenteil. Es wird verwendet, um Spannung auf unsere Arc-Stil Rucksack Rahmen hinzuzuf\u00fcgen, und zu helfen, eine L\u00fccke f\u00fcr den Luftstrom gegen den R\u00fccken zu halten.<\/p>\n<p>Es passt auf alle Arc-Rucks\u00e4cke und kann an alten oder neuen Rucks\u00e4cken nachger\u00fcstet werden. Es wird aus unserem 3,5 oz\/qd (119 g\/m\u00b2) Taschengewebe hergestellt. Die L\u00f6cher sind etwas gr\u00f6\u00dfer als 1\/8\u201c (ca. 4 mm) und erm\u00f6glichen eine sehr gute Luftzirkulation.<\/p>\n<p>Dieses Netzmaterial dehnt sich nicht so stark wie die Lycra-R\u00fcckenteile, die derzeit bei allen Arc-Rucks\u00e4cken mitgeliefert werden. Einige Kunden bevorzugen das festere Taschengewebe und die bessere Luftzirkulation im Vergleich zu Lycra. Andere Kunden bevorzugen das weiche und dehnbare Lycra, das jetzt unser Standard ist.<\/p>","protected":false},"excerpt":{"rendered":"<p>Dies ist unser originales Mesh-R\u00fcckenteil. Es wird verwendet, um Spannung auf unsere Arc-Stil Rucksack Rahmen hinzuzuf\u00fcgen, und zu helfen, eine<\/p>","protected":false},"featured_media":37179,"comment_status":"open","ping_status":"closed","template":"","meta":[],"product_brand":[220],"product_cat":[277,191],"product_tag":[],"class_list":{"0":"post-37178","1":"product","2":"type-product","3":"status-publish","4":"has-post-thumbnail","6":"product_brand-zpacks","7":"product_cat-rucksack-zubehoer","8":"product_cat-zubehoer","9":"pa_hersteller-zpacks","11":"first","12":"instock","13":"taxable","14":"shipping-taxable","15":"purchasable","16":"product-type-simple"},"_links":{"self":[{"href":"https:\/\/litepack.ch\/en\/wp-json\/wp\/v2\/product\/37178","targetHints":{"allow":["GET"]}}],"collection":[{"href":"https:\/\/litepack.ch\/en\/wp-json\/wp\/v2\/product"}],"about":[{"href":"https:\/\/litepack.ch\/en\/wp-json\/wp\/v2\/types\/product"}],"replies":[{"embeddable":true,"href":"https:\/\/litepack.ch\/en\/wp-json\/wp\/v2\/comments?post=37178"}],"wp:featuredmedia":[{"embeddable":true,"href":"https:\/\/litepack.ch\/en\/wp-json\/wp\/v2\/media\/37179"}],"wp:attachment":[{"href":"https:\/\/litepack.ch\/en\/wp-json\/wp\/v2\/media?parent=37178"}],"wp:term":[{"taxonomy":"product_brand","embeddable":true,"href":"https:\/\/litepack.ch\/en\/wp-json\/wp\/v2\/product_brand?post=37178"},{"taxonomy":"product_cat","embeddable":true,"href":"https:\/\/litepack.ch\/en\/wp-json\/wp\/v2\/product_cat?post=37178"},{"taxonomy":"product_tag","embeddable":true,"href":"https:\/\/litepack.ch\/en\/wp-json\/wp\/v2\/product_tag?post=37178"}],"curies":[{"name":"wp","href":"https:\/\/api.w.org\/{rel}","templated":true}]}}