{"id":37176,"date":"2025-02-19T15:22:53","date_gmt":"2025-02-19T14:22:53","guid":{"rendered":"http:\/\/litepack.ch\/?post_type=product&#038;p=37176"},"modified":"2025-09-26T11:06:50","modified_gmt":"2025-09-26T10:06:50","slug":"zpacks-ersatz-rueckenplatte-lycra","status":"publish","type":"product","link":"https:\/\/litepack.ch\/en\/product\/zpacks-ersatz-rueckenplatte-lycra\/","title":{"rendered":"Zpacks Ersatz-R\u00fcckenplatte Lycra"},"content":{"rendered":"<p>Dies ist ein Ersatz f\u00fcr das Lycra-R\u00fcckenteil, das derzeit mit allen Rucks\u00e4cken im Arc-Stil geliefert wird. Es schafft Luftspalt gegen den R\u00fccken des Tr\u00e4gers. Es ist auch mit allen \u00e4lteren Arc-Rucks\u00e4cken als Nachr\u00fcstung kompatibel.<\/p>\n<p>Das Lycra-Netzgewebe ist weich und dehnbar und f\u00fchlt sich gut auf dem R\u00fccken des Tr\u00e4gers an.<\/p>\n<p>Wir haben auch unsere originalen Mesh Back Panels, die aus Pocket Mesh hergestellt sind. Einige Kunden bevorzugen das urspr\u00fcngliche Netzgewebe, weil es fester ist und eine bessere Luftzirkulation bietet. Beide Modelle sind bei allen alten und neuen Arc-Rucks\u00e4cken austauschbar.<\/p>","protected":false},"excerpt":{"rendered":"<p>Dies ist ein Ersatz f\u00fcr das Lycra-R\u00fcckenteil, das derzeit mit allen Rucks\u00e4cken im Arc-Stil geliefert wird. Es schafft Luftspalt gegen<\/p>","protected":false},"featured_media":37177,"comment_status":"open","ping_status":"closed","template":"","meta":[],"product_brand":[220],"product_cat":[277,191],"product_tag":[],"class_list":{"0":"post-37176","1":"product","2":"type-product","3":"status-publish","4":"has-post-thumbnail","6":"product_brand-zpacks","7":"product_cat-rucksack-zubehoer","8":"product_cat-zubehoer","9":"pa_hersteller-zpacks","11":"first","12":"instock","13":"taxable","14":"shipping-taxable","15":"purchasable","16":"product-type-simple"},"_links":{"self":[{"href":"https:\/\/litepack.ch\/en\/wp-json\/wp\/v2\/product\/37176","targetHints":{"allow":["GET"]}}],"collection":[{"href":"https:\/\/litepack.ch\/en\/wp-json\/wp\/v2\/product"}],"about":[{"href":"https:\/\/litepack.ch\/en\/wp-json\/wp\/v2\/types\/product"}],"replies":[{"embeddable":true,"href":"https:\/\/litepack.ch\/en\/wp-json\/wp\/v2\/comments?post=37176"}],"wp:featuredmedia":[{"embeddable":true,"href":"https:\/\/litepack.ch\/en\/wp-json\/wp\/v2\/media\/37177"}],"wp:attachment":[{"href":"https:\/\/litepack.ch\/en\/wp-json\/wp\/v2\/media?parent=37176"}],"wp:term":[{"taxonomy":"product_brand","embeddable":true,"href":"https:\/\/litepack.ch\/en\/wp-json\/wp\/v2\/product_brand?post=37176"},{"taxonomy":"product_cat","embeddable":true,"href":"https:\/\/litepack.ch\/en\/wp-json\/wp\/v2\/product_cat?post=37176"},{"taxonomy":"product_tag","embeddable":true,"href":"https:\/\/litepack.ch\/en\/wp-json\/wp\/v2\/product_tag?post=37176"}],"curies":[{"name":"wp","href":"https:\/\/api.w.org\/{rel}","templated":true}]}}