{"id":37041,"date":"2025-02-16T17:06:58","date_gmt":"2025-02-16T16:06:58","guid":{"rendered":"http:\/\/litepack.ch\/?post_type=product&#038;p=37041"},"modified":"2026-03-03T10:21:30","modified_gmt":"2026-03-03T09:21:30","slug":"zpacks-top-seitentasche","status":"publish","type":"product","link":"https:\/\/litepack.ch\/en\/product\/zpacks-top-seitentasche\/","title":{"rendered":"Zpacks Extra Seitentasche"},"content":{"rendered":"<p>Manchmal erfordert ein Abenteuer ein wenig mehr Platz. Unsere modularen Top-Side-Pockets aus Ultra-Material erm\u00f6glichen es Ihnen, zus\u00e4tzliche Ausr\u00fcstung (wie Ihren Kochtopf oder Ihre Regenausr\u00fcstung) an der Au\u00dfenseite Ihres Rucksacks zu transportieren und gleichzeitig gr\u00f6\u00dfere Gegenst\u00e4nde (wie Trekkingst\u00f6cke, einen Regenschirm oder eine Angelrute) hinter den Taschen zu verstauen.<\/p>\n<ul>\n<li>Gefertigt mit **Black Ultra 100X**-Gewebe auf der R\u00fcckseite und strapazierf\u00e4higem, elastischem Mesh auf der Vorderseite.<\/li>\n<li>Das Mesh erm\u00f6glicht dir, den Inhalt leicht zu sehen und nasse Gegenst\u00e4nde schneller trocknen zu lassen.&nbsp;<\/li>\n<li>Die Taschen eignen sich ideal f\u00fcr einen Topf bis 1 Liter, einen Wasserfilter, M\u00fctze und Handschuhe, unsere Regenjacke und -hose oder eine aufblasbare Isomatte.&nbsp;<\/li>\n<li>Da die Taschen nicht fest am Rucksack vern\u00e4ht sind, kannst du weiterhin lange Gegenst\u00e4nde wie Trekkingst\u00f6cke, einen Schirm oder eine Angel hinter den Taschen verstauen.&nbsp;<\/li>\n<li>Die Taschen k\u00f6nnen jederzeit abgenommen oder sp\u00e4ter hinzugef\u00fcgt werden.&nbsp;<\/li>\n<li>Kompatibel mit jedem Rucksack, der seitliche Befestigungspunkte hat. Das Shock Cord an den vier Ecken der Tasche kann nach oben und unten gespannt werden, um unterschiedliche Rucksackgr\u00f6ssen und Positionierungen zu erm\u00f6glichen.<\/li>\n<li>Hergestellt in den USA.<\/li>\n<\/ul>\n<p><iframe title=\"Zpacks Top Side Pocket Installation | Installation\" width=\"500\" height=\"281\" src=\"https:\/\/www.youtube.com\/embed\/7_PwsQoh_lA?feature=oembed\" frameborder=\"0\" allow=\"accelerometer; autoplay; clipboard-write; encrypted-media; gyroscope; picture-in-picture; web-share\" referrerpolicy=\"strict-origin-when-cross-origin\" allowfullscreen><\/iframe><\/p>","protected":false},"excerpt":{"rendered":"<p>Manchmal erfordert ein Abenteuer ein wenig mehr Platz. Unsere modularen Top-Side-Pockets aus Ultra-Material erm\u00f6glichen es Ihnen, zus\u00e4tzliche Ausr\u00fcstung (wie Ihren<\/p>","protected":false},"featured_media":37042,"comment_status":"open","ping_status":"closed","template":"","meta":[],"product_brand":[220],"product_cat":[277,191],"product_tag":[],"class_list":{"0":"post-37041","1":"product","2":"type-product","3":"status-publish","4":"has-post-thumbnail","6":"product_brand-zpacks","7":"product_cat-rucksack-zubehoer","8":"product_cat-zubehoer","9":"pa_hersteller-zpacks","11":"first","12":"instock","13":"taxable","14":"shipping-taxable","15":"purchasable","16":"product-type-variable","17":"has-default-attributes"},"_links":{"self":[{"href":"https:\/\/litepack.ch\/en\/wp-json\/wp\/v2\/product\/37041","targetHints":{"allow":["GET"]}}],"collection":[{"href":"https:\/\/litepack.ch\/en\/wp-json\/wp\/v2\/product"}],"about":[{"href":"https:\/\/litepack.ch\/en\/wp-json\/wp\/v2\/types\/product"}],"replies":[{"embeddable":true,"href":"https:\/\/litepack.ch\/en\/wp-json\/wp\/v2\/comments?post=37041"}],"wp:featuredmedia":[{"embeddable":true,"href":"https:\/\/litepack.ch\/en\/wp-json\/wp\/v2\/media\/37042"}],"wp:attachment":[{"href":"https:\/\/litepack.ch\/en\/wp-json\/wp\/v2\/media?parent=37041"}],"wp:term":[{"taxonomy":"product_brand","embeddable":true,"href":"https:\/\/litepack.ch\/en\/wp-json\/wp\/v2\/product_brand?post=37041"},{"taxonomy":"product_cat","embeddable":true,"href":"https:\/\/litepack.ch\/en\/wp-json\/wp\/v2\/product_cat?post=37041"},{"taxonomy":"product_tag","embeddable":true,"href":"https:\/\/litepack.ch\/en\/wp-json\/wp\/v2\/product_tag?post=37041"}],"curies":[{"name":"wp","href":"https:\/\/api.w.org\/{rel}","templated":true}]}}