{"id":37024,"date":"2025-02-16T16:44:06","date_gmt":"2025-02-16T15:44:06","guid":{"rendered":"http:\/\/litepack.ch\/?post_type=product&#038;p=37024"},"modified":"2026-02-19T14:26:52","modified_gmt":"2026-02-19T13:26:52","slug":"zpacks-nackenwaermer","status":"publish","type":"product","link":"https:\/\/litepack.ch\/en\/product\/zpacks-nackenwaermer\/","title":{"rendered":"Zpacks Nackenw\u00e4rmer Buff"},"content":{"rendered":"<p>Ob Sie eine W\u00fcste erforschen, durch dichte W\u00e4lder <a href=\"https:\/\/litepack.ch\/en\/pilgerreisen\/\" data-internallinksmanager029f6b8e52c=\"6\" title=\"Pilgerreisen\">wandern<\/a> oder irgendwo in der K\u00e4lte unterwegs sind, der <a href=\"\/en\/hersteller\/zpacks\/\" data-internallinksmanager029f6b8e52c=\"2\" title=\"Zpacks\">Zpacks<\/a> Neck Gaiter ist ein unverzichtbarer Bestandteil der Packliste. Diese multifunktionale Kopfbedeckung kann auf unendlich viele Arten verwendet werden, um Ihr Gesicht und Ihren Hals vor den Elementen zu sch\u00fctzen! Der Neck Gaiter ist ein durchgehend gewebter Schlauch, der Sie an kalten Tagen warm h\u00e4lt, Schwei\u00df auff\u00e4ngt oder Ihr Gesicht und Ihren Hals vor Sonnenbrand sch\u00fctzen kann.<\/p>\n<ul>\n<li>Falten Sie ihn in der Mitte und tragen Sie ihn an k\u00fchlen Morgen wie einen Schal um den Hals.<\/li>\n<li>Legen Sie es doppelt um Kopf und Ohren wie eine warme M\u00fctze.<\/li>\n<li>Falten Sie es wie ein Stirnband zusammen, um Schwei\u00df aufzufangen, Ihre Ohren warm zu halten oder lange Haare aus dem Gesicht zu halten.<\/li>\n<li>Ziehen Sie eine einzelne Lage \u00fcber Ihr Gesicht, um Mund und Nase vor Staub zu sch\u00fctzen.<\/li>\n<li>Ziehen Sie eine oder zwei Schichten \u00fcber Ihr Gesicht, um den kalten Wind abzuhalten.<\/li>\n<li>Legen Sie eine einzelne Schicht um Ihr Gesicht oder Ihre Ohren, um Insekten abzuhalten.<\/li>\n<li>Legen Sie eine einzelne Lage um Hals oder Kopf, um Sonnenbrand zu vermeiden.<\/li>\n<li>100% Polyester Nahtlos gestrickt<\/li>\n<\/ul>","protected":false},"excerpt":{"rendered":"<p>Ob Sie eine W\u00fcste erforschen, durch dichte W\u00e4lder wandern oder irgendwo in der K\u00e4lte unterwegs sind, der Zpacks Neck Gaiter<\/p>","protected":false},"featured_media":37025,"comment_status":"open","ping_status":"closed","template":"","meta":[],"product_brand":[220],"product_cat":[190],"product_tag":[],"class_list":{"0":"post-37024","1":"product","2":"type-product","3":"status-publish","4":"has-post-thumbnail","6":"product_brand-zpacks","7":"product_cat-kleidung","8":"pa_hersteller-zpacks","10":"first","11":"instock","12":"taxable","13":"shipping-taxable","14":"purchasable","15":"product-type-simple"},"_links":{"self":[{"href":"https:\/\/litepack.ch\/en\/wp-json\/wp\/v2\/product\/37024","targetHints":{"allow":["GET"]}}],"collection":[{"href":"https:\/\/litepack.ch\/en\/wp-json\/wp\/v2\/product"}],"about":[{"href":"https:\/\/litepack.ch\/en\/wp-json\/wp\/v2\/types\/product"}],"replies":[{"embeddable":true,"href":"https:\/\/litepack.ch\/en\/wp-json\/wp\/v2\/comments?post=37024"}],"wp:featuredmedia":[{"embeddable":true,"href":"https:\/\/litepack.ch\/en\/wp-json\/wp\/v2\/media\/37025"}],"wp:attachment":[{"href":"https:\/\/litepack.ch\/en\/wp-json\/wp\/v2\/media?parent=37024"}],"wp:term":[{"taxonomy":"product_brand","embeddable":true,"href":"https:\/\/litepack.ch\/en\/wp-json\/wp\/v2\/product_brand?post=37024"},{"taxonomy":"product_cat","embeddable":true,"href":"https:\/\/litepack.ch\/en\/wp-json\/wp\/v2\/product_cat?post=37024"},{"taxonomy":"product_tag","embeddable":true,"href":"https:\/\/litepack.ch\/en\/wp-json\/wp\/v2\/product_tag?post=37024"}],"curies":[{"name":"wp","href":"https:\/\/api.w.org\/{rel}","templated":true}]}}