{"id":37013,"date":"2025-02-14T20:33:12","date_gmt":"2025-02-14T19:33:12","guid":{"rendered":"http:\/\/litepack.ch\/?post_type=product&#038;p=37013"},"modified":"2026-03-14T11:14:39","modified_gmt":"2026-03-14T10:14:39","slug":"zpacks-smartphone-tasche","status":"publish","type":"product","link":"https:\/\/litepack.ch\/en\/product\/zpacks-smartphone-tasche\/","title":{"rendered":"Zpacks Smartphone Tasche"},"content":{"rendered":"<p>Die aus strapazierf\u00e4higem Ultra 100X-Gewebe gefertigte Tasche ist ideal, um ein Smartphone in Standardgr\u00f6\u00dfe vor Kratzern und Wasser zu sch\u00fctzen. Sie k\u00f6nnen auch Ihr Bargeld, Ihre Kreditkarten und Ihren Reisepass zusammen mit Ihrem Handy aufbewahren. Wenn Sie ein Handy in \u00dcbergr\u00f6\u00dfe oder eine sperrige Tasche haben, sollten Sie die Phablet Zip Pouch in Betracht ziehen.<br \/>\nDie Reissverschlusstasche muss etwa einen Zentimeter breiter und h\u00f6her als das Ger\u00e4t sein, damit sie bequem passt.<\/p>\n<ul>\n<li>Hergestellt aus Ultra 100X Fabric, die bis zu dem Missbrauch des Tragens in der Tasche stehen kann.<\/li>\n<li>Diese Tasche passt f\u00fcr die meisten iPhones und Android-Handys mit einer Bildschirmgr\u00f6\u00dfe von bis zu 5,5\u201c.<\/li>\n<li>Gr\u00f6\u00dfere Telefone mit 6\u201c und mehr sowie Telefone in einer sperrigen H\u00fclle ben\u00f6tigen m\u00f6glicherweise die Phablet Zip Pouch.<\/li>\n<li>Die Rei\u00dfverschlusstasche muss etwa einen Zoll breiter und h\u00f6her als das Ger\u00e4t sein, um bequem zu passen.<\/li>\n<li>Mit einem wasserfesten Rei\u00dfverschluss versehen. Sie sind sehr wasserfest, solange sie nicht \u00fcber einen l\u00e4ngeren Zeitraum untergetaucht werden.<\/li>\n<li>Zuglaschen erleichtern das \u00d6ffnen des Rei\u00dfverschlusses und k\u00f6nnen auch verwendet werden, um die Tasche mit einem Karabiner an Ihrem Rucksack zu befestigen.<\/li>\n<li>Hergestellt in den USA.<\/li>\n<\/ul>","protected":false},"excerpt":{"rendered":"<p>Die aus strapazierf\u00e4higem Ultra 100X-Gewebe gefertigte Tasche ist ideal, um ein Smartphone in Standardgr\u00f6\u00dfe vor Kratzern und Wasser zu sch\u00fctzen.<\/p>","protected":false},"featured_media":37014,"comment_status":"open","ping_status":"closed","template":"","meta":[],"product_brand":[220],"product_cat":[296,191],"product_tag":[],"class_list":{"0":"post-37013","1":"product","2":"type-product","3":"status-publish","4":"has-post-thumbnail","6":"product_brand-zpacks","7":"product_cat-weiteres-zubehoer","8":"product_cat-zubehoer","9":"pa_hersteller-zpacks","11":"first","12":"instock","13":"taxable","14":"shipping-taxable","15":"purchasable","16":"product-type-simple"},"_links":{"self":[{"href":"https:\/\/litepack.ch\/en\/wp-json\/wp\/v2\/product\/37013","targetHints":{"allow":["GET"]}}],"collection":[{"href":"https:\/\/litepack.ch\/en\/wp-json\/wp\/v2\/product"}],"about":[{"href":"https:\/\/litepack.ch\/en\/wp-json\/wp\/v2\/types\/product"}],"replies":[{"embeddable":true,"href":"https:\/\/litepack.ch\/en\/wp-json\/wp\/v2\/comments?post=37013"}],"wp:featuredmedia":[{"embeddable":true,"href":"https:\/\/litepack.ch\/en\/wp-json\/wp\/v2\/media\/37014"}],"wp:attachment":[{"href":"https:\/\/litepack.ch\/en\/wp-json\/wp\/v2\/media?parent=37013"}],"wp:term":[{"taxonomy":"product_brand","embeddable":true,"href":"https:\/\/litepack.ch\/en\/wp-json\/wp\/v2\/product_brand?post=37013"},{"taxonomy":"product_cat","embeddable":true,"href":"https:\/\/litepack.ch\/en\/wp-json\/wp\/v2\/product_cat?post=37013"},{"taxonomy":"product_tag","embeddable":true,"href":"https:\/\/litepack.ch\/en\/wp-json\/wp\/v2\/product_tag?post=37013"}],"curies":[{"name":"wp","href":"https:\/\/api.w.org\/{rel}","templated":true}]}}