{"id":37008,"date":"2025-02-14T20:27:50","date_gmt":"2025-02-14T19:27:50","guid":{"rendered":"http:\/\/litepack.ch\/?post_type=product&#038;p=37008"},"modified":"2025-10-02T19:50:52","modified_gmt":"2025-10-02T18:50:52","slug":"zpacks-travel-beutel","status":"publish","type":"product","link":"https:\/\/litepack.ch\/en\/product\/zpacks-travel-beutel\/","title":{"rendered":"Zpacks Travel Beutel"},"content":{"rendered":"<p>Unser ultraleichter Travel Utility Zip bewahrt Ihre wichtigsten Gegenst\u00e4nde sicher und griffbereit auf, wenn Sie unterwegs sind. Ein Rei\u00dfverschlussfach erm\u00f6glicht es Ihnen, Ihre wichtigsten Dinge zu organisieren, und bietet separate Innentaschen f\u00fcr Ihren Reisepass, Field Notes und einen Stift.<br \/>\nIm Travel Utility Zip-Fach k\u00f6nnen Sie Ihr Telefon, Ihr Flugticket, Ihr Bargeld und Ihre Kopfh\u00f6rer aufbewahren, wenn Sie unterwegs sind.<br \/>\nEin verstellbarer Umh\u00e4ngeriemen sorgt daf\u00fcr, dass Ihre wichtigen Gegenst\u00e4nde nicht aus dem Travel Utility Zip fallen oder vergessen werden.<br \/>\nBen\u00f6tigen Sie eine andere Gr\u00f6\u00dfe? Sehen Sie sich den Rest unserer Zip Pouch-Kollektion an.<br \/>\nMehr aus unserer Crossover-Kollektion finden Sie hier.<\/p>\n<ul>\n<li>Hergestellt aus Ultra 100X, das dem Missbrauch beim Herumtragen standhalten kann.<\/li>\n<li>Verstellbare Umh\u00e4ngekordel, so dass Sie es auf Reisen tragen k\u00f6nnen.<\/li>\n<li>Perfekt f\u00fcr den Transport und die Organisation von Reisepass, Flugticket, Brieftasche, Reisedokumenten, Telefon und anderen Gegenst\u00e4nden, die Sie griffbereit und sicher haben m\u00f6chten.<\/li>\n<li>Passt f\u00fcr \u00fcbergro\u00dfe Smartphones.<\/li>\n<li>Tragen Sie diese Tasche beim <a href=\"https:\/\/litepack.ch\/en\/pilgerreisen\/\" data-internallinksmanager029f6b8e52c=\"6\" title=\"Pilgerreisen\">Wandern<\/a>, um Ihre kleine Kamera, Karten oder andere Gegenst\u00e4nde griffbereit auf der Brust zu haben.<\/li>\n<li>Der Travel Utility Zip ist mit einem wasserdichten Rei\u00dfverschluss ausgestattet, der auch bei leichtem Nebel oder Spr\u00fchregen Wasser abh\u00e4lt.<\/li>\n<li>Hergestellt in den USA.<\/li>\n<\/ul>","protected":false},"excerpt":{"rendered":"<p>Unser ultraleichter Travel Utility Zip bewahrt Ihre wichtigsten Gegenst\u00e4nde sicher und griffbereit auf, wenn Sie unterwegs sind. Ein Rei\u00dfverschlussfach erm\u00f6glicht<\/p>","protected":false},"featured_media":37010,"comment_status":"open","ping_status":"closed","template":"","meta":[],"product_brand":[220],"product_cat":[296,191],"product_tag":[],"class_list":{"0":"post-37008","1":"product","2":"type-product","3":"status-publish","4":"has-post-thumbnail","6":"product_brand-zpacks","7":"product_cat-weiteres-zubehoer","8":"product_cat-zubehoer","9":"pa_hersteller-zpacks","11":"first","12":"instock","13":"taxable","14":"shipping-taxable","15":"purchasable","16":"product-type-simple"},"_links":{"self":[{"href":"https:\/\/litepack.ch\/en\/wp-json\/wp\/v2\/product\/37008","targetHints":{"allow":["GET"]}}],"collection":[{"href":"https:\/\/litepack.ch\/en\/wp-json\/wp\/v2\/product"}],"about":[{"href":"https:\/\/litepack.ch\/en\/wp-json\/wp\/v2\/types\/product"}],"replies":[{"embeddable":true,"href":"https:\/\/litepack.ch\/en\/wp-json\/wp\/v2\/comments?post=37008"}],"wp:featuredmedia":[{"embeddable":true,"href":"https:\/\/litepack.ch\/en\/wp-json\/wp\/v2\/media\/37010"}],"wp:attachment":[{"href":"https:\/\/litepack.ch\/en\/wp-json\/wp\/v2\/media?parent=37008"}],"wp:term":[{"taxonomy":"product_brand","embeddable":true,"href":"https:\/\/litepack.ch\/en\/wp-json\/wp\/v2\/product_brand?post=37008"},{"taxonomy":"product_cat","embeddable":true,"href":"https:\/\/litepack.ch\/en\/wp-json\/wp\/v2\/product_cat?post=37008"},{"taxonomy":"product_tag","embeddable":true,"href":"https:\/\/litepack.ch\/en\/wp-json\/wp\/v2\/product_tag?post=37008"}],"curies":[{"name":"wp","href":"https:\/\/api.w.org\/{rel}","templated":true}]}}