{"id":36995,"date":"2025-02-14T20:03:09","date_gmt":"2025-02-14T19:03:09","guid":{"rendered":"http:\/\/litepack.ch\/?post_type=product&#038;p=36995"},"modified":"2026-03-21T22:26:48","modified_gmt":"2026-03-21T21:26:48","slug":"zpacks-front-utility-zubehoer-pack","status":"publish","type":"product","link":"https:\/\/litepack.ch\/en\/product\/zpacks-front-utility-zubehoer-pack\/","title":{"rendered":"Zpacks Front Utility Zubeh\u00f6r Pack"},"content":{"rendered":"<p>Ob auf dem Gipfel oder auf der Stra\u00dfe &#8211; das vielseitige Front Utility Pack Accessory (F.U.P.A) bietet schnellen und einfachen Zugriff auf all Ihre wichtigen Dinge.<\/p>\n<p>Der ultraleichte F.U.P.A. bietet viel Platz f\u00fcr Ihr Handy, eine Kamera, eine Jacke oder Snacks und kann als eigenst\u00e4ndiges Element beim Erklimmen eines Gipfels oder bei einem n\u00e4chtlichen Ausflug in die Stadt getragen werden.<\/p>\n<p>Lassen Sie den Gurt zu Hause und verbinden Sie den F.U.P.A. direkt mit einem unserer Rucks\u00e4cke, um das ultimative Rucksackzubeh\u00f6r zu erhalten.<\/p>\n<ul>\n<li>Ger\u00e4umiger Innenraum &#8211; 1,7-Liter-Hauptfach<\/li>\n<li>Mesh-Innentasche &#8211; Perfekt f\u00fcr die Aufbewahrung von Brieftasche und Schl\u00fcssel<\/li>\n<li>Hintere Au\u00dfentasche &#8211; Zum Verstauen von Telefon oder Karten<\/li>\n<li>Verstellbarer Gurt &#8211; Abnehmbarer 1&#8243;-Gurt aus Gurtband, verstellbar auf bis zu 50\u201c<\/li>\n<li>Kompatibel mit unseren Rucks\u00e4cken &#8211; L\u00e4sst sich direkt an unseren Rucks\u00e4cken befestigen<\/li>\n<li>Gepolsterter R\u00fccken &#8211; Der F.U.P.A. liegt bequem am K\u00f6rper an<\/li>\n<li>Hochgradig wasserdicht &#8211; Der wasserdichte #3 YKK-Rei\u00dfverschluss und die versiegelten N\u00e4hte halten das meiste Wasser ab. (Legen Sie ihn vorsichtshalber mit einem 1-Gallonen-Rei\u00dfverschluss aus, wenn Sie Elektronik tragen).<\/li>\n<li>Hergestellt in den USA<\/li>\n<\/ul>\n<p><iframe title=\"Zpacks Front Utility Pack Accessory (F.U.P.A) | Overview\" width=\"500\" height=\"281\" src=\"https:\/\/www.youtube.com\/embed\/yDZpy6WqE3o?feature=oembed\" frameborder=\"0\" allow=\"accelerometer; autoplay; clipboard-write; encrypted-media; gyroscope; picture-in-picture; web-share\" referrerpolicy=\"strict-origin-when-cross-origin\" allowfullscreen><\/iframe><\/p>","protected":false},"excerpt":{"rendered":"<p>Ob auf dem Gipfel oder auf der Stra\u00dfe &#8211; das vielseitige Front Utility Pack Accessory (F.U.P.A) bietet schnellen und einfachen<\/p>","protected":false},"featured_media":36999,"comment_status":"open","ping_status":"closed","template":"","meta":[],"product_brand":[220],"product_cat":[277,191],"product_tag":[],"class_list":{"0":"post-36995","1":"product","2":"type-product","3":"status-publish","4":"has-post-thumbnail","6":"product_brand-zpacks","7":"product_cat-rucksack-zubehoer","8":"product_cat-zubehoer","9":"pa_hersteller-zpacks","11":"first","12":"instock","13":"taxable","14":"shipping-taxable","15":"purchasable","16":"product-type-simple"},"_links":{"self":[{"href":"https:\/\/litepack.ch\/en\/wp-json\/wp\/v2\/product\/36995","targetHints":{"allow":["GET"]}}],"collection":[{"href":"https:\/\/litepack.ch\/en\/wp-json\/wp\/v2\/product"}],"about":[{"href":"https:\/\/litepack.ch\/en\/wp-json\/wp\/v2\/types\/product"}],"replies":[{"embeddable":true,"href":"https:\/\/litepack.ch\/en\/wp-json\/wp\/v2\/comments?post=36995"}],"wp:featuredmedia":[{"embeddable":true,"href":"https:\/\/litepack.ch\/en\/wp-json\/wp\/v2\/media\/36999"}],"wp:attachment":[{"href":"https:\/\/litepack.ch\/en\/wp-json\/wp\/v2\/media?parent=36995"}],"wp:term":[{"taxonomy":"product_brand","embeddable":true,"href":"https:\/\/litepack.ch\/en\/wp-json\/wp\/v2\/product_brand?post=36995"},{"taxonomy":"product_cat","embeddable":true,"href":"https:\/\/litepack.ch\/en\/wp-json\/wp\/v2\/product_cat?post=36995"},{"taxonomy":"product_tag","embeddable":true,"href":"https:\/\/litepack.ch\/en\/wp-json\/wp\/v2\/product_tag?post=36995"}],"curies":[{"name":"wp","href":"https:\/\/api.w.org\/{rel}","templated":true}]}}