{"id":36985,"date":"2025-02-14T19:53:35","date_gmt":"2025-02-14T18:53:35","guid":{"rendered":"http:\/\/litepack.ch\/?post_type=product&#038;p=36985"},"modified":"2026-03-03T10:19:02","modified_gmt":"2026-03-03T09:19:02","slug":"zpacks-flaschenhalterung","status":"publish","type":"product","link":"https:\/\/litepack.ch\/en\/product\/zpacks-flaschenhalterung\/","title":{"rendered":"Zpacks Flaschenhalterung"},"content":{"rendered":"<p>Wasserflaschenhalterungen sind eine gro\u00dfartige M\u00f6glichkeit, Ihr Wasser leicht zug\u00e4nglich zu halten und gleichzeitig Ihren Rucksack auszubalancieren. Entwickelt, um die meisten beliebten gro\u00dfen schlanken 1L-Flaschen zu halten, werden diese Netze an den Schultergurten auf fast jedem Rucksack einen Platz finden.<\/p>\n<p>&nbsp;<\/p>\n<p><iframe title=\"Zpacks Water Bottle Sleeve | Overview\" width=\"500\" height=\"281\" src=\"https:\/\/www.youtube.com\/embed\/QXu7vyqCQ9A?feature=oembed\" frameborder=\"0\" allow=\"accelerometer; autoplay; clipboard-write; encrypted-media; gyroscope; picture-in-picture; web-share\" referrerpolicy=\"strict-origin-when-cross-origin\" allowfullscreen><\/iframe><\/p>\n<p>&nbsp;<\/p>","protected":false},"excerpt":{"rendered":"<p>Wasserflaschenhalterungen sind eine gro\u00dfartige M\u00f6glichkeit, Ihr Wasser leicht zug\u00e4nglich zu halten und gleichzeitig Ihren Rucksack auszubalancieren. Entwickelt, um die meisten<\/p>","protected":false},"featured_media":36986,"comment_status":"open","ping_status":"closed","template":"","meta":[],"product_brand":[220],"product_cat":[277,191],"product_tag":[],"class_list":{"0":"post-36985","1":"product","2":"type-product","3":"status-publish","4":"has-post-thumbnail","6":"product_brand-zpacks","7":"product_cat-rucksack-zubehoer","8":"product_cat-zubehoer","9":"pa_hersteller-zpacks","11":"first","12":"instock","13":"taxable","14":"shipping-taxable","15":"purchasable","16":"product-type-variable","17":"has-default-attributes"},"_links":{"self":[{"href":"https:\/\/litepack.ch\/en\/wp-json\/wp\/v2\/product\/36985","targetHints":{"allow":["GET"]}}],"collection":[{"href":"https:\/\/litepack.ch\/en\/wp-json\/wp\/v2\/product"}],"about":[{"href":"https:\/\/litepack.ch\/en\/wp-json\/wp\/v2\/types\/product"}],"replies":[{"embeddable":true,"href":"https:\/\/litepack.ch\/en\/wp-json\/wp\/v2\/comments?post=36985"}],"wp:featuredmedia":[{"embeddable":true,"href":"https:\/\/litepack.ch\/en\/wp-json\/wp\/v2\/media\/36986"}],"wp:attachment":[{"href":"https:\/\/litepack.ch\/en\/wp-json\/wp\/v2\/media?parent=36985"}],"wp:term":[{"taxonomy":"product_brand","embeddable":true,"href":"https:\/\/litepack.ch\/en\/wp-json\/wp\/v2\/product_brand?post=36985"},{"taxonomy":"product_cat","embeddable":true,"href":"https:\/\/litepack.ch\/en\/wp-json\/wp\/v2\/product_cat?post=36985"},{"taxonomy":"product_tag","embeddable":true,"href":"https:\/\/litepack.ch\/en\/wp-json\/wp\/v2\/product_tag?post=36985"}],"curies":[{"name":"wp","href":"https:\/\/api.w.org\/{rel}","templated":true}]}}