{"id":36973,"date":"2025-02-14T19:21:12","date_gmt":"2025-02-14T18:21:12","guid":{"rendered":"http:\/\/litepack.ch\/?post_type=product&#038;p=36973"},"modified":"2026-03-06T21:36:24","modified_gmt":"2026-03-06T20:36:24","slug":"zpacks-aufblasbares-kopfkissen","status":"publish","type":"product","link":"https:\/\/litepack.ch\/en\/product\/zpacks-aufblasbares-kopfkissen\/","title":{"rendered":"Zpacks Aufblasbares Kopfkissen"},"content":{"rendered":"<p class=\"p1\">Entspanne dich nach einem langen Tag voller Abenteuer mit unserem aufblasbaren Kissen. Es wurde f\u00fcr Ultraleicht-<a href=\"https:\/\/litepack.ch\/en\/pilgerreisen\/\" data-internallinksmanager029f6b8e52c=\"6\" title=\"Pilgerreisen\">Wandern<\/a>de entwickelt, die Gewicht sparen m\u00f6chten, ohne auf Komfort zu verzichten. Das Kissen l\u00e4sst sich mit ein bis zwei Atemz\u00fcgen aufblasen und verf\u00fcgt \u00fcber eine komfortable Halbmondform, die sich sowohl f\u00fcr R\u00fccken- als auch Seitenschl\u00e4fer eignet.<\/p>\n<p class=\"p1\">Eine weiche, <a href=\"https:\/\/litepack.ch\/en\/product\/zpacks-kopfkissen-ueberzug\/\">gepolsterte Octa Kissenh\u00fclle<\/a> ist optional f\u00fcr dieses Produkt erh\u00e4ltlich. Oder du verwendest unseren <a href=\"https:\/\/litepack.ch\/en\/product\/zpacks-nackenwaermer\/\">Buff<\/a>.<\/p>\n<p class=\"p1\"><i>Dieser Artikel ist vom Umtausch ausgeschlossen, sobald er aus der Verpackung entfernt wurde.<\/i><i><\/i><\/p>\n<ul>\n<li class=\"p1\">Das Kissen besteht aus robustem, ultraleichtem Polyester mit verschweissten N\u00e4hten. Dadurch ist es sehr langlebig, l\u00e4sst sich klein verpacken und wiegt fast nichts.<\/li>\n<li class=\"p1\">Die Halbmondform sorgt daf\u00fcr, dass das Kissen beim Schlafen zentriert bleibt \u2013 egal ob du auf der Seite oder auf dem R\u00fccken schl\u00e4fst.<\/li>\n<li class=\"p1\">Die vertieften Luftkammern auf der Oberseite bilden Konturen, die den Kopf w\u00e4hrend des Schlafs angenehm st\u00fctzen.<\/li>\n<li class=\"p1\">Ein flaches Ventil auf der Unterseite erm\u00f6glicht ein schnelles und einfaches Aufblasen oder Entl\u00fcften, sodass du die Festigkeit optimal f\u00fcr eine erholsame Nacht einstellen kannst.<\/li>\n<li class=\"p1\">Eine optionale <a href=\"https:\/\/litepack.ch\/en\/product\/zpacks-kissen-befestigung\/\">Befestigungsschnur<\/a> kann zus\u00e4tzlich erworben werden. Damit l\u00e4sst sich das Kissen am Schlafpad fixieren, sodass es in der Nacht nicht verrutscht.<\/li>\n<li class=\"p1\">F\u00fcr zus\u00e4tzlichen Komfort und W\u00e4rme kannst du einen Neck Gaiter oder ein Ersatzshirt um das Kissen wickeln. Alternativ sorgt eine spezielle gepolsterte Kissenh\u00fclle f\u00fcr maximalen Schlafkomfort.<\/li>\n<li class=\"p1\">Hergestellt in den USA.<\/li>\n<\/ul>\n<p>&nbsp;<\/p>\n<p><iframe title=\"Zpacks Inflatable Pillow | Overview\" width=\"500\" height=\"281\" src=\"https:\/\/www.youtube.com\/embed\/VdM97-avCL0?start=1&#038;feature=oembed\" frameborder=\"0\" allow=\"accelerometer; autoplay; clipboard-write; encrypted-media; gyroscope; picture-in-picture; web-share\" referrerpolicy=\"strict-origin-when-cross-origin\" allowfullscreen><\/iframe><\/p>","protected":false},"excerpt":{"rendered":"<p>Entspanne dich nach einem langen Tag voller Abenteuer mit unserem aufblasbaren Kissen. Es wurde f\u00fcr Ultraleicht-Wandernde entwickelt, die Gewicht sparen<\/p>","protected":false},"featured_media":36981,"comment_status":"open","ping_status":"closed","template":"","meta":[],"product_brand":[220],"product_cat":[292,191],"product_tag":[],"class_list":{"0":"post-36973","1":"product","2":"type-product","3":"status-publish","4":"has-post-thumbnail","6":"product_brand-zpacks","7":"product_cat-schlaf-zubehoer","8":"product_cat-zubehoer","9":"pa_hersteller-zpacks","11":"first","12":"instock","13":"taxable","14":"shipping-taxable","15":"purchasable","16":"product-type-simple"},"_links":{"self":[{"href":"https:\/\/litepack.ch\/en\/wp-json\/wp\/v2\/product\/36973","targetHints":{"allow":["GET"]}}],"collection":[{"href":"https:\/\/litepack.ch\/en\/wp-json\/wp\/v2\/product"}],"about":[{"href":"https:\/\/litepack.ch\/en\/wp-json\/wp\/v2\/types\/product"}],"replies":[{"embeddable":true,"href":"https:\/\/litepack.ch\/en\/wp-json\/wp\/v2\/comments?post=36973"}],"wp:featuredmedia":[{"embeddable":true,"href":"https:\/\/litepack.ch\/en\/wp-json\/wp\/v2\/media\/36981"}],"wp:attachment":[{"href":"https:\/\/litepack.ch\/en\/wp-json\/wp\/v2\/media?parent=36973"}],"wp:term":[{"taxonomy":"product_brand","embeddable":true,"href":"https:\/\/litepack.ch\/en\/wp-json\/wp\/v2\/product_brand?post=36973"},{"taxonomy":"product_cat","embeddable":true,"href":"https:\/\/litepack.ch\/en\/wp-json\/wp\/v2\/product_cat?post=36973"},{"taxonomy":"product_tag","embeddable":true,"href":"https:\/\/litepack.ch\/en\/wp-json\/wp\/v2\/product_tag?post=36973"}],"curies":[{"name":"wp","href":"https:\/\/api.w.org\/{rel}","templated":true}]}}