{"id":36971,"date":"2025-02-14T19:11:49","date_gmt":"2025-02-14T18:11:49","guid":{"rendered":"http:\/\/litepack.ch\/?post_type=product&#038;p=36971"},"modified":"2025-05-05T12:25:57","modified_gmt":"2025-05-05T11:25:57","slug":"zpacks-schlafsack-aufbewahrungssack","status":"publish","type":"product","link":"https:\/\/litepack.ch\/en\/product\/zpacks-schlafsack-aufbewahrungssack\/","title":{"rendered":"Zpacks Schlafsack Aufbewahrungssack"},"content":{"rendered":"<p>Dieser gro\u00dfe Baumwollbeutel ist die perfekte Aufbewahrungsl\u00f6sung f\u00fcr ultraleichte Schlafs\u00e4cke und Steppdecken zu Hause! Er ist atmungsaktiv und sorgt daf\u00fcr, dass Ihr Schlafsack nicht zu stark komprimiert wird. Stopfen Sie Ihren Schlafsack locker hinein, h\u00e4ngen Sie ihn in Ihren Schrank, und schon k\u00f6nnen Sie loslegen.<br \/>\n*Der Schlafsack Beutel ist nicht wasserdicht und sollte nicht als Packsack f\u00fcr unterwegs verwendet werden. Unsere Quilts und Schlafs\u00e4cke enthalten einen wasserdichten Trockensack f\u00fcr den Einsatz auf dem Trail.<\/p>","protected":false},"excerpt":{"rendered":"<p>Dieser gro\u00dfe Baumwollbeutel ist die perfekte Aufbewahrungsl\u00f6sung f\u00fcr ultraleichte Schlafs\u00e4cke und Steppdecken zu Hause! Er ist atmungsaktiv und sorgt daf\u00fcr,<\/p>","protected":false},"featured_media":36972,"comment_status":"open","ping_status":"closed","template":"","meta":[],"product_brand":[220],"product_cat":[292,191],"product_tag":[],"class_list":{"0":"post-36971","1":"product","2":"type-product","3":"status-publish","4":"has-post-thumbnail","6":"product_brand-zpacks","7":"product_cat-schlaf-zubehoer","8":"product_cat-zubehoer","9":"pa_hersteller-zpacks","11":"first","12":"instock","13":"taxable","14":"shipping-taxable","15":"purchasable","16":"product-type-simple"},"_links":{"self":[{"href":"https:\/\/litepack.ch\/en\/wp-json\/wp\/v2\/product\/36971","targetHints":{"allow":["GET"]}}],"collection":[{"href":"https:\/\/litepack.ch\/en\/wp-json\/wp\/v2\/product"}],"about":[{"href":"https:\/\/litepack.ch\/en\/wp-json\/wp\/v2\/types\/product"}],"replies":[{"embeddable":true,"href":"https:\/\/litepack.ch\/en\/wp-json\/wp\/v2\/comments?post=36971"}],"wp:featuredmedia":[{"embeddable":true,"href":"https:\/\/litepack.ch\/en\/wp-json\/wp\/v2\/media\/36972"}],"wp:attachment":[{"href":"https:\/\/litepack.ch\/en\/wp-json\/wp\/v2\/media?parent=36971"}],"wp:term":[{"taxonomy":"product_brand","embeddable":true,"href":"https:\/\/litepack.ch\/en\/wp-json\/wp\/v2\/product_brand?post=36971"},{"taxonomy":"product_cat","embeddable":true,"href":"https:\/\/litepack.ch\/en\/wp-json\/wp\/v2\/product_cat?post=36971"},{"taxonomy":"product_tag","embeddable":true,"href":"https:\/\/litepack.ch\/en\/wp-json\/wp\/v2\/product_tag?post=36971"}],"curies":[{"name":"wp","href":"https:\/\/api.w.org\/{rel}","templated":true}]}}