{"id":36947,"date":"2025-02-13T20:39:55","date_gmt":"2025-02-13T19:39:55","guid":{"rendered":"http:\/\/litepack.ch\/?post_type=product&#038;p=36947"},"modified":"2026-03-21T22:24:42","modified_gmt":"2026-03-21T21:24:42","slug":"zpacks-lendenpolster","status":"publish","type":"product","link":"https:\/\/litepack.ch\/en\/product\/zpacks-lendenpolster\/","title":{"rendered":"Zpacks Lendenpolster"},"content":{"rendered":"<p>Unsere Arc-Rucks\u00e4cke sind mit einem gepolsterten Gurt ausgestattet, der den ganzen R\u00fccken umschlie\u00dft. Wenn Sie eine zus\u00e4tzliche Polsterung im Lendenbereich ben\u00f6tigen, kann unser abnehmbares Lendenpolster die vorhandene Polsterung verdoppeln. Das Lendenpolster l\u00e4sst sich je nach Bedarf auf den Arc-Gurt auf- und abziehen.<br \/>\nDiese sind <strong>NICHT<\/strong> mit unserem Nero-Rucksack kompatibel.<\/p>\n<ul>\n<li>Das Polster besteht aus komfortablem 3D-Mesh am R\u00fccken, Ultra 100-Gewebe am bestehenden G\u00fcrtel und 3\/8&#8243;-Schaumstoff mit geschlossenen Zellen in der Mitte.<\/li>\n<li>Das Polster gleitet auf oder von Ihrem bestehenden G\u00fcrtel und wird von zwei B\u00e4ndern auf der R\u00fcckseite gehalten. Au\u00dferdem ist es unten in der Mitte festgebunden, so dass es nicht nach oben oder unten rutschen kann.<\/li>\n<li>Die Gr\u00f6\u00dfe passt auf unsere 10 cm hohen gepolsterten G\u00fcrtel. Er passt auch auf alle \u00e4lteren gepolsterten <a href=\"\/en\/hersteller\/zpacks\/\" data-internallinksmanager029f6b8e52c=\"2\" title=\"Zpacks\">Zpacks<\/a>-Gurte und kann auf \u00e4hnlich gro\u00dfe Gurte anderer Rucks\u00e4cke passen.<\/li>\n<li>Dies reduziert den Umfang Ihres gepolsterten G\u00fcrtels um etwa einen Zoll.<\/li>\n<li>Diese Option kann sp\u00e4ter nachger\u00fcstet werden, falls Sie dies in Zukunft w\u00fcnschen.<\/li>\n<li>Hergestellt in den USA.<\/li>\n<\/ul>\n<p><iframe title=\"Zpacks Lumbar Pad \u2022 Backpack Add-On | Overview\" width=\"500\" height=\"281\" src=\"https:\/\/www.youtube.com\/embed\/uiOeqwVqCcU?feature=oembed\" frameborder=\"0\" allow=\"accelerometer; autoplay; clipboard-write; encrypted-media; gyroscope; picture-in-picture; web-share\" referrerpolicy=\"strict-origin-when-cross-origin\" allowfullscreen><\/iframe><\/p>","protected":false},"excerpt":{"rendered":"<p>Unsere Arc-Rucks\u00e4cke sind mit einem gepolsterten Gurt ausgestattet, der den ganzen R\u00fccken umschlie\u00dft. Wenn Sie eine zus\u00e4tzliche Polsterung im Lendenbereich<\/p>","protected":false},"featured_media":36950,"comment_status":"open","ping_status":"closed","template":"","meta":[],"product_brand":[220],"product_cat":[277,191],"product_tag":[],"class_list":{"0":"post-36947","1":"product","2":"type-product","3":"status-publish","4":"has-post-thumbnail","6":"product_brand-zpacks","7":"product_cat-rucksack-zubehoer","8":"product_cat-zubehoer","9":"pa_hersteller-zpacks","11":"first","12":"instock","13":"taxable","14":"shipping-taxable","15":"purchasable","16":"product-type-simple"},"_links":{"self":[{"href":"https:\/\/litepack.ch\/en\/wp-json\/wp\/v2\/product\/36947","targetHints":{"allow":["GET"]}}],"collection":[{"href":"https:\/\/litepack.ch\/en\/wp-json\/wp\/v2\/product"}],"about":[{"href":"https:\/\/litepack.ch\/en\/wp-json\/wp\/v2\/types\/product"}],"replies":[{"embeddable":true,"href":"https:\/\/litepack.ch\/en\/wp-json\/wp\/v2\/comments?post=36947"}],"wp:featuredmedia":[{"embeddable":true,"href":"https:\/\/litepack.ch\/en\/wp-json\/wp\/v2\/media\/36950"}],"wp:attachment":[{"href":"https:\/\/litepack.ch\/en\/wp-json\/wp\/v2\/media?parent=36947"}],"wp:term":[{"taxonomy":"product_brand","embeddable":true,"href":"https:\/\/litepack.ch\/en\/wp-json\/wp\/v2\/product_brand?post=36947"},{"taxonomy":"product_cat","embeddable":true,"href":"https:\/\/litepack.ch\/en\/wp-json\/wp\/v2\/product_cat?post=36947"},{"taxonomy":"product_tag","embeddable":true,"href":"https:\/\/litepack.ch\/en\/wp-json\/wp\/v2\/product_tag?post=36947"}],"curies":[{"name":"wp","href":"https:\/\/api.w.org\/{rel}","templated":true}]}}