{"id":36945,"date":"2025-02-13T20:36:06","date_gmt":"2025-02-13T19:36:06","guid":{"rendered":"http:\/\/litepack.ch\/?post_type=product&#038;p=36945"},"modified":"2025-09-26T11:12:26","modified_gmt":"2025-09-26T10:12:26","slug":"zpacks-eispickelschlaufen","status":"publish","type":"product","link":"https:\/\/litepack.ch\/en\/product\/zpacks-eispickelschlaufen\/","title":{"rendered":"Zpacks Eispickelschlaufen"},"content":{"rendered":"<p>Wenn Ihr Abenteuer eine Reise entlang verschneiter Grate oder das Erklimmen eisiger Gipfel erfordert, sind die Eispickelschlaufen die perfekte Erg\u00e4nzung f\u00fcr Ihren Rucksack. An jeder Seite des Rucksacks sind zwei Schlaufen zur Befestigung von zwei Eispickeln angebracht. Der Kopf jedes Eispickels wird durch eine Schlaufe an der Unterseite des Rucksacks gesichert, w\u00e4hrend der Stiel oben mit einem Schockkordelband festgehalten wird. Die Schlaufen k\u00f6nnen alle abgenommen werden, wenn Sie keine \u00c4xte tragen.<\/p>\n<p><iframe title=\"Zpacks Ice Axe Loops \u2022 Backpack Add-On | Overview\" width=\"500\" height=\"281\" src=\"https:\/\/www.youtube.com\/embed\/HO9NbSapZz4?feature=oembed\" frameborder=\"0\" allow=\"accelerometer; autoplay; clipboard-write; encrypted-media; gyroscope; picture-in-picture; web-share\" referrerpolicy=\"strict-origin-when-cross-origin\" allowfullscreen><\/iframe><\/p>","protected":false},"excerpt":{"rendered":"<p>Wenn Ihr Abenteuer eine Reise entlang verschneiter Grate oder das Erklimmen eisiger Gipfel erfordert, sind die Eispickelschlaufen die perfekte Erg\u00e4nzung<\/p>","protected":false},"featured_media":36946,"comment_status":"open","ping_status":"closed","template":"","meta":[],"product_brand":[220],"product_cat":[277,191],"product_tag":[],"class_list":{"0":"post-36945","1":"product","2":"type-product","3":"status-publish","4":"has-post-thumbnail","6":"product_brand-zpacks","7":"product_cat-rucksack-zubehoer","8":"product_cat-zubehoer","9":"pa_hersteller-zpacks","11":"first","12":"instock","13":"taxable","14":"shipping-taxable","15":"purchasable","16":"product-type-simple"},"_links":{"self":[{"href":"https:\/\/litepack.ch\/en\/wp-json\/wp\/v2\/product\/36945","targetHints":{"allow":["GET"]}}],"collection":[{"href":"https:\/\/litepack.ch\/en\/wp-json\/wp\/v2\/product"}],"about":[{"href":"https:\/\/litepack.ch\/en\/wp-json\/wp\/v2\/types\/product"}],"replies":[{"embeddable":true,"href":"https:\/\/litepack.ch\/en\/wp-json\/wp\/v2\/comments?post=36945"}],"wp:featuredmedia":[{"embeddable":true,"href":"https:\/\/litepack.ch\/en\/wp-json\/wp\/v2\/media\/36946"}],"wp:attachment":[{"href":"https:\/\/litepack.ch\/en\/wp-json\/wp\/v2\/media?parent=36945"}],"wp:term":[{"taxonomy":"product_brand","embeddable":true,"href":"https:\/\/litepack.ch\/en\/wp-json\/wp\/v2\/product_brand?post=36945"},{"taxonomy":"product_cat","embeddable":true,"href":"https:\/\/litepack.ch\/en\/wp-json\/wp\/v2\/product_cat?post=36945"},{"taxonomy":"product_tag","embeddable":true,"href":"https:\/\/litepack.ch\/en\/wp-json\/wp\/v2\/product_tag?post=36945"}],"curies":[{"name":"wp","href":"https:\/\/api.w.org\/{rel}","templated":true}]}}