{"id":36941,"date":"2025-02-13T20:29:26","date_gmt":"2025-02-13T19:29:26","guid":{"rendered":"http:\/\/litepack.ch\/?post_type=product&#038;p=36941"},"modified":"2026-03-03T10:20:28","modified_gmt":"2026-03-03T09:20:28","slug":"zpacks-schultergurt-polster","status":"publish","type":"product","link":"https:\/\/litepack.ch\/en\/product\/zpacks-schultergurt-polster\/","title":{"rendered":"Zpacks Schultergurt-Polster"},"content":{"rendered":"<p>Unsere Schultergurtpolster polstern Ihre Schultergurte genau dort, wo Sie sie brauchen. Diese Schultergurtpolster sollten mit fast allen Rucksackgurten kompatibel sein. Sie bestehen aus 3\/8\u201c geschlossenzelligem Schaumstoff und einer Schicht aus weichem, d\u00e4mpfendem 3D-Mesh auf der Unterseite.<\/p>\n<ul>\n<li>3D Mesh auf der Unterseite, 3.1 oz\/sqyd Hybrid <a href=\"https:\/\/litepack.ch\/en\/material-zpacks\/\" data-internallinksmanager029f6b8e52c=\"1\" title=\"Material Zpacks\">Dyneema<\/a>\u00ae Composite Fabric auf der Oberseite, 3\/8\u201c Closed cell foam in der Mitte.<\/li>\n<li>Zwei Klettverschl\u00fcsse halten sie an ihrem Platz. Befestigen Sie die B\u00e4nder durch die Daisy Chain Ihres Schultergurts, damit sie sich nicht nach oben oder unten bewegen k\u00f6nnen.<\/li>\n<li>Die Polster sind mit einem Klettverschluss versehen, der sich um die Schultergurte Ihres Rucksacks wickelt. Wenn deine Schultergurte eine G\u00e4nsebl\u00fcmchenkette haben (wie unsere Gurte), kannst du den Klettverschluss durch die G\u00e4nsebl\u00fcmchenkette stecken, um sie in Position zu halten. Andernfalls verwenden Sie eine Sicherheitsnadel, damit sie nicht den Gurt hoch- oder runterrutschen.<\/li>\n<li>Hergestellt in den USA.<\/li>\n<\/ul>\n<p><iframe title=\"Zpacks Shoulder Strap Pad \u2022 Backpack Add-On | Overview\" width=\"500\" height=\"281\" src=\"https:\/\/www.youtube.com\/embed\/M-8u08Mac-U?feature=oembed\" frameborder=\"0\" allow=\"accelerometer; autoplay; clipboard-write; encrypted-media; gyroscope; picture-in-picture; web-share\" referrerpolicy=\"strict-origin-when-cross-origin\" allowfullscreen><\/iframe><\/p>","protected":false},"excerpt":{"rendered":"<p>Unsere Schultergurtpolster polstern Ihre Schultergurte genau dort, wo Sie sie brauchen. Diese Schultergurtpolster sollten mit fast allen Rucksackgurten kompatibel sein.<\/p>","protected":false},"featured_media":36942,"comment_status":"open","ping_status":"closed","template":"","meta":[],"product_brand":[220],"product_cat":[277,191],"product_tag":[],"class_list":{"0":"post-36941","1":"product","2":"type-product","3":"status-publish","4":"has-post-thumbnail","6":"product_brand-zpacks","7":"product_cat-rucksack-zubehoer","8":"product_cat-zubehoer","9":"pa_hersteller-zpacks","11":"first","12":"instock","13":"taxable","14":"shipping-taxable","15":"purchasable","16":"product-type-simple"},"_links":{"self":[{"href":"https:\/\/litepack.ch\/en\/wp-json\/wp\/v2\/product\/36941","targetHints":{"allow":["GET"]}}],"collection":[{"href":"https:\/\/litepack.ch\/en\/wp-json\/wp\/v2\/product"}],"about":[{"href":"https:\/\/litepack.ch\/en\/wp-json\/wp\/v2\/types\/product"}],"replies":[{"embeddable":true,"href":"https:\/\/litepack.ch\/en\/wp-json\/wp\/v2\/comments?post=36941"}],"wp:featuredmedia":[{"embeddable":true,"href":"https:\/\/litepack.ch\/en\/wp-json\/wp\/v2\/media\/36942"}],"wp:attachment":[{"href":"https:\/\/litepack.ch\/en\/wp-json\/wp\/v2\/media?parent=36941"}],"wp:term":[{"taxonomy":"product_brand","embeddable":true,"href":"https:\/\/litepack.ch\/en\/wp-json\/wp\/v2\/product_brand?post=36941"},{"taxonomy":"product_cat","embeddable":true,"href":"https:\/\/litepack.ch\/en\/wp-json\/wp\/v2\/product_cat?post=36941"},{"taxonomy":"product_tag","embeddable":true,"href":"https:\/\/litepack.ch\/en\/wp-json\/wp\/v2\/product_tag?post=36941"}],"curies":[{"name":"wp","href":"https:\/\/api.w.org\/{rel}","templated":true}]}}