{"id":36937,"date":"2025-02-13T20:24:53","date_gmt":"2025-02-13T19:24:53","guid":{"rendered":"http:\/\/litepack.ch\/?post_type=product&#038;p=36937"},"modified":"2025-06-17T21:42:05","modified_gmt":"2025-06-17T20:42:05","slug":"zpacks-notfall-pfeife","status":"publish","type":"product","link":"https:\/\/litepack.ch\/en\/product\/zpacks-notfall-pfeife\/","title":{"rendered":"Zpacks Notfall-Pfeife"},"content":{"rendered":"<p>Bleiben Sie mit diesem ultraleichten, winzigen Pfeifenclip im Backcountry sicher. Diese kleine, unauff\u00e4llige Pfeife ist \u00fcberraschend laut und erm\u00f6glicht es Ihnen, um Hilfe zu rufen, wenn Sie sich bei einem Abenteuer in Gefahr befinden.<br \/>\nBefestigen Sie die Pfeife an der G\u00e4nsebl\u00fcmchenkette oder am Brustgurt Ihres Rucksacks, um sie immer griffbereit zu haben. Oder f\u00e4deln Sie ein St\u00fcck Schnur durch das Loch, um sie an einer Schlaufe aufzuh\u00e4ngen.<\/p>\n<p>&nbsp;<\/p>","protected":false},"excerpt":{"rendered":"<p>Bleiben Sie mit diesem ultraleichten, winzigen Pfeifenclip im Backcountry sicher. Diese kleine, unauff\u00e4llige Pfeife ist \u00fcberraschend laut und erm\u00f6glicht es<\/p>","protected":false},"featured_media":36940,"comment_status":"open","ping_status":"closed","template":"","meta":[],"product_brand":[220],"product_cat":[277,191],"product_tag":[],"class_list":{"0":"post-36937","1":"product","2":"type-product","3":"status-publish","4":"has-post-thumbnail","6":"product_brand-zpacks","7":"product_cat-rucksack-zubehoer","8":"product_cat-zubehoer","9":"pa_hersteller-zpacks","11":"first","12":"instock","13":"taxable","14":"shipping-taxable","15":"purchasable","16":"product-type-simple"},"_links":{"self":[{"href":"https:\/\/litepack.ch\/en\/wp-json\/wp\/v2\/product\/36937","targetHints":{"allow":["GET"]}}],"collection":[{"href":"https:\/\/litepack.ch\/en\/wp-json\/wp\/v2\/product"}],"about":[{"href":"https:\/\/litepack.ch\/en\/wp-json\/wp\/v2\/types\/product"}],"replies":[{"embeddable":true,"href":"https:\/\/litepack.ch\/en\/wp-json\/wp\/v2\/comments?post=36937"}],"wp:featuredmedia":[{"embeddable":true,"href":"https:\/\/litepack.ch\/en\/wp-json\/wp\/v2\/media\/36940"}],"wp:attachment":[{"href":"https:\/\/litepack.ch\/en\/wp-json\/wp\/v2\/media?parent=36937"}],"wp:term":[{"taxonomy":"product_brand","embeddable":true,"href":"https:\/\/litepack.ch\/en\/wp-json\/wp\/v2\/product_brand?post=36937"},{"taxonomy":"product_cat","embeddable":true,"href":"https:\/\/litepack.ch\/en\/wp-json\/wp\/v2\/product_cat?post=36937"},{"taxonomy":"product_tag","embeddable":true,"href":"https:\/\/litepack.ch\/en\/wp-json\/wp\/v2\/product_tag?post=36937"}],"curies":[{"name":"wp","href":"https:\/\/api.w.org\/{rel}","templated":true}]}}