{"id":36929,"date":"2025-02-13T11:17:49","date_gmt":"2025-02-13T10:17:49","guid":{"rendered":"http:\/\/litepack.ch\/?post_type=product&#038;p=36929"},"modified":"2025-10-02T19:46:52","modified_gmt":"2025-10-02T18:46:52","slug":"zpacks-guerteltasche","status":"publish","type":"product","link":"https:\/\/litepack.ch\/en\/product\/zpacks-guerteltasche\/","title":{"rendered":"Zpacks G\u00fcrteltasche"},"content":{"rendered":"<p>Mit unseren G\u00fcrteltaschen haben Sie Ihre wichtigsten Utensilien immer griffbereit und sind auf alles vorbereitet, was der Trail mit sich bringt. Diese Taschen lassen sich sicher an einem gepolsterten G\u00fcrtel befestigen, wie bei unseren Arc-Rucks\u00e4cken. Sie bieten viel Platz f\u00fcr eine Stirnlampe, gefaltete Karten, Snacks, M\u00fctze und Handschuhe, Gadgets und vieles mehr.<\/p>\n<ul>\n<li>Jeder Beutel hat ein Volumen von etwa 1 vollem Liter.<\/li>\n<li>Ein wasserdichter Rei\u00dfverschluss h\u00e4lt das meiste Wasser ab. Als Vorsichtsma\u00dfnahme f\u00fcr die Elektronik sollten Sie dennoch einen Wasserdichten Beutel verwenden.<\/li>\n<li>Der Rei\u00dfverschluss ist mit festem Material verst\u00e4rkt, sodass er mit einer Hand bedient werden kann.<\/li>\n<li>Das Material h\u00e4lt den Belastungen stand, die durch das Absetzen des Rucksacks auf dem Boden entstehen.<\/li>\n<li>Diese werden an beiden Seiten mit Loop Toggles am G\u00fcrtel des Rucksacks befestigt, um einen sicheren Halt zu gew\u00e4hrleisten. Die Mitte des Beutels wird durch ein Gummiband stabil gehalten. Diese Taschen sind f\u00fcr unsere Rucks\u00e4cke geeignet. Sie passen auch an andere Rucksackg\u00fcrtel, die \u00fcber eine G\u00e4nsebl\u00fcmchenkette oder Befestigungspunkte verf\u00fcgen, um sie anzubringen.<\/li>\n<li>Die Taschen sind symmetrisch und k\u00f6nnen auf der linken oder rechten Seite des G\u00fcrtels befestigt werden.<\/li>\n<li>Hergestellt in den USA.<\/li>\n<\/ul>\n<p><iframe title=\"Zpacks Belt Pouch \u2022 Backpack Add-On | Overview\" width=\"500\" height=\"281\" src=\"https:\/\/www.youtube.com\/embed\/qTVHzBx0hbQ?feature=oembed\" frameborder=\"0\" allow=\"accelerometer; autoplay; clipboard-write; encrypted-media; gyroscope; picture-in-picture; web-share\" referrerpolicy=\"strict-origin-when-cross-origin\" allowfullscreen><\/iframe><\/p>","protected":false},"excerpt":{"rendered":"<p>Mit unseren G\u00fcrteltaschen haben Sie Ihre wichtigsten Utensilien immer griffbereit und sind auf alles vorbereitet, was der Trail mit sich<\/p>","protected":false},"featured_media":36933,"comment_status":"open","ping_status":"closed","template":"","meta":[],"product_brand":[220],"product_cat":[277,191],"product_tag":[],"class_list":{"0":"post-36929","1":"product","2":"type-product","3":"status-publish","4":"has-post-thumbnail","6":"product_brand-zpacks","7":"product_cat-rucksack-zubehoer","8":"product_cat-zubehoer","9":"pa_hersteller-zpacks","11":"first","12":"instock","13":"taxable","14":"shipping-taxable","15":"purchasable","16":"product-type-variable","17":"has-default-attributes"},"_links":{"self":[{"href":"https:\/\/litepack.ch\/en\/wp-json\/wp\/v2\/product\/36929","targetHints":{"allow":["GET"]}}],"collection":[{"href":"https:\/\/litepack.ch\/en\/wp-json\/wp\/v2\/product"}],"about":[{"href":"https:\/\/litepack.ch\/en\/wp-json\/wp\/v2\/types\/product"}],"replies":[{"embeddable":true,"href":"https:\/\/litepack.ch\/en\/wp-json\/wp\/v2\/comments?post=36929"}],"wp:featuredmedia":[{"embeddable":true,"href":"https:\/\/litepack.ch\/en\/wp-json\/wp\/v2\/media\/36933"}],"wp:attachment":[{"href":"https:\/\/litepack.ch\/en\/wp-json\/wp\/v2\/media?parent=36929"}],"wp:term":[{"taxonomy":"product_brand","embeddable":true,"href":"https:\/\/litepack.ch\/en\/wp-json\/wp\/v2\/product_brand?post=36929"},{"taxonomy":"product_cat","embeddable":true,"href":"https:\/\/litepack.ch\/en\/wp-json\/wp\/v2\/product_cat?post=36929"},{"taxonomy":"product_tag","embeddable":true,"href":"https:\/\/litepack.ch\/en\/wp-json\/wp\/v2\/product_tag?post=36929"}],"curies":[{"name":"wp","href":"https:\/\/api.w.org\/{rel}","templated":true}]}}