{"id":36909,"date":"2025-02-13T10:50:59","date_gmt":"2025-02-13T09:50:59","guid":{"rendered":"http:\/\/litepack.ch\/?post_type=product&#038;p=36909"},"modified":"2025-10-02T19:46:36","modified_gmt":"2025-10-02T18:46:36","slug":"zpacks-schultertasche-mit-reissverschluss","status":"publish","type":"product","link":"https:\/\/litepack.ch\/en\/product\/zpacks-schultertasche-mit-reissverschluss\/","title":{"rendered":"Zpacks Schultertasche"},"content":{"rendered":"<p id=\"wd-cb0ebf91\" class=\"wp-block-wd-paragraph\">Die Schultertaschen sind der ideale Ort, um Ihre kleine Kamera oder Ihr Handy in Reichweite zu halten, damit Sie schnell Fotos machen k\u00f6nnen. Das Hauptfach der Schultertaschen hat eine gute Gr\u00f6\u00dfe f\u00fcr Portemonnaie, Autoschl\u00fcssel, Karte, Stirnlampe, Handschuhe, Sonnenbrille, Schokoriegel, Handtuch, GPS oder andere Dinge, die Sie gerne in Reichweite haben m\u00f6chten. Die Taschen lassen sich bequem auf der Schulter tragen und sind dort kaum zu sp\u00fcren.<br>In der kleinen \u00e4u\u00dferen Netztasche k\u00f6nnen Sie Kleinigkeiten wie Lippenbalsam, eine Notfallpfeife oder einen Kompass verstauen.<\/p>\r\n\r\n\r\n\r\n<p id=\"wd-0d3d321f\" class=\"wp-block-wd-paragraph\"><strong>Standard<\/strong><\/p>\r\n\r\n\r\n\r\n<ul class=\"wp-block-list\">\r\n<li>Hergestellt aus Ultra 100X Gewebe.<\/li>\r\n\r\n\r\n\r\n<li>Diese Taschen passen auf fast jeden Rucksack. Elastische B\u00e4nder halten die Tasche sicher an Ihren Schultergurten. Sie wird oben mit einem Loop Toggle befestigt, damit sie nicht nach oben oder unten rutscht.<\/li>\r\n\r\n\r\n\r\n<li>Das gebl\u00e4hte Design und das elastische Netz auf der Vorderseite sorgen daf\u00fcr, dass die Tasche auch beim Laufen oder Springen nicht wackelt.<\/li>\r\n\r\n\r\n\r\n<li>Das 1L-Hauptfach ist eine gute Gr\u00f6\u00dfe f\u00fcr Gegenst\u00e4nde wie z. B. eine Kamera. Eine 0,5-Liter-Flasche passt ebenfalls gut hinein und kann das Gleichgewicht des Rucksacks unterst\u00fctzen.<\/li>\r\n\r\n\r\n\r\n<li>Die Netztasche auf der Vorderseite ist praktisch, um kleine Gegenst\u00e4nde zu verstauen.<\/li>\r\n\r\n\r\n\r\n<li>Der Kordelzug l\u00e4sst sich schnell und einfach \u00f6ffnen, um an die Gegenst\u00e4nde zu gelangen.<\/li>\r\n\r\n\r\n\r\n<li>Die Taschen sind symmetrisch und k\u00f6nnen auf beiden Seiten angebracht werden.<\/li>\r\n\r\n\r\n\r\n<li>Bleibt bei jedem Wetter, au\u00dfer bei starkem Regen, trocken.<\/li>\r\n<\/ul>\r\n\r\n\r\n\r\n<p id=\"wd-4a62d95d\" class=\"wp-block-wd-paragraph\"><strong>Mit Reisverschluss<\/strong><\/p>\r\n\r\n\r\n\r\n<ul class=\"wp-block-list\">\r\n<li>Hergestellt aus Ultra 100X Gewebe.<\/li>\r\n\r\n\r\n\r\n<li>Ein umlaufender, wasserdichter Rei\u00dfverschluss h\u00e4lt Wasser ab und erm\u00f6glicht einen einfachen Zugang.<\/li>\r\n\r\n\r\n\r\n<li>Der Rei\u00dfverschluss ist mit festem Material verst\u00e4rkt, so dass er mit einer Hand bedient werden kann.<\/li>\r\n\r\n\r\n\r\n<li>Passt auf fast jeden Rucksack. Elastische B\u00e4nder sorgen f\u00fcr einen festen Sitz am Schultergurt. Zwei Schlaufen an der Ober- und Unterseite verhindern, dass der Rucksack nach oben oder unten rutscht.<\/li>\r\n\r\n\r\n\r\n<li>Die dehnbare Netztasche auf der Vorderseite sorgt daf\u00fcr, dass der Beutel auch beim Laufen oder Springen nicht wackelt. Sie ist praktisch zum Verstauen kleiner Gegenst\u00e4nde.<\/li>\r\n\r\n\r\n\r\n<li>Das 0.75L gro\u00dfe Hauptfach bietet Platz f\u00fcr Gegenst\u00e4nde wie eine kleine Kamera, Geldb\u00f6rse, Landkarten oder gr\u00f6\u00dfere Smartphone-Modelle.<\/li>\r\n\r\n\r\n\r\n<li>Die F\u00e4cher sind symmetrisch und k\u00f6nnen auf beiden Seiten angebracht werden.<\/li>\r\n<\/ul>\r\n\r\n\r\n\r\n<div class=\"wp-block-columns is-layout-flex wp-container-core-columns-is-layout-9d6595d7 wp-block-columns-is-layout-flex\">\r\n<div class=\"wp-block-column is-layout-flow wp-block-column-is-layout-flow\">\r\n<figure class=\"wp-block-embed is-type-video is-provider-youtube wp-block-embed-youtube wp-embed-aspect-16-9 wp-has-aspect-ratio\"><div class=\"wp-block-embed__wrapper\">\r\n<iframe title=\"Zpacks Shoulder Pouch \u2022 Backpack Add-On | Overview\" width=\"500\" height=\"281\" src=\"https:\/\/www.youtube.com\/embed\/V8PzRf44Q6g?feature=oembed\" frameborder=\"0\" allow=\"accelerometer; autoplay; clipboard-write; encrypted-media; gyroscope; picture-in-picture; web-share\" referrerpolicy=\"strict-origin-when-cross-origin\" allowfullscreen><\/iframe>\r\n<\/div><\/figure>\r\n<\/div>\r\n\r\n\r\n\r\n<div class=\"wp-block-column is-layout-flow wp-block-column-is-layout-flow\">\r\n<figure class=\"wp-block-embed is-type-video is-provider-youtube wp-block-embed-youtube wp-embed-aspect-16-9 wp-has-aspect-ratio\"><div class=\"wp-block-embed__wrapper\">\r\n<iframe title=\"Zpacks Shoulder Pouch w\/ Zipper | Overview\" width=\"500\" height=\"281\" src=\"https:\/\/www.youtube.com\/embed\/bto87IGTDqo?feature=oembed\" frameborder=\"0\" allow=\"accelerometer; autoplay; clipboard-write; encrypted-media; gyroscope; picture-in-picture; web-share\" referrerpolicy=\"strict-origin-when-cross-origin\" allowfullscreen><\/iframe>\r\n<\/div><\/figure>\r\n<\/div>\r\n<\/div>","protected":false},"excerpt":{"rendered":"","protected":false},"featured_media":36928,"comment_status":"open","ping_status":"closed","template":"","meta":[],"product_brand":[220],"product_cat":[277,191],"product_tag":[],"class_list":{"0":"post-36909","1":"product","2":"type-product","3":"status-publish","4":"has-post-thumbnail","6":"product_brand-zpacks","7":"product_cat-rucksack-zubehoer","8":"product_cat-zubehoer","9":"pa_hersteller-zpacks","11":"first","12":"instock","13":"taxable","14":"shipping-taxable","15":"purchasable","16":"product-type-variable","17":"has-default-attributes"},"_links":{"self":[{"href":"https:\/\/litepack.ch\/en\/wp-json\/wp\/v2\/product\/36909","targetHints":{"allow":["GET"]}}],"collection":[{"href":"https:\/\/litepack.ch\/en\/wp-json\/wp\/v2\/product"}],"about":[{"href":"https:\/\/litepack.ch\/en\/wp-json\/wp\/v2\/types\/product"}],"replies":[{"embeddable":true,"href":"https:\/\/litepack.ch\/en\/wp-json\/wp\/v2\/comments?post=36909"}],"wp:featuredmedia":[{"embeddable":true,"href":"https:\/\/litepack.ch\/en\/wp-json\/wp\/v2\/media\/36928"}],"wp:attachment":[{"href":"https:\/\/litepack.ch\/en\/wp-json\/wp\/v2\/media?parent=36909"}],"wp:term":[{"taxonomy":"product_brand","embeddable":true,"href":"https:\/\/litepack.ch\/en\/wp-json\/wp\/v2\/product_brand?post=36909"},{"taxonomy":"product_cat","embeddable":true,"href":"https:\/\/litepack.ch\/en\/wp-json\/wp\/v2\/product_cat?post=36909"},{"taxonomy":"product_tag","embeddable":true,"href":"https:\/\/litepack.ch\/en\/wp-json\/wp\/v2\/product_tag?post=36909"}],"curies":[{"name":"wp","href":"https:\/\/api.w.org\/{rel}","templated":true}]}}