{"id":36906,"date":"2025-02-13T10:33:09","date_gmt":"2025-02-13T09:33:09","guid":{"rendered":"http:\/\/litepack.ch\/?post_type=product&#038;p=36906"},"modified":"2025-09-26T12:56:11","modified_gmt":"2025-09-26T11:56:11","slug":"zpacks-trekkingstockhalterungen","status":"publish","type":"product","link":"https:\/\/litepack.ch\/en\/product\/zpacks-trekkingstockhalterungen\/","title":{"rendered":"Zpacks Trekkingstockhalterungen"},"content":{"rendered":"<p>Wenn das Gel\u00e4nde flacher wird oder Sie in eine Stadt mit Wanderwegen eindringen, sind Trekkingstockhalter eine gro\u00dfartige M\u00f6glichkeit, Ihre Trekkingst\u00f6cke aus dem Weg zu r\u00e4umen. Sie sind praktisch, wenn Sie Ihre St\u00f6cke beim Klettern, beim <a href=\"https:\/\/litepack.ch\/en\/pilgerreisen\/\" data-internallinksmanager029f6b8e52c=\"6\" title=\"Pilgerreisen\">Wandern<\/a> auf der Stra\u00dfe oder in anderen Situationen, in denen Sie lieber die H\u00e4nde frei haben, schnell verstauen m\u00f6chten.<br \/>\nZu diesem Artikel geh\u00f6ren zwei Paar verstellbare Schlaufen f\u00fcr Sto\u00dfseile. Befestigen Sie diese an den Schultergurten und dem G\u00fcrtel auf jeder Seite des Rucksacks, um einen Trekkingstock vor\u00fcbergehend auf jeder Seite zu halten.<\/p>\n<p><iframe title=\"Zpacks Trekking Pole Holsters \u2022 Backpack Add-On | Overview\" width=\"500\" height=\"281\" src=\"https:\/\/www.youtube.com\/embed\/b0eqDJYROZE?feature=oembed\" frameborder=\"0\" allow=\"accelerometer; autoplay; clipboard-write; encrypted-media; gyroscope; picture-in-picture; web-share\" referrerpolicy=\"strict-origin-when-cross-origin\" allowfullscreen><\/iframe><\/p>","protected":false},"excerpt":{"rendered":"<p>Wenn das Gel\u00e4nde flacher wird oder Sie in eine Stadt mit Wanderwegen eindringen, sind Trekkingstockhalter eine gro\u00dfartige M\u00f6glichkeit, Ihre Trekkingst\u00f6cke<\/p>","protected":false},"featured_media":36907,"comment_status":"open","ping_status":"closed","template":"","meta":[],"product_brand":[220],"product_cat":[277,191],"product_tag":[],"class_list":{"0":"post-36906","1":"product","2":"type-product","3":"status-publish","4":"has-post-thumbnail","6":"product_brand-zpacks","7":"product_cat-rucksack-zubehoer","8":"product_cat-zubehoer","9":"pa_hersteller-zpacks","11":"first","12":"instock","13":"taxable","14":"shipping-taxable","15":"purchasable","16":"product-type-simple"},"_links":{"self":[{"href":"https:\/\/litepack.ch\/en\/wp-json\/wp\/v2\/product\/36906","targetHints":{"allow":["GET"]}}],"collection":[{"href":"https:\/\/litepack.ch\/en\/wp-json\/wp\/v2\/product"}],"about":[{"href":"https:\/\/litepack.ch\/en\/wp-json\/wp\/v2\/types\/product"}],"replies":[{"embeddable":true,"href":"https:\/\/litepack.ch\/en\/wp-json\/wp\/v2\/comments?post=36906"}],"wp:featuredmedia":[{"embeddable":true,"href":"https:\/\/litepack.ch\/en\/wp-json\/wp\/v2\/media\/36907"}],"wp:attachment":[{"href":"https:\/\/litepack.ch\/en\/wp-json\/wp\/v2\/media?parent=36906"}],"wp:term":[{"taxonomy":"product_brand","embeddable":true,"href":"https:\/\/litepack.ch\/en\/wp-json\/wp\/v2\/product_brand?post=36906"},{"taxonomy":"product_cat","embeddable":true,"href":"https:\/\/litepack.ch\/en\/wp-json\/wp\/v2\/product_cat?post=36906"},{"taxonomy":"product_tag","embeddable":true,"href":"https:\/\/litepack.ch\/en\/wp-json\/wp\/v2\/product_tag?post=36906"}],"curies":[{"name":"wp","href":"https:\/\/api.w.org\/{rel}","templated":true}]}}