{"id":36902,"date":"2025-02-12T16:32:22","date_gmt":"2025-02-12T15:32:22","guid":{"rendered":"http:\/\/litepack.ch\/?post_type=product&#038;p=36902"},"modified":"2025-06-17T21:36:00","modified_gmt":"2025-06-17T20:36:00","slug":"zpacks-kissen-befestigung","status":"publish","type":"product","link":"https:\/\/litepack.ch\/en\/product\/zpacks-kissen-befestigung\/","title":{"rendered":"Zpacks Kissen Befestigung"},"content":{"rendered":"<p>Mit unserer Kissenbefestigungsschnur k\u00f6nnen Sie Ihr aufblasbares Kissen oder Ihren Kissen-Trockenbeutel ganz einfach an den meisten aufblasbaren Schlafmatten befestigen und wieder abnehmen.<\/p>\n<p>Die dehnbare Befestigungsschnur ist mit einem Karabinerhaken versehen, so dass Sie sie straff einstellen k\u00f6nnen und sie einhaken und aushaken k\u00f6nnen, um ein Hemd oder eine Halskrause \u00fcber Ihr aufblasbares Kissen zu ziehen.<\/p>","protected":false},"excerpt":{"rendered":"<p>Mit unserer Kissenbefestigungsschnur k\u00f6nnen Sie Ihr aufblasbares Kissen oder Ihren Kissen-Trockenbeutel ganz einfach an den meisten aufblasbaren Schlafmatten befestigen und<\/p>","protected":false},"featured_media":36901,"comment_status":"open","ping_status":"closed","template":"","meta":[],"product_brand":[220],"product_cat":[292,191],"product_tag":[],"class_list":{"0":"post-36902","1":"product","2":"type-product","3":"status-publish","4":"has-post-thumbnail","6":"product_brand-zpacks","7":"product_cat-schlaf-zubehoer","8":"product_cat-zubehoer","9":"pa_hersteller-zpacks","11":"first","12":"instock","13":"taxable","14":"shipping-taxable","15":"purchasable","16":"product-type-simple"},"_links":{"self":[{"href":"https:\/\/litepack.ch\/en\/wp-json\/wp\/v2\/product\/36902","targetHints":{"allow":["GET"]}}],"collection":[{"href":"https:\/\/litepack.ch\/en\/wp-json\/wp\/v2\/product"}],"about":[{"href":"https:\/\/litepack.ch\/en\/wp-json\/wp\/v2\/types\/product"}],"replies":[{"embeddable":true,"href":"https:\/\/litepack.ch\/en\/wp-json\/wp\/v2\/comments?post=36902"}],"wp:featuredmedia":[{"embeddable":true,"href":"https:\/\/litepack.ch\/en\/wp-json\/wp\/v2\/media\/36901"}],"wp:attachment":[{"href":"https:\/\/litepack.ch\/en\/wp-json\/wp\/v2\/media?parent=36902"}],"wp:term":[{"taxonomy":"product_brand","embeddable":true,"href":"https:\/\/litepack.ch\/en\/wp-json\/wp\/v2\/product_brand?post=36902"},{"taxonomy":"product_cat","embeddable":true,"href":"https:\/\/litepack.ch\/en\/wp-json\/wp\/v2\/product_cat?post=36902"},{"taxonomy":"product_tag","embeddable":true,"href":"https:\/\/litepack.ch\/en\/wp-json\/wp\/v2\/product_tag?post=36902"}],"curies":[{"name":"wp","href":"https:\/\/api.w.org\/{rel}","templated":true}]}}