{"id":36888,"date":"2025-02-12T16:17:11","date_gmt":"2025-02-12T15:17:11","guid":{"rendered":"http:\/\/litepack.ch\/?post_type=product&#038;p=36888"},"modified":"2025-11-22T08:29:34","modified_gmt":"2025-11-22T07:29:34","slug":"zpacks-kopfkissen-dry-bag","status":"publish","type":"product","link":"https:\/\/litepack.ch\/en\/product\/zpacks-kopfkissen-dry-bag\/","title":{"rendered":"Zpacks Kopfkissen &#038; Dry Bag"},"content":{"rendered":"<p>Hergestellt aus schwarzem 34 g\/m\u00b2 <a href=\"https:\/\/litepack.ch\/en\/material-zpacks\/\" data-internallinksmanager029f6b8e52c=\"1\" title=\"Material Zpacks\">Dyneema<\/a>\u00ae Composite Fabric. Im Vergleich dazu sind unsere regul\u00e4ren Stuff Sacks aus d\u00fcnnerem 18,7 g\/m\u00b2 Material hergestellt.<\/p>\n<p>Vollst\u00e4ndig versiegelte N\u00e4hte. Unsere Trockens\u00e4cke halten das Wasser unter typischen Rucksackbedingungen ab, wenn der Sack nicht untergetaucht wird.<\/p>\n<p>Die eine H\u00e4lfte der Innenseite ist mit weichem Mikrofleece gen\u00e4ht, so dass Sie den Trockensack umdrehen und mit Ihrer Ersatzkleidung und Ausr\u00fcstung f\u00fcllen k\u00f6nnen, um ihn als Kissen zu verwenden!<\/p>\n<p>Das Fleece ist angenehmer auf dem Gesicht als das Plastikgef\u00fchl eines normalen Packsacks.<\/p>\n<p>Die Oberseite des Beutels ist mit einem wasserdichten Rei\u00dfverschluss versehen, der das Schlie\u00dfen und Aufrollen erleichtert! Die Luft kann aus dem Rei\u00dfverschluss entweichen, so dass sich die S\u00e4cke im Rucksack flacher anf\u00fchlen, wenn mehr Ausr\u00fcstung darauf gestapelt wird.<\/p>\n<p>Verwenden Sie unsere optionale <a href=\"http:\/\/litepack.ch\/en\/product\/zpacks-kissen-befestigung\/\">Kissenbefestigungsschnur<\/a>, um Ihr Kissen einfach an Ihrer aufblasbaren Schlafunterlage zu befestigen und zu entfernen.<\/p>","protected":false},"excerpt":{"rendered":"<p>Hergestellt aus schwarzem 34 g\/m\u00b2 Dyneema\u00ae Composite Fabric. Im Vergleich dazu sind unsere regul\u00e4ren Stuff Sacks aus d\u00fcnnerem 18,7 g\/m\u00b2<\/p>","protected":false},"featured_media":36893,"comment_status":"open","ping_status":"closed","template":"","meta":[],"product_brand":[220],"product_cat":[292,191],"product_tag":[],"class_list":{"0":"post-36888","1":"product","2":"type-product","3":"status-publish","4":"has-post-thumbnail","6":"product_brand-zpacks","7":"product_cat-schlaf-zubehoer","8":"product_cat-zubehoer","9":"pa_hersteller-zpacks","11":"first","12":"instock","13":"taxable","14":"shipping-taxable","15":"purchasable","16":"product-type-variable","17":"has-default-attributes"},"_links":{"self":[{"href":"https:\/\/litepack.ch\/en\/wp-json\/wp\/v2\/product\/36888","targetHints":{"allow":["GET"]}}],"collection":[{"href":"https:\/\/litepack.ch\/en\/wp-json\/wp\/v2\/product"}],"about":[{"href":"https:\/\/litepack.ch\/en\/wp-json\/wp\/v2\/types\/product"}],"replies":[{"embeddable":true,"href":"https:\/\/litepack.ch\/en\/wp-json\/wp\/v2\/comments?post=36888"}],"wp:featuredmedia":[{"embeddable":true,"href":"https:\/\/litepack.ch\/en\/wp-json\/wp\/v2\/media\/36893"}],"wp:attachment":[{"href":"https:\/\/litepack.ch\/en\/wp-json\/wp\/v2\/media?parent=36888"}],"wp:term":[{"taxonomy":"product_brand","embeddable":true,"href":"https:\/\/litepack.ch\/en\/wp-json\/wp\/v2\/product_brand?post=36888"},{"taxonomy":"product_cat","embeddable":true,"href":"https:\/\/litepack.ch\/en\/wp-json\/wp\/v2\/product_cat?post=36888"},{"taxonomy":"product_tag","embeddable":true,"href":"https:\/\/litepack.ch\/en\/wp-json\/wp\/v2\/product_tag?post=36888"}],"curies":[{"name":"wp","href":"https:\/\/api.w.org\/{rel}","templated":true}]}}