{"id":36842,"date":"2025-02-09T19:17:26","date_gmt":"2025-02-09T18:17:26","guid":{"rendered":"http:\/\/litepack.ch\/?post_type=product&#038;p=36842"},"modified":"2025-10-11T13:28:58","modified_gmt":"2025-10-11T12:28:58","slug":"zpacks-pack-liner","status":"publish","type":"product","link":"https:\/\/litepack.ch\/en\/product\/zpacks-pack-liner\/","title":{"rendered":"Zpacks Pack Liner"},"content":{"rendered":"<p>Dieser Rolltop-Trockenbeutel in voller Gr\u00f6\u00dfe sch\u00fctzt den gesamten Inhalt Ihres Rucksacks. Dies ist eine gute Option, wenn Sie es vorziehen, nicht wasserdichte Packs\u00e4cke anstelle von einzelnen Trockens\u00e4cken zu verwenden. Es ist auch sch\u00f6n, als eine zus\u00e4tzliche Schicht in sehr nassen Umgebungen. Es sind mehrere Gr\u00f6\u00dfen erh\u00e4ltlich.<\/p>\n<p>Diese Tasche ist auch in einem schwereren Material mit einem Griff erh\u00e4ltlich und kann als Schutzh\u00fclle f\u00fcr das Flugzeug verwendet werden, um den Rucksack im Flugzeug zu transportieren.<\/p>\n<ul>\n<li>Hergestellt aus schwarzem 1,0 oz\/sqyd <a href=\"https:\/\/litepack.ch\/en\/material-zpacks\/\" data-internallinksmanager029f6b8e52c=\"1\" title=\"Material Zpacks\">Dyneema<\/a>\u00ae Composite-Gewebe, das von Natur aus wasserdicht und abriebfest ist.<\/li>\n<li>Vollst\u00e4ndig verschwei\u00dfte N\u00e4hte. Unser Packsack h\u00e4lt das Wasser unter typischen Rucksackbedingungen ab, wenn der Sack nicht untergetaucht wird.<\/li>\n<li>Die Taschen haben eine versteifte \u00d6ffnung, die das Abrollen des Verdecks einfach und sicher macht.<\/li>\n<li>Dr\u00fccken Sie die Luft heraus und rollen Sie den Deckel herunter, um Ihre Ausr\u00fcstung nach Bedarf zu komprimieren.<\/li>\n<li>Hergestellt in den USA.<\/li>\n<\/ul>\n<p><iframe title=\"Zpacks Pack Liner | Overview\" width=\"500\" height=\"281\" src=\"https:\/\/www.youtube.com\/embed\/WZN3KpHpDL4?feature=oembed\" frameborder=\"0\" allow=\"accelerometer; autoplay; clipboard-write; encrypted-media; gyroscope; picture-in-picture; web-share\" referrerpolicy=\"strict-origin-when-cross-origin\" allowfullscreen><\/iframe><\/p>","protected":false},"excerpt":{"rendered":"<p>Dieser Rolltop-Trockenbeutel in voller Gr\u00f6\u00dfe sch\u00fctzt den gesamten Inhalt Ihres Rucksacks. Dies ist eine gute Option, wenn Sie es vorziehen,<\/p>","protected":false},"featured_media":36846,"comment_status":"open","ping_status":"closed","template":"","meta":[],"product_brand":[220],"product_cat":[277,191],"product_tag":[],"class_list":{"0":"post-36842","1":"product","2":"type-product","3":"status-publish","4":"has-post-thumbnail","6":"product_brand-zpacks","7":"product_cat-rucksack-zubehoer","8":"product_cat-zubehoer","9":"pa_hersteller-zpacks","11":"first","12":"instock","13":"taxable","14":"shipping-taxable","15":"purchasable","16":"product-type-variable"},"_links":{"self":[{"href":"https:\/\/litepack.ch\/en\/wp-json\/wp\/v2\/product\/36842","targetHints":{"allow":["GET"]}}],"collection":[{"href":"https:\/\/litepack.ch\/en\/wp-json\/wp\/v2\/product"}],"about":[{"href":"https:\/\/litepack.ch\/en\/wp-json\/wp\/v2\/types\/product"}],"replies":[{"embeddable":true,"href":"https:\/\/litepack.ch\/en\/wp-json\/wp\/v2\/comments?post=36842"}],"wp:featuredmedia":[{"embeddable":true,"href":"https:\/\/litepack.ch\/en\/wp-json\/wp\/v2\/media\/36846"}],"wp:attachment":[{"href":"https:\/\/litepack.ch\/en\/wp-json\/wp\/v2\/media?parent=36842"}],"wp:term":[{"taxonomy":"product_brand","embeddable":true,"href":"https:\/\/litepack.ch\/en\/wp-json\/wp\/v2\/product_brand?post=36842"},{"taxonomy":"product_cat","embeddable":true,"href":"https:\/\/litepack.ch\/en\/wp-json\/wp\/v2\/product_cat?post=36842"},{"taxonomy":"product_tag","embeddable":true,"href":"https:\/\/litepack.ch\/en\/wp-json\/wp\/v2\/product_tag?post=36842"}],"curies":[{"name":"wp","href":"https:\/\/api.w.org\/{rel}","templated":true}]}}