{"id":36833,"date":"2025-02-09T19:02:51","date_gmt":"2025-02-09T18:02:51","guid":{"rendered":"http:\/\/litepack.ch\/?post_type=product&#038;p=36833"},"modified":"2026-02-23T09:53:45","modified_gmt":"2026-02-23T08:53:45","slug":"zpacks-rucksack-cover","status":"publish","type":"product","link":"https:\/\/litepack.ch\/en\/product\/zpacks-rucksack-cover\/","title":{"rendered":"Zpacks Rucksack Cover"},"content":{"rendered":"<p>Sch\u00fctzen Sie Ihren Rucksack vor str\u00f6mendem Regen und schlammigem Boden mit unserem Pack Cover. Ausserdem dient er als Schutz f\u00fcr dein Aufgabegep\u00e4ck bei Airlines. Unser Pack Cover ist eine ultraleichte Option, um Ihren Rucksack trocken und sauber zu halten, einschlie\u00dflich der Au\u00dfentaschen.<\/p>\n<ul>\n<li>Hergestellt aus 25 g\/m\u00b2 <a href=\"https:\/\/litepack.ch\/en\/material-zpacks\/\" data-internallinksmanager029f6b8e52c=\"1\" title=\"Material Zpacks\">Dyneema<\/a>\u00ae Composite-Gewebe.<\/li>\n<li>100% wasserdicht, nahtloses Design.<\/li>\n<li>Ein 1\/16&#8243;-Sto\u00dfd\u00e4mpferkordelzug schn\u00fcrt sich eng um Ihren Rucksack. Die Kordel ist mit einem Clip versehen, der sich unter den Schultergurten oder an der Zugschlaufe befestigen l\u00e4sst, damit die Packh\u00fclle nicht weggeweht werden kann.<\/li>\n<li>Der Rucksack\u00fcberzug hat au\u00dferdem Schlaufen an den unteren Ecken. Bei starkem Wind k\u00f6nnen sie mit kleinen Karabinern (nicht im Lieferumfang enthalten) an den Rucksackgurt geklippt werden. Normalerweise sind sie nicht notwendig.<\/li>\n<li>Die H\u00fcllen sind so bemessen, dass sie bei maximalem Fassungsverm\u00f6gen in die angegebenen Rucks\u00e4cke passen. Sie passen jedoch m\u00f6glicherweise nicht, wenn sperrige Gegenst\u00e4nde an der Au\u00dfenseite des Rucksacks befestigt sind. Im Zweifelsfall eine Nummer gr\u00f6\u00dfer nehmen.<\/li>\n<li>Ein 6,5 x 6,5 cm gro\u00dfer Packsack ist im Preis und Gewicht enthalten.<\/li>\n<li>Hergestellt in den USA.<\/li>\n<\/ul>\n<p><iframe title=\"Zpacks Pack Cover | Overview\" width=\"500\" height=\"281\" src=\"https:\/\/www.youtube.com\/embed\/MRXRc84pMGc?feature=oembed\" frameborder=\"0\" allow=\"accelerometer; autoplay; clipboard-write; encrypted-media; gyroscope; picture-in-picture; web-share\" referrerpolicy=\"strict-origin-when-cross-origin\" allowfullscreen><\/iframe><\/p>","protected":false},"excerpt":{"rendered":"<p>Sch\u00fctzen Sie Ihren Rucksack vor str\u00f6mendem Regen und schlammigem Boden mit unserem Pack Cover. Ausserdem dient er als Schutz f\u00fcr<\/p>","protected":false},"featured_media":39778,"comment_status":"open","ping_status":"closed","template":"","meta":[],"product_brand":[220],"product_cat":[277,191],"product_tag":[],"class_list":{"0":"post-36833","1":"product","2":"type-product","3":"status-publish","4":"has-post-thumbnail","6":"product_brand-zpacks","7":"product_cat-rucksack-zubehoer","8":"product_cat-zubehoer","9":"pa_hersteller-zpacks","11":"first","12":"instock","13":"taxable","14":"shipping-taxable","15":"purchasable","16":"product-type-variable"},"_links":{"self":[{"href":"https:\/\/litepack.ch\/en\/wp-json\/wp\/v2\/product\/36833","targetHints":{"allow":["GET"]}}],"collection":[{"href":"https:\/\/litepack.ch\/en\/wp-json\/wp\/v2\/product"}],"about":[{"href":"https:\/\/litepack.ch\/en\/wp-json\/wp\/v2\/types\/product"}],"replies":[{"embeddable":true,"href":"https:\/\/litepack.ch\/en\/wp-json\/wp\/v2\/comments?post=36833"}],"wp:featuredmedia":[{"embeddable":true,"href":"https:\/\/litepack.ch\/en\/wp-json\/wp\/v2\/media\/39778"}],"wp:attachment":[{"href":"https:\/\/litepack.ch\/en\/wp-json\/wp\/v2\/media?parent=36833"}],"wp:term":[{"taxonomy":"product_brand","embeddable":true,"href":"https:\/\/litepack.ch\/en\/wp-json\/wp\/v2\/product_brand?post=36833"},{"taxonomy":"product_cat","embeddable":true,"href":"https:\/\/litepack.ch\/en\/wp-json\/wp\/v2\/product_cat?post=36833"},{"taxonomy":"product_tag","embeddable":true,"href":"https:\/\/litepack.ch\/en\/wp-json\/wp\/v2\/product_tag?post=36833"}],"curies":[{"name":"wp","href":"https:\/\/api.w.org\/{rel}","templated":true}]}}