{"id":36793,"date":"2025-02-09T17:36:02","date_gmt":"2025-02-09T16:36:02","guid":{"rendered":"http:\/\/litepack.ch\/?post_type=product&#038;p=36793"},"modified":"2026-03-02T21:47:52","modified_gmt":"2026-03-02T20:47:52","slug":"zpacks-ultralight-camping-schuhe","status":"publish","type":"product","link":"https:\/\/litepack.ch\/en\/product\/zpacks-ultralight-camping-schuhe\/","title":{"rendered":"Zpacks Ultralight Camping Schuhe"},"content":{"rendered":"<p><strong>Wir haben alle Gr\u00f6ssen an Lager aber nicht immer alle Farben. In einigen F\u00e4llen kann es zu langen Wartezeiten kommen. Dann geben wir bescheid.<\/strong><\/p>\n<p>Mit einem Gewicht von nur 51,7 g pro Paar sind die <a href=\"\/en\/hersteller\/zpacks\/\" data-internallinksmanager029f6b8e52c=\"2\" title=\"Zpacks\">Zpacks<\/a> Ultralight Camp Shoes f\u00fcr ambitionierte Wanderer und Rucksacktouristen entwickelt worden. Die Schuhe bestehen aus strapazierf\u00e4higem <a href=\"https:\/\/litepack.ch\/en\/material-zpacks\/\" data-internallinksmanager029f6b8e52c=\"1\" title=\"Material Zpacks\">Robic<\/a>-Gewebe und atmungsaktivem Lycra-Mesh und bieten eine leichte, aber dennoch sch\u00fctzende Schicht, die Ihre F\u00fc\u00dfe nach einem langen Tag auf dem Trail atmen l\u00e4sst.<br \/>\nDie d\u00fcnne, aber widerstandsf\u00e4hige 4mm-Schaumstoffsohle verhindert, dass Steine, Wurzeln und unwegsames Gel\u00e4nde Ihre Auszeit st\u00f6ren, so dass Sie Lagerfeuer und n\u00e4chtliche Toiletteng\u00e4nge genie\u00dfen k\u00f6nnen, ohne das Gewicht herk\u00f6mmlicher Lagerschuhe oder durchn\u00e4sster Trailrunning-Schuhe.<br \/>\nDiese kompakten und zusammenklappbaren Schuhe sind ebenso leicht zu packen wie praktisch und passen selbst in die kleinsten Ecken Ihres Rucksacks. Egal, ob Sie ein engagierter Wanderer oder ein Wochenendausfl\u00fcgler sind, die Zeiten, in denen gro\u00dfe, klobige Schuhe aus dem Rucksack baumelten, sind vorbei.<br \/>\nDiese Schuhe sind f\u00fcr kurze Strecken rund um das Camp gedacht. Sie sind nicht zum <a href=\"https:\/\/litepack.ch\/en\/pilgerreisen\/\" data-internallinksmanager029f6b8e52c=\"6\" title=\"Pilgerreisen\">Wandern<\/a> gedacht.<\/p>\n<ul>\n<li>Strapazierf\u00e4higes 100D Ripstop-Nylon (125 g\/m\u00b2) auf der Vorderseite und an den Seiten h\u00e4lt Feuchtigkeit und Schmutz von Ihren Zehen fern.<\/li>\n<li>Das dehnbare Lycra-Obermaterial l\u00e4sst Ihre F\u00fc\u00dfe atmen.<\/li>\n<li>Die breite Zehenbox bietet Ihren Zehen Platz, um sich nach einem harten Tag auf dem Trail auszustrecken.<br \/>\nBequem mit oder ohne Socken.<\/li>\n<li>Der verstellbare Kordelzug umschlie\u00dft die Ferse und sorgt f\u00fcr eine perfekte Passform.<\/li>\n<li>Die 4 mm dicke Schaumstoffsohle bietet gerade genug Komfort, um Ihre F\u00fc\u00dfe vor scharfen Steinen und Wurzeln im Camp zu sch\u00fctzen.<\/li>\n<li><a href=\"\/en\/hersteller\/zpacks\/\" data-internallinksmanager029f6b8e52c=\"2\" title=\"Zpacks\">Zpacks<\/a> Ultralight Camp Shoes k\u00f6nnen flach oder gerollt verpackt werden. Stecken Sie sie in eine beliebige Tasche Ihres Rucksacks f\u00fcr einfachen Zugriff.<\/li>\n<\/ul>\n<p><iframe title=\"Zpacks Ultralight Camp Shoes | Overview\" width=\"500\" height=\"281\" src=\"https:\/\/www.youtube.com\/embed\/VT9f4YUb3Oc?feature=oembed\" frameborder=\"0\" allow=\"accelerometer; autoplay; clipboard-write; encrypted-media; gyroscope; picture-in-picture; web-share\" referrerpolicy=\"strict-origin-when-cross-origin\" allowfullscreen><\/iframe><\/p>","protected":false},"excerpt":{"rendered":"<p>Wir haben alle Gr\u00f6ssen an Lager aber nicht immer alle Farben. In einigen F\u00e4llen kann es zu langen Wartezeiten kommen.<\/p>","protected":false},"featured_media":36809,"comment_status":"open","ping_status":"closed","template":"","meta":[],"product_brand":[220],"product_cat":[190],"product_tag":[],"class_list":{"0":"post-36793","1":"product","2":"type-product","3":"status-publish","4":"has-post-thumbnail","6":"product_brand-zpacks","7":"product_cat-kleidung","8":"pa_hersteller-zpacks","10":"first","11":"instock","12":"taxable","13":"shipping-taxable","14":"purchasable","15":"product-type-variable"},"_links":{"self":[{"href":"https:\/\/litepack.ch\/en\/wp-json\/wp\/v2\/product\/36793","targetHints":{"allow":["GET"]}}],"collection":[{"href":"https:\/\/litepack.ch\/en\/wp-json\/wp\/v2\/product"}],"about":[{"href":"https:\/\/litepack.ch\/en\/wp-json\/wp\/v2\/types\/product"}],"replies":[{"embeddable":true,"href":"https:\/\/litepack.ch\/en\/wp-json\/wp\/v2\/comments?post=36793"}],"wp:featuredmedia":[{"embeddable":true,"href":"https:\/\/litepack.ch\/en\/wp-json\/wp\/v2\/media\/36809"}],"wp:attachment":[{"href":"https:\/\/litepack.ch\/en\/wp-json\/wp\/v2\/media?parent=36793"}],"wp:term":[{"taxonomy":"product_brand","embeddable":true,"href":"https:\/\/litepack.ch\/en\/wp-json\/wp\/v2\/product_brand?post=36793"},{"taxonomy":"product_cat","embeddable":true,"href":"https:\/\/litepack.ch\/en\/wp-json\/wp\/v2\/product_cat?post=36793"},{"taxonomy":"product_tag","embeddable":true,"href":"https:\/\/litepack.ch\/en\/wp-json\/wp\/v2\/product_tag?post=36793"}],"curies":[{"name":"wp","href":"https:\/\/api.w.org\/{rel}","templated":true}]}}