{"id":36668,"date":"2025-02-03T06:17:20","date_gmt":"2025-02-03T05:17:20","guid":{"rendered":"http:\/\/litepack.ch\/?post_type=product&#038;p=36668"},"modified":"2025-09-26T10:55:31","modified_gmt":"2025-09-26T09:55:31","slug":"zpacks-wechsel-schultergurte-small-women","status":"publish","type":"product","link":"https:\/\/litepack.ch\/en\/product\/zpacks-wechsel-schultergurte-small-women\/","title":{"rendered":"Zpacks Wechsel-Schultergurte Small \/ Women"},"content":{"rendered":"<p>Mit unserem innovativen, austauschbaren Schultergurtsystem k\u00f6nnen Sie die perfekten Gurte f\u00fcr jedes Abenteuer ausw\u00e4hlen oder die Gurte f\u00fcr verschiedene Wanderer austauschen. Schieben Sie die Gurte einfach in den Rucksack und befestigen Sie sie mit einem Clip.<br \/>\nUnsere Small \/ Women&#8217;s Straps sind schmaler und k\u00fcrzer, damit sie auch kleineren Wanderern wie Teenagern oder kleineren Erwachsenen passen.<br \/>\nWie alle unsere Gurte verf\u00fcgen sie \u00fcber eine bequeme 3\/8&#8243;-Polsterung, atmungsaktives 3D-Netzgewebe auf der Unterseite und eine Daisy-Chain zur Befestigung Ihres Lieblingszubeh\u00f6rs. Ein verstellbarer Brustgurt ist im Lieferumfang enthalten.<br \/>\nUnsere kleinen Gurte sind ca. 6 cm breit und 36 cm lang.<br \/>\nZu den g\u00e4ngigen Accessoires geh\u00f6ren unsere Schultertaschen, Schultertaschen mit Rei\u00dfverschluss oder Trinkflaschenh\u00fcllen.<br \/>\nAlle neuen <a href=\"\/en\/hersteller\/zpacks\/\" data-internallinksmanager029f6b8e52c=\"2\" title=\"Zpacks\">Zpacks<\/a>-Rucks\u00e4cke, die ab Ende 2024 produziert werden, sind kompatibel, wenn die Gurte oben Clips haben.<\/p>\n<p><iframe title=\"Zpacks Interchangeable Strap System | Overview\" width=\"500\" height=\"281\" src=\"https:\/\/www.youtube.com\/embed\/MsEd0Rf2DiU?feature=oembed\" frameborder=\"0\" allow=\"accelerometer; autoplay; clipboard-write; encrypted-media; gyroscope; picture-in-picture; web-share\" referrerpolicy=\"strict-origin-when-cross-origin\" allowfullscreen><\/iframe><\/p>","protected":false},"excerpt":{"rendered":"<p>Mit unserem innovativen, austauschbaren Schultergurtsystem k\u00f6nnen Sie die perfekten Gurte f\u00fcr jedes Abenteuer ausw\u00e4hlen oder die Gurte f\u00fcr verschiedene Wanderer<\/p>","protected":false},"featured_media":36669,"comment_status":"open","ping_status":"closed","template":"","meta":[],"product_brand":[220],"product_cat":[277,20],"product_tag":[],"class_list":{"0":"post-36668","1":"product","2":"type-product","3":"status-publish","4":"has-post-thumbnail","6":"product_brand-zpacks","7":"product_cat-rucksack-zubehoer","8":"product_cat-rucksaecke","9":"pa_hersteller-zpacks","11":"first","12":"instock","13":"taxable","14":"shipping-taxable","15":"purchasable","16":"product-type-simple"},"_links":{"self":[{"href":"https:\/\/litepack.ch\/en\/wp-json\/wp\/v2\/product\/36668","targetHints":{"allow":["GET"]}}],"collection":[{"href":"https:\/\/litepack.ch\/en\/wp-json\/wp\/v2\/product"}],"about":[{"href":"https:\/\/litepack.ch\/en\/wp-json\/wp\/v2\/types\/product"}],"replies":[{"embeddable":true,"href":"https:\/\/litepack.ch\/en\/wp-json\/wp\/v2\/comments?post=36668"}],"wp:featuredmedia":[{"embeddable":true,"href":"https:\/\/litepack.ch\/en\/wp-json\/wp\/v2\/media\/36669"}],"wp:attachment":[{"href":"https:\/\/litepack.ch\/en\/wp-json\/wp\/v2\/media?parent=36668"}],"wp:term":[{"taxonomy":"product_brand","embeddable":true,"href":"https:\/\/litepack.ch\/en\/wp-json\/wp\/v2\/product_brand?post=36668"},{"taxonomy":"product_cat","embeddable":true,"href":"https:\/\/litepack.ch\/en\/wp-json\/wp\/v2\/product_cat?post=36668"},{"taxonomy":"product_tag","embeddable":true,"href":"https:\/\/litepack.ch\/en\/wp-json\/wp\/v2\/product_tag?post=36668"}],"curies":[{"name":"wp","href":"https:\/\/api.w.org\/{rel}","templated":true}]}}