{"id":36664,"date":"2025-02-03T06:13:15","date_gmt":"2025-02-03T05:13:15","guid":{"rendered":"http:\/\/litepack.ch\/?post_type=product&#038;p=36664"},"modified":"2025-11-06T14:33:44","modified_gmt":"2025-11-06T13:33:44","slug":"zpacks-ersatz-gurt-12mm","status":"publish","type":"product","link":"https:\/\/litepack.ch\/en\/product\/zpacks-ersatz-gurt-12mm\/","title":{"rendered":"Zpacks Ersatz-Gurt 12mm"},"content":{"rendered":"<p>Dieses Gurtband ist ca. 12 mm breit und kann als Ersatz f\u00fcr die Schultergurte, Lastaufnahmemittel, den Brustgurt, den oberen Gurt oder die Rollgurte an allen unseren Rucks\u00e4cken verwendet werden.<\/p>\n<p>Schneiden Sie es einfach auf die von Ihnen ben\u00f6tigte Gr\u00f6\u00dfe zu und versengen Sie es mit einem Feuerzeug.<\/p>\n<ul>\n<li>Die 12mm Gurtb\u00e4nder an unseren Rucks\u00e4cken sind alle vor Ort austauschbar.<\/li>\n<li>Falls die Standardl\u00e4nge nicht ausreicht, kannst du sie verwenden, um l\u00e4ngere Schultergurte oder Brustgurte herzustellen.<\/li>\n<li>Ein Ende hat eine angen\u00e4hte Lasche, damit es nicht durch eine 12mm-Schnalle rutscht, das andere Ende ist in einem 45-Grad-Winkel geschnitten. Schneide es auf die gew\u00fcnschte L\u00e4nge zu und versiegel das Ende mit einem Feuerzeug.<\/li>\n<li>Das Gurtband ist gerippt, um einen besonders sicheren Halt ohne Verrutschen zu gew\u00e4hrleisten. Polyester hat eine minimale Dehnung und bietet im Vergleich zu Nylon eine bessere UV- und Abriebfestigkeit.<\/li>\n<li>Bestelle zwei, wenn du ein Paar Gurtb\u00e4nder ben\u00f6tigst.<\/li>\n<\/ul>","protected":false},"excerpt":{"rendered":"<p>Dieses Gurtband ist ca. 12 mm breit und kann als Ersatz f\u00fcr die Schultergurte, Lastaufnahmemittel, den Brustgurt, den oberen Gurt<\/p>","protected":false},"featured_media":36666,"comment_status":"open","ping_status":"closed","template":"","meta":[],"product_brand":[220],"product_cat":[277,191],"product_tag":[],"class_list":{"0":"post-36664","1":"product","2":"type-product","3":"status-publish","4":"has-post-thumbnail","6":"product_brand-zpacks","7":"product_cat-rucksack-zubehoer","8":"product_cat-zubehoer","9":"pa_hersteller-zpacks","11":"first","12":"instock","13":"taxable","14":"shipping-taxable","15":"purchasable","16":"product-type-simple"},"_links":{"self":[{"href":"https:\/\/litepack.ch\/en\/wp-json\/wp\/v2\/product\/36664","targetHints":{"allow":["GET"]}}],"collection":[{"href":"https:\/\/litepack.ch\/en\/wp-json\/wp\/v2\/product"}],"about":[{"href":"https:\/\/litepack.ch\/en\/wp-json\/wp\/v2\/types\/product"}],"replies":[{"embeddable":true,"href":"https:\/\/litepack.ch\/en\/wp-json\/wp\/v2\/comments?post=36664"}],"wp:featuredmedia":[{"embeddable":true,"href":"https:\/\/litepack.ch\/en\/wp-json\/wp\/v2\/media\/36666"}],"wp:attachment":[{"href":"https:\/\/litepack.ch\/en\/wp-json\/wp\/v2\/media?parent=36664"}],"wp:term":[{"taxonomy":"product_brand","embeddable":true,"href":"https:\/\/litepack.ch\/en\/wp-json\/wp\/v2\/product_brand?post=36664"},{"taxonomy":"product_cat","embeddable":true,"href":"https:\/\/litepack.ch\/en\/wp-json\/wp\/v2\/product_cat?post=36664"},{"taxonomy":"product_tag","embeddable":true,"href":"https:\/\/litepack.ch\/en\/wp-json\/wp\/v2\/product_tag?post=36664"}],"curies":[{"name":"wp","href":"https:\/\/api.w.org\/{rel}","templated":true}]}}