{"id":36663,"date":"2025-02-03T06:16:20","date_gmt":"2025-02-03T05:16:20","guid":{"rendered":"http:\/\/litepack.ch\/?post_type=product&#038;p=36663"},"modified":"2025-09-26T10:55:47","modified_gmt":"2025-09-26T09:55:47","slug":"zpacks-wechsel-schultergurte-mit-taschen","status":"publish","type":"product","link":"https:\/\/litepack.ch\/en\/product\/zpacks-wechsel-schultergurte-mit-taschen\/","title":{"rendered":"Zpacks Wechsel-Schultergurte mit Taschen"},"content":{"rendered":"<p>Mit unserem innovativen, austauschbaren Schultergurtsystem k\u00f6nnen Sie die perfekten Gurte f\u00fcr jedes Abenteuer ausw\u00e4hlen oder die Gurte f\u00fcr unterschiedlich gro\u00dfe Wanderer austauschen. Schieben Sie die Gurte einfach in den Rucksack und befestigen Sie sie mit einem Clip.<br \/>\nUnsere harness\u00e4hnlichen Westengurte verf\u00fcgen \u00fcber eine bequeme 3\/8&#8243;-Polsterung an den Schultern und \u00fcberlagerndes 3D-Netzgewebe, das den K\u00f6rper anschmiegt und umschlie\u00dft. Zwei verstellbare Brustgurte sorgen f\u00fcr einen sicheren Sitz, wenn Sie sich in technischem Gel\u00e4nde oder beim Trailrunning bewegen. Diese Gurte verf\u00fcgen au\u00dferdem \u00fcber eine zweite Gurtbefestigung, die in der N\u00e4he der unteren Ecken des Rucksacks angebracht ist.<br \/>\nAuf jeder Seite des Gurtes befindet sich eine integrierte, dehnbare Lycra-Tasche f\u00fcr eine 1-Liter SmartWater- oder Body Armor-Flasche oder eine 600-ml-UltraFlask, ein Staufach und eine kleine Rei\u00dfverschlusstasche, die sich perfekt zur Aufbewahrung von Energie-Gels oder Schl\u00fcsseln eignet.<br \/>\nAlle neuen <a href=\"\/en\/hersteller\/zpacks\/\" data-internallinksmanager029f6b8e52c=\"2\" title=\"Zpacks\">Zpacks<\/a>-Rucks\u00e4cke, die ab Ende 2024 produziert werden, sind kompatibel, wenn die Gurte oben Clips haben.<\/p>\n<p><iframe title=\"Zpacks Interchangeable Strap System | Overview\" width=\"500\" height=\"281\" src=\"https:\/\/www.youtube.com\/embed\/MsEd0Rf2DiU?feature=oembed\" frameborder=\"0\" allow=\"accelerometer; autoplay; clipboard-write; encrypted-media; gyroscope; picture-in-picture; web-share\" referrerpolicy=\"strict-origin-when-cross-origin\" allowfullscreen><\/iframe><\/p>","protected":false},"excerpt":{"rendered":"<p>Mit unserem innovativen, austauschbaren Schultergurtsystem k\u00f6nnen Sie die perfekten Gurte f\u00fcr jedes Abenteuer ausw\u00e4hlen oder die Gurte f\u00fcr unterschiedlich gro\u00dfe<\/p>","protected":false},"featured_media":36667,"comment_status":"open","ping_status":"closed","template":"","meta":[],"product_brand":[220],"product_cat":[277,20],"product_tag":[],"class_list":{"0":"post-36663","1":"product","2":"type-product","3":"status-publish","4":"has-post-thumbnail","6":"product_brand-zpacks","7":"product_cat-rucksack-zubehoer","8":"product_cat-rucksaecke","9":"pa_hersteller-zpacks","11":"first","12":"instock","13":"taxable","14":"shipping-taxable","15":"purchasable","16":"product-type-simple"},"_links":{"self":[{"href":"https:\/\/litepack.ch\/en\/wp-json\/wp\/v2\/product\/36663","targetHints":{"allow":["GET"]}}],"collection":[{"href":"https:\/\/litepack.ch\/en\/wp-json\/wp\/v2\/product"}],"about":[{"href":"https:\/\/litepack.ch\/en\/wp-json\/wp\/v2\/types\/product"}],"replies":[{"embeddable":true,"href":"https:\/\/litepack.ch\/en\/wp-json\/wp\/v2\/comments?post=36663"}],"wp:featuredmedia":[{"embeddable":true,"href":"https:\/\/litepack.ch\/en\/wp-json\/wp\/v2\/media\/36667"}],"wp:attachment":[{"href":"https:\/\/litepack.ch\/en\/wp-json\/wp\/v2\/media?parent=36663"}],"wp:term":[{"taxonomy":"product_brand","embeddable":true,"href":"https:\/\/litepack.ch\/en\/wp-json\/wp\/v2\/product_brand?post=36663"},{"taxonomy":"product_cat","embeddable":true,"href":"https:\/\/litepack.ch\/en\/wp-json\/wp\/v2\/product_cat?post=36663"},{"taxonomy":"product_tag","embeddable":true,"href":"https:\/\/litepack.ch\/en\/wp-json\/wp\/v2\/product_tag?post=36663"}],"curies":[{"name":"wp","href":"https:\/\/api.w.org\/{rel}","templated":true}]}}