{"id":36655,"date":"2025-02-03T05:47:27","date_gmt":"2025-02-03T04:47:27","guid":{"rendered":"http:\/\/litepack.ch\/?post_type=product&#038;p=36655"},"modified":"2026-05-09T11:07:37","modified_gmt":"2026-05-09T10:07:37","slug":"zpacks-padded-belt-for-nero","status":"publish","type":"product","link":"https:\/\/litepack.ch\/en\/product\/zpacks-padded-belt-for-nero\/","title":{"rendered":"Zpacks Wechsel-Gurt gepolstert f\u00fcr Nero"},"content":{"rendered":"<p>Der abnehmbare, gepolsterte Gurt wurde speziell f\u00fcr unsere Nero-Rucks\u00e4cke entwickelt und entlastet Ihre Schultern, indem er die Last des Rucksacks auf Ihre H\u00fcften \u00fcbertr\u00e4gt. So k\u00f6nnen Sie die Grenzen des komfortablen Tragebereichs Ihres Neros ausreizen und Ihren rahmenlosen Rucksack auch f\u00fcr l\u00e4ngere Ausfl\u00fcge ins Hinterland nutzen.<\/p>\n<p>Der abnehmbare, gepolsterte Gurt kann auf Reisen abgenommen werden, wenn er nicht ben\u00f6tigt wird.<\/p>\n<ul>\n<li>Speziell f\u00fcr den Nero-Rucksack entwickelt. <strong>Nicht kompatibel<\/strong> mit dem <a href=\"https:\/\/litepack.ch\/en\/product\/zpacks-bagger-ultra-25l-rucksack\/\"><strong>Bagger 25L<\/strong><\/a>.<\/li>\n<li>Hergestellt aus <strong>schwarzem Ultra 100-Gewebe<\/strong>. Dieses Material verf\u00fcgt \u00fcber ein gewebtes Ultra High Molecular Weight Polyethylene (UHMWPE) Obermaterial, das auf eine wasserdichte R\u00fcckseite laminiert ist. Ultra-Gewebe bietet <strong>extrem hohe Abrieb- und Rei\u00dffestigkeit<\/strong> und ist das st\u00e4rkste Material, das wir anbieten.<\/li>\n<li>Der G\u00fcrtel verf\u00fcgt \u00fcber <strong>bequeme 3\/8&#8243; dicke Polsterung<\/strong> mit <strong>3D-Mesh auf der Unterseite<\/strong>, was f\u00fcr zus\u00e4tzlichen Komfort und besseren Halt sorgt.<\/li>\n<li><strong>Integrierte Daisy-Chain<\/strong>, um unsere <strong>Standard-G\u00fcrteltaschen<\/strong> zu befestigen.<\/li>\n<li>Der G\u00fcrtel ist <strong>abnehmbar<\/strong> und kann durch unseren <a href=\"https:\/\/litepack.ch\/en\/product\/zpacks-wechsel-gurt-250mm\/\"><strong>1&#8243; Webbing-G\u00fcrtel<\/strong><\/a> ersetzt werden \u2013 oder beide k\u00f6nnen weggelassen werden, wenn sie nicht ben\u00f6tigt werden.<\/li>\n<li>Der G\u00fcrtel kann entweder an den oberen oder unteren Befestigungspunkten des <strong>Nero<\/strong> befestigt werden, um verschiedene <strong>Oberk\u00f6rperh\u00f6hen<\/strong> zu unterst\u00fctzen.<\/li>\n<li>Das <strong>\u201eV-Style\u201c-Gurtband<\/strong> erm\u00f6glicht eine <strong>unabh\u00e4ngige Anpassung<\/strong> von oberem und unterem Umfang. Dies sorgt f\u00fcr eine <strong>sichere Passform um die H\u00fcften<\/strong> und verhindert, dass der G\u00fcrtel abrutscht.<\/li>\n<li>Entlastet die <strong>Schultern<\/strong> und verteilt das <strong>Gewicht des Rucksacks<\/strong> besser auf die <strong>H\u00fcften<\/strong>, sodass Sie das <strong>maximale Komfortgewicht<\/strong> Ihres Rucksacks ausnutzen k\u00f6nnen.<\/li>\n<li>Hergestellt in den USA.<\/li>\n<\/ul>\n<p><iframe title=\"Zpacks Detachable Padded Belt | Overview\" width=\"500\" height=\"281\" src=\"https:\/\/www.youtube.com\/embed\/iG6zndAZiyI?feature=oembed\" frameborder=\"0\" allow=\"accelerometer; autoplay; clipboard-write; encrypted-media; gyroscope; picture-in-picture; web-share\" referrerpolicy=\"strict-origin-when-cross-origin\" allowfullscreen><\/iframe><\/p>","protected":false},"excerpt":{"rendered":"<p>Der abnehmbare, gepolsterte Gurt wurde speziell f\u00fcr unsere Nero-Rucks\u00e4cke entwickelt und entlastet Ihre Schultern, indem er die Last des Rucksacks<\/p>","protected":false},"featured_media":36658,"comment_status":"open","ping_status":"closed","template":"","meta":[],"product_brand":[220],"product_cat":[277,20,191],"product_tag":[],"class_list":{"0":"post-36655","1":"product","2":"type-product","3":"status-publish","4":"has-post-thumbnail","6":"product_brand-zpacks","7":"product_cat-rucksack-zubehoer","8":"product_cat-rucksaecke","9":"product_cat-zubehoer","10":"pa_hersteller-zpacks","12":"first","13":"instock","14":"taxable","15":"shipping-taxable","16":"purchasable","17":"product-type-variable","18":"has-default-attributes"},"_links":{"self":[{"href":"https:\/\/litepack.ch\/en\/wp-json\/wp\/v2\/product\/36655","targetHints":{"allow":["GET"]}}],"collection":[{"href":"https:\/\/litepack.ch\/en\/wp-json\/wp\/v2\/product"}],"about":[{"href":"https:\/\/litepack.ch\/en\/wp-json\/wp\/v2\/types\/product"}],"replies":[{"embeddable":true,"href":"https:\/\/litepack.ch\/en\/wp-json\/wp\/v2\/comments?post=36655"}],"wp:featuredmedia":[{"embeddable":true,"href":"https:\/\/litepack.ch\/en\/wp-json\/wp\/v2\/media\/36658"}],"wp:attachment":[{"href":"https:\/\/litepack.ch\/en\/wp-json\/wp\/v2\/media?parent=36655"}],"wp:term":[{"taxonomy":"product_brand","embeddable":true,"href":"https:\/\/litepack.ch\/en\/wp-json\/wp\/v2\/product_brand?post=36655"},{"taxonomy":"product_cat","embeddable":true,"href":"https:\/\/litepack.ch\/en\/wp-json\/wp\/v2\/product_cat?post=36655"},{"taxonomy":"product_tag","embeddable":true,"href":"https:\/\/litepack.ch\/en\/wp-json\/wp\/v2\/product_tag?post=36655"}],"curies":[{"name":"wp","href":"https:\/\/api.w.org\/{rel}","templated":true}]}}