{"id":36645,"date":"2025-02-03T05:31:05","date_gmt":"2025-02-03T04:31:05","guid":{"rendered":"http:\/\/litepack.ch\/?post_type=product&#038;p=36645"},"modified":"2026-01-08T17:21:21","modified_gmt":"2026-01-08T16:21:21","slug":"zpacks-ersatz-gurt-fuer-arc-rucksack","status":"publish","type":"product","link":"https:\/\/litepack.ch\/en\/product\/zpacks-ersatz-gurt-fuer-arc-rucksack\/","title":{"rendered":"Zpacks Wechsel-Gurt f\u00fcr Arc Rucksack"},"content":{"rendered":"<p id=\"wd-71849503\" class=\"wp-block-wd-paragraph\">Unsere Arc-Rucks\u00e4cke haben einen abnehmbaren und austauschbaren Gurt. Dies ist eine n\u00fctzliche Funktion, wenn Sie ab- oder zunehmen, oder wenn der Rucksack an eine Person mit einer anderen Gr\u00f6\u00dfe weitergegeben wird. Wenn der G\u00fcrtel vor dem Rest des Rucksacks abgenutzt ist, k\u00f6nnen Sie ihn ersetzen.<\/p>\n\n\n\n<ul class=\"wp-block-list\">\n<li>Austauschbares Design.<\/li>\n\n\n\n<li>Verstellbarer Gurt auf beiden Seiten.<\/li>\n\n\n\n<li>Bequeme 9,5 mm dicke Schaumstoffpolsterung.<\/li>\n<\/ul>\n\n\n\n<div class=\"wp-block-columns is-layout-flex wp-container-core-columns-is-layout-9d6595d7 wp-block-columns-is-layout-flex\">\n<div class=\"wp-block-column is-layout-flow wp-block-column-is-layout-flow\">\n<figure class=\"wp-block-embed is-type-video is-provider-youtube wp-block-embed-youtube wp-embed-aspect-16-9 wp-has-aspect-ratio\"><div class=\"wp-block-embed__wrapper\">\n<iframe title=\"Zpacks Arc Series Backpack | Removing &amp; Installing a Hip Belt\" width=\"500\" height=\"281\" src=\"https:\/\/www.youtube.com\/embed\/EnuOg_cIuWg?feature=oembed\" frameborder=\"0\" allow=\"accelerometer; autoplay; clipboard-write; encrypted-media; gyroscope; picture-in-picture; web-share\" referrerpolicy=\"strict-origin-when-cross-origin\" allowfullscreen><\/iframe>\n<\/div><\/figure>\n<\/div>\n\n\n\n<div class=\"wp-block-column is-layout-flow wp-block-column-is-layout-flow\">\n<figure class=\"wp-block-embed is-type-video is-provider-youtube wp-block-embed-youtube wp-embed-aspect-16-9 wp-has-aspect-ratio\"><div class=\"wp-block-embed__wrapper\">\n<iframe title=\"Zpacks Arc Series Backpack | Sizing &amp; Measurement\" width=\"500\" height=\"281\" src=\"https:\/\/www.youtube.com\/embed\/IwYSHHGqdh4?feature=oembed\" frameborder=\"0\" allow=\"accelerometer; autoplay; clipboard-write; encrypted-media; gyroscope; picture-in-picture; web-share\" referrerpolicy=\"strict-origin-when-cross-origin\" allowfullscreen><\/iframe>\n<\/div><\/figure>\n<\/div>\n<\/div>\n\n\n\n<div class=\"wp-block-columns is-layout-flex wp-container-core-columns-is-layout-9d6595d7 wp-block-columns-is-layout-flex\">\n<div class=\"wp-block-column is-layout-flow wp-block-column-is-layout-flow\">\n<figure class=\"wp-block-embed is-type-video is-provider-youtube wp-block-embed-youtube wp-embed-aspect-16-9 wp-has-aspect-ratio\"><div class=\"wp-block-embed__wrapper\">\n<iframe title=\"Zpacks Belt Attachment | Overview\" width=\"500\" height=\"281\" src=\"https:\/\/www.youtube.com\/embed\/l5Dl1tymVzo?feature=oembed\" frameborder=\"0\" allow=\"accelerometer; autoplay; clipboard-write; encrypted-media; gyroscope; picture-in-picture; web-share\" referrerpolicy=\"strict-origin-when-cross-origin\" allowfullscreen><\/iframe>\n<\/div><\/figure>\n<\/div>\n\n\n\n<div class=\"wp-block-column is-layout-flow wp-block-column-is-layout-flow\"><\/div>\n<\/div>\n\n\n\n<p id=\"wd-8fa9a0ff\" class=\"wp-block-wd-paragraph\">&nbsp;<\/p>\n\n\n\n<p id=\"wd-6431f2af\" class=\"wp-block-wd-paragraph\"><strong>So entfernen Sie den vorhandenen Gurt:<\/strong><br>Der G\u00fcrtel ist direkt an einer horizontalen Rahmenstange befestigt. Um den G\u00fcrtel zu entfernen, ziehen Sie ihn in der Mitte vorsichtig heraus, bis sich die Rahmenstange so weit durchbiegt, dass sie links oder rechts aus ihrer Halterung herausspringt. Der G\u00fcrtel gleitet von der Stange.<br>So legen Sie den neuen G\u00fcrtel an:<br>Die Packgurtbefestigung hat zwei Taschen (links und rechts) und zwei Schlaufen in der Mitte (links und rechts).<\/p>\n\n\n\n<p id=\"wd-0089e3e8\" class=\"wp-block-wd-paragraph\">Schieben Sie die Stange durch die rechte Schlaufe am Rucksack. Dann durch die R\u00fcckseite des Gurtes. Dann durch die linke Schlaufe des Rucksacks und in die linke Tasche des Rucksacks. Achten Sie darauf, dass die Stange ganz in der linken Tasche steckt.<\/p>\n\n\n\n<p id=\"wd-7fb9ea4f\" class=\"wp-block-wd-paragraph\">Ziehen Sie leicht an der Mitte des Gurtes, um ihn zu biegen, bis die rechte Seite der Stange in die rechte Tasche des Rucksacks einrastet.<\/p>\n\n\n\n<p id=\"wd-dd539364\" class=\"wp-block-wd-paragraph\">Der Ersatzgurt umfasst eine Ersatz-Rahmenstange.<\/p>","protected":false},"excerpt":{"rendered":"","protected":false},"featured_media":36651,"comment_status":"open","ping_status":"closed","template":"","meta":[],"product_brand":[220],"product_cat":[277,20],"product_tag":[],"class_list":{"0":"post-36645","1":"product","2":"type-product","3":"status-publish","4":"has-post-thumbnail","6":"product_brand-zpacks","7":"product_cat-rucksack-zubehoer","8":"product_cat-rucksaecke","9":"pa_hersteller-zpacks","11":"first","12":"instock","13":"taxable","14":"shipping-taxable","15":"purchasable","16":"product-type-variable","17":"has-default-attributes"},"_links":{"self":[{"href":"https:\/\/litepack.ch\/en\/wp-json\/wp\/v2\/product\/36645","targetHints":{"allow":["GET"]}}],"collection":[{"href":"https:\/\/litepack.ch\/en\/wp-json\/wp\/v2\/product"}],"about":[{"href":"https:\/\/litepack.ch\/en\/wp-json\/wp\/v2\/types\/product"}],"replies":[{"embeddable":true,"href":"https:\/\/litepack.ch\/en\/wp-json\/wp\/v2\/comments?post=36645"}],"wp:featuredmedia":[{"embeddable":true,"href":"https:\/\/litepack.ch\/en\/wp-json\/wp\/v2\/media\/36651"}],"wp:attachment":[{"href":"https:\/\/litepack.ch\/en\/wp-json\/wp\/v2\/media?parent=36645"}],"wp:term":[{"taxonomy":"product_brand","embeddable":true,"href":"https:\/\/litepack.ch\/en\/wp-json\/wp\/v2\/product_brand?post=36645"},{"taxonomy":"product_cat","embeddable":true,"href":"https:\/\/litepack.ch\/en\/wp-json\/wp\/v2\/product_cat?post=36645"},{"taxonomy":"product_tag","embeddable":true,"href":"https:\/\/litepack.ch\/en\/wp-json\/wp\/v2\/product_tag?post=36645"}],"curies":[{"name":"wp","href":"https:\/\/api.w.org\/{rel}","templated":true}]}}