{"id":36503,"date":"2025-02-02T15:25:14","date_gmt":"2025-02-02T14:25:14","guid":{"rendered":"http:\/\/litepack.ch\/?post_type=product&#038;p=36503"},"modified":"2025-10-11T13:31:59","modified_gmt":"2025-10-11T12:31:59","slug":"zpacks-trekkingstock","status":"publish","type":"product","link":"https:\/\/litepack.ch\/en\/product\/zpacks-trekkingstock\/","title":{"rendered":"Zpacks Trekkingstock Minimalist"},"content":{"rendered":"<ul>\n<li>Komfortabler Schaumstoffgriff absorbiert Schwei\u00df.<\/li>\n<li>Schaft aus 100 % Carbon f\u00fcr h\u00f6here Festigkeit und geringeres Gewicht.<\/li>\n<li>Handgelenkschlaufe.<\/li>\n<li>Stabile Schnallenverschl\u00fcsse k\u00f6nnen von Hand angezogen werden.<\/li>\n<li>Leinen zur H\u00f6heneinstellung.<\/li>\n<li>Inklusive Gummispitze f\u00fcr die Stra\u00dfe.<\/li>\n<li>Ersatzspitzen sind hier erh\u00e4ltlich.<\/li>\n<li>L\u00e4sst sich bis zu einem Maximum von 132 cm ausziehen, was f\u00fcr die meisten Zelte passt.<\/li>\n<\/ul>","protected":false},"excerpt":{"rendered":"<p>Komfortabler Schaumstoffgriff absorbiert Schwei\u00df. Schaft aus 100 % Carbon f\u00fcr h\u00f6here Festigkeit und geringeres Gewicht. Handgelenkschlaufe. Stabile Schnallenverschl\u00fcsse k\u00f6nnen von<\/p>","protected":false},"featured_media":36510,"comment_status":"open","ping_status":"closed","template":"","meta":[],"product_brand":[220],"product_cat":[296,191],"product_tag":[],"class_list":{"0":"post-36503","1":"product","2":"type-product","3":"status-publish","4":"has-post-thumbnail","6":"product_brand-zpacks","7":"product_cat-weiteres-zubehoer","8":"product_cat-zubehoer","9":"pa_hersteller-zpacks","11":"first","12":"instock","13":"taxable","14":"shipping-taxable","15":"purchasable","16":"product-type-variable"},"_links":{"self":[{"href":"https:\/\/litepack.ch\/en\/wp-json\/wp\/v2\/product\/36503","targetHints":{"allow":["GET"]}}],"collection":[{"href":"https:\/\/litepack.ch\/en\/wp-json\/wp\/v2\/product"}],"about":[{"href":"https:\/\/litepack.ch\/en\/wp-json\/wp\/v2\/types\/product"}],"replies":[{"embeddable":true,"href":"https:\/\/litepack.ch\/en\/wp-json\/wp\/v2\/comments?post=36503"}],"wp:featuredmedia":[{"embeddable":true,"href":"https:\/\/litepack.ch\/en\/wp-json\/wp\/v2\/media\/36510"}],"wp:attachment":[{"href":"https:\/\/litepack.ch\/en\/wp-json\/wp\/v2\/media?parent=36503"}],"wp:term":[{"taxonomy":"product_brand","embeddable":true,"href":"https:\/\/litepack.ch\/en\/wp-json\/wp\/v2\/product_brand?post=36503"},{"taxonomy":"product_cat","embeddable":true,"href":"https:\/\/litepack.ch\/en\/wp-json\/wp\/v2\/product_cat?post=36503"},{"taxonomy":"product_tag","embeddable":true,"href":"https:\/\/litepack.ch\/en\/wp-json\/wp\/v2\/product_tag?post=36503"}],"curies":[{"name":"wp","href":"https:\/\/api.w.org\/{rel}","templated":true}]}}