{"id":36501,"date":"2025-02-02T15:19:33","date_gmt":"2025-02-02T14:19:33","guid":{"rendered":"http:\/\/litepack.ch\/?post_type=product&#038;p=36501"},"modified":"2025-11-06T18:08:37","modified_gmt":"2025-11-06T17:08:37","slug":"zpacks-brieftaschen-sack","status":"publish","type":"product","link":"https:\/\/litepack.ch\/en\/product\/zpacks-brieftaschen-sack\/","title":{"rendered":"Zpacks Brieftaschen Sack"},"content":{"rendered":"<ul>\n<li>Hergestellt aus 1 oz\/sqyd <a href=\"https:\/\/litepack.ch\/en\/material-zpacks\/\" data-internallinksmanager029f6b8e52c=\"1\" title=\"Material Zpacks\">Dyneema<\/a>\u00ae Composite-Gewebe, das dem t\u00e4glichen Gebrauch besser standh\u00e4lt. Halbtransparent, damit Sie Ihre Gegenst\u00e4nde leicht sehen k\u00f6nnen.<\/li>\n<li><a href=\"https:\/\/litepack.ch\/en\/material-zpacks\/\" data-internallinksmanager029f6b8e52c=\"1\" title=\"Material Zpacks\">Dyneema<\/a>\u00ae Composite Fabric ist wasserdicht, aber unsere Staus\u00e4cke sollten aufgrund der Naht- und Kordelzug\u00f6ffnung nur als wasserfest angesehen werden.<\/li>\n<li>Eignet sich hervorragend als ultraleichte Brieftasche, kann aber auch f\u00fcr zahlreiche andere kleine Gegenst\u00e4nde verwendet werden. Unser \u201eStove\u201c-Stoffsack ist das gleiche Produkt.<\/li>\n<li>Eine weitere Verwendung: Stecken Sie Ihre Stirnlampe hinein, um das Licht zu streuen und eine Laterne f\u00fcr das Lager zu schaffen.<\/li>\n<li>Packs\u00e4cke k\u00f6nnen leicht mit <a href=\"https:\/\/litepack.ch\/en\/material-zpacks\/\" data-internallinksmanager029f6b8e52c=\"1\" title=\"Material Zpacks\">Dyneema<\/a>\u00ae Composite Fabric Tape geflickt werden.<\/li>\n<li>Schauen Sie sich auch unsere Zip Pouches an, um kleinere Gegenst\u00e4nde wie Geldb\u00f6rse, Kamera, Telefon, Reisepass, Brille usw. vor Wasser und Abrieb zu sch\u00fctzen, die zwar robuster, aber auch schwerer sind.<\/li>\n<\/ul>","protected":false},"excerpt":{"rendered":"<p>Hergestellt aus 1 oz\/sqyd Dyneema\u00ae Composite-Gewebe, das dem t\u00e4glichen Gebrauch besser standh\u00e4lt. Halbtransparent, damit Sie Ihre Gegenst\u00e4nde leicht sehen k\u00f6nnen.<\/p>","protected":false},"featured_media":36502,"comment_status":"open","ping_status":"closed","template":"","meta":[],"product_brand":[220],"product_cat":[296,191],"product_tag":[],"class_list":{"0":"post-36501","1":"product","2":"type-product","3":"status-publish","4":"has-post-thumbnail","6":"product_brand-zpacks","7":"product_cat-weiteres-zubehoer","8":"product_cat-zubehoer","9":"pa_hersteller-zpacks","11":"first","12":"instock","13":"taxable","14":"shipping-taxable","15":"purchasable","16":"product-type-simple"},"_links":{"self":[{"href":"https:\/\/litepack.ch\/en\/wp-json\/wp\/v2\/product\/36501","targetHints":{"allow":["GET"]}}],"collection":[{"href":"https:\/\/litepack.ch\/en\/wp-json\/wp\/v2\/product"}],"about":[{"href":"https:\/\/litepack.ch\/en\/wp-json\/wp\/v2\/types\/product"}],"replies":[{"embeddable":true,"href":"https:\/\/litepack.ch\/en\/wp-json\/wp\/v2\/comments?post=36501"}],"wp:featuredmedia":[{"embeddable":true,"href":"https:\/\/litepack.ch\/en\/wp-json\/wp\/v2\/media\/36502"}],"wp:attachment":[{"href":"https:\/\/litepack.ch\/en\/wp-json\/wp\/v2\/media?parent=36501"}],"wp:term":[{"taxonomy":"product_brand","embeddable":true,"href":"https:\/\/litepack.ch\/en\/wp-json\/wp\/v2\/product_brand?post=36501"},{"taxonomy":"product_cat","embeddable":true,"href":"https:\/\/litepack.ch\/en\/wp-json\/wp\/v2\/product_cat?post=36501"},{"taxonomy":"product_tag","embeddable":true,"href":"https:\/\/litepack.ch\/en\/wp-json\/wp\/v2\/product_tag?post=36501"}],"curies":[{"name":"wp","href":"https:\/\/api.w.org\/{rel}","templated":true}]}}