{"id":36487,"date":"2025-02-02T14:47:23","date_gmt":"2025-02-02T13:47:23","guid":{"rendered":"http:\/\/litepack.ch\/?post_type=product&#038;p=36487"},"modified":"2025-11-22T08:30:56","modified_gmt":"2025-11-22T07:30:56","slug":"zpacks-hering-tasche","status":"publish","type":"product","link":"https:\/\/litepack.ch\/en\/product\/zpacks-hering-tasche\/","title":{"rendered":"Zpacks Hering Tasche"},"content":{"rendered":"<ul>\n<li>Hergestellt aus 53 g\/m\u00b2 <a href=\"https:\/\/litepack.ch\/en\/material-zpacks\/\" data-internallinksmanager029f6b8e52c=\"1\" title=\"Material Zpacks\">Dyneema<\/a>\u00ae Composite-Gewebe, das dicker und st\u00e4rker ist als unsere anderen Packs\u00e4cke und Durchstiche verhindert.<\/li>\n<li>Es passen mindestens 12 unserer ultraleichten <a href=\"https:\/\/litepack.ch\/en\/shop\/?min_price=0&amp;max_price=40&amp;s=Hering&amp;post_type=product\" data-internallinksmanager029f6b8e52c=\"3\" title=\"Zpacks Heringe\">Heringe<\/a> hinein.<\/li>\n<li>Der Heringsack ist oben breiter geschnitten, so dass du deine <a href=\"https:\/\/litepack.ch\/en\/shop\/?min_price=0&amp;max_price=40&amp;s=Hering&amp;post_type=product\" data-internallinksmanager029f6b8e52c=\"3\" title=\"Zpacks Heringe\">Heringe<\/a> leicht und problemlos hinein- und herausnehmen kannst. Falte das Oberteil \u00fcber die <a href=\"https:\/\/litepack.ch\/en\/shop\/?min_price=0&amp;max_price=40&amp;s=Hering&amp;post_type=product\" data-internallinksmanager029f6b8e52c=\"3\" title=\"Zpacks Heringe\">Heringe<\/a> und ziehe sie mit dem Kordelzug wie mit einem Gummiband fest.<\/li>\n<li>Unsere Packs\u00e4cke sind hochgradig wasserfest, aber aufgrund der N\u00e4hte und der Kordelzug\u00f6ffnung nicht wasserdicht.<\/li>\n<li>Alle S\u00e4cke k\u00f6nnen leicht mit <a href=\"https:\/\/litepack.ch\/en\/material-zpacks\/\" data-internallinksmanager029f6b8e52c=\"1\" title=\"Material Zpacks\">Dyneema<\/a>\u00ae Composite Fabric Tape geflickt werden.<\/li>\n<\/ul>","protected":false},"excerpt":{"rendered":"<p>Hergestellt aus 53 g\/m\u00b2 Dyneema\u00ae Composite-Gewebe, das dicker und st\u00e4rker ist als unsere anderen Packs\u00e4cke und Durchstiche verhindert. Es passen<\/p>","protected":false},"featured_media":37330,"comment_status":"open","ping_status":"closed","template":"","meta":[],"product_brand":[220],"product_cat":[278,191],"product_tag":[],"class_list":{"0":"post-36487","1":"product","2":"type-product","3":"status-publish","4":"has-post-thumbnail","6":"product_brand-zpacks","7":"product_cat-zelt-zubehoer","8":"product_cat-zubehoer","9":"pa_hersteller-zpacks","11":"first","12":"instock","13":"taxable","14":"shipping-taxable","15":"purchasable","16":"product-type-variable"},"_links":{"self":[{"href":"https:\/\/litepack.ch\/en\/wp-json\/wp\/v2\/product\/36487","targetHints":{"allow":["GET"]}}],"collection":[{"href":"https:\/\/litepack.ch\/en\/wp-json\/wp\/v2\/product"}],"about":[{"href":"https:\/\/litepack.ch\/en\/wp-json\/wp\/v2\/types\/product"}],"replies":[{"embeddable":true,"href":"https:\/\/litepack.ch\/en\/wp-json\/wp\/v2\/comments?post=36487"}],"wp:featuredmedia":[{"embeddable":true,"href":"https:\/\/litepack.ch\/en\/wp-json\/wp\/v2\/media\/37330"}],"wp:attachment":[{"href":"https:\/\/litepack.ch\/en\/wp-json\/wp\/v2\/media?parent=36487"}],"wp:term":[{"taxonomy":"product_brand","embeddable":true,"href":"https:\/\/litepack.ch\/en\/wp-json\/wp\/v2\/product_brand?post=36487"},{"taxonomy":"product_cat","embeddable":true,"href":"https:\/\/litepack.ch\/en\/wp-json\/wp\/v2\/product_cat?post=36487"},{"taxonomy":"product_tag","embeddable":true,"href":"https:\/\/litepack.ch\/en\/wp-json\/wp\/v2\/product_tag?post=36487"}],"curies":[{"name":"wp","href":"https:\/\/api.w.org\/{rel}","templated":true}]}}