{"id":36328,"date":"2025-02-01T16:16:24","date_gmt":"2025-02-01T15:16:24","guid":{"rendered":"http:\/\/litepack.ch\/?post_type=product&#038;p=36328"},"modified":"2026-02-21T10:38:50","modified_gmt":"2026-02-21T09:38:50","slug":"zpacks-bagger-ultra-25l-rucksack","status":"publish","type":"product","link":"https:\/\/litepack.ch\/en\/product\/zpacks-bagger-ultra-25l-rucksack\/","title":{"rendered":"Zpacks Bagger Ultra 25L Rucksack"},"content":{"rendered":"<p>Der Bagger Ultra 25L ist der ultimative kleine Reiserucksack, der Sie vom Flugzeug in die Stadt und auf den Trail bringt. Er ist so gro\u00df, dass er unter die Flugzeugsitze passt und sogar bei Billigfliegern als pers\u00f6nliches Gep\u00e4ckst\u00fcck gelten kann. Mit der richtigen Ausr\u00fcstung k\u00f6nnen Sie auf einem Tagesausflug ein oder zwei Gipfel erklimmen oder sogar ein paar \u00dcbernachtungen mit einem Summer Quilt, einem ultraleichten Zelt und viel Platz einplanen.<\/p>\n<p>Mit seinem kleinen und stromlinienf\u00f6rmigen Design kann der Bagger als Zweitrucksack f\u00fcr Gipfeltouren oder als ultraleichter, minimalistischer Rucksack f\u00fcr kurze Abenteuer im Hinterland verwendet werden. Der Bagger verf\u00fcgt \u00fcber ein mitgeliefertes, leicht abnehmbares Sitzpolster aus Schaumstoff, das gleichzeitig als Rahmen und Polsterung f\u00fcr den R\u00fccken dient.<br \/>\nMit 3 verschiedenen, austauschbaren Gurtdesigns, einem abnehmbaren Gurt, einem bequemen Sitzpolster und einer Reihe cooler, modularer Erweiterungen ist der vielseitige Bagger Ultra Ihre Eintrittskarte zur Maximierung von Tages<a href=\"https:\/\/litepack.ch\/en\/pilgerreisen\/\" data-internallinksmanager029f6b8e52c=\"6\" title=\"Pilgerreisen\">wanderungen<\/a>, Wochenendtrips oder Pendlerfahrten.<\/p>\n<ul>\n<li>Das Ultra 100X-Gewebe besteht aus einem gewebten Ultra-High-Molecular-Weight-Polyethylen- (UHMWPE) Oberstoff, der mit einer wasserdichten R\u00fcckseite laminiert ist. Ultra-Gewebe bietet eine extrem hohe Abrieb- und Rei\u00dffestigkeit und ist das st\u00e4rkste Gewebe, das wir anbieten.<\/li>\n<li>Ultra-Gewebe ist nicht mit DWR oder anderen Chemikalien beschichtet und ist <a href=\"https:\/\/litepack.ch\/en\/pfas-chemikalien\/\" data-internallinksmanager029f6b8e52c=\"4\" title=\"PFAS Free\">PFAS<\/a>-frei.<\/li>\n<li>Das Rucksackmaterial ist wasserdicht und wird mit hydrophobem Garn verarbeitet. Alle N\u00e4hte und Befestigungspunkte sind versiegelt, wodurch der Rucksack eine hohe Wasserbest\u00e4ndigkeit bietet.<\/li>\n<li>Der Rucksack sollte Wasser unter typischen Trekkingbedingungen abhalten, solange er nicht untergetaucht oder \u00fcber l\u00e4ngere Zeit starkem Regen ausgesetzt ist. Dennoch empfehlen wir die Verwendung von wasserdichten Beuteln oder eines Rucksackliners, um wichtige Gegenst\u00e4nde wie Kleidung und Schlafs\u00e4cke zu sch\u00fctzen.<\/li>\n<li>Leichter Zugang zum Hauptfach \u00fcber einen wasserdichten, umlaufenden Rei\u00dfverschluss.<\/li>\n<li>Eine gro\u00dfe externe Rei\u00dfverschlusstasche an der Vorderseite des Rucksacks bietet schnellen Zugriff auf h\u00e4ufig ben\u00f6tigte Gegenst\u00e4nde.<\/li>\n<li>Oben am Rucksack befindet sich eine kleine Rei\u00dfverschlusstasche \u2013 ideal zur sicheren Aufbewahrung von Handy, Schl\u00fcsseln oder Geldb\u00f6rse.<\/li>\n<li>Seitentaschen sind so dimensioniert, dass sie jeweils eine oder zwei 1-Liter-Flaschen aufnehmen k\u00f6nnen. Sie sind niedrig am Rucksack angebracht und leicht nach vorne geneigt, sodass sie auch unterwegs zug\u00e4nglich sind, ohne den Rucksack abzunehmen.<\/li>\n<li>Eine dehnbare externe Sitzpolstertasche auf der R\u00fcckseite des Rucksacks erm\u00f6glicht schnellen Zugriff auf das Sitzpolster w\u00e4hrend der Pausen. Diese H\u00fclle kann auch als praktischer Platz f\u00fcr einen kleinen Laptop oder ein Tablet dienen, wenn der Rucksack als Reisetasche verwendet wird.<\/li>\n<li>Ein geschlossenzelliger Schaumstoff-Sitzpolster mit den Ma\u00dfen 28 cm x 39,4 cm ist im Lieferumfang enthalten und erh\u00f6ht das Gesamtgewicht des Rucksacks um 28 g. Das Polster passt in die Au\u00dfentasche und bietet zus\u00e4tzlichen Komfort und Unterst\u00fctzung f\u00fcr Ihren R\u00fccken.<\/li>\n<li>Der Bagger verf\u00fcgt \u00fcber ein austauschbares Gurt-Design, mit dem Sie den perfekten Gurt f\u00fcr sich ausw\u00e4hlen k\u00f6nnen. Dieses Design erm\u00f6glicht zudem das Wechseln der Gurte je nach Abenteuer. Sie k\u00f6nnen zwischen unseren bequemen Standard-S-Gurten, den kleineren Damen-Gurten oder unseren Westen-Gurten mit integrierten Wasserflaschentaschen w\u00e4hlen. Weitere Informationen zu den verschiedenen Gurttypen finden Sie im Abschnitt &#8222;Gr\u00f6\u00dfen, Gurte &amp; Passform&#8220; oder klicken Sie hier, um zus\u00e4tzliche austauschbare Gurte zu erwerben.<\/li>\n<li>Ein abnehmbarer 2,5 cm breiter H\u00fcftgurt aus Gurtband ist optional und kann sp\u00e4ter hinzugef\u00fcgt werden.<\/li>\n<li>Dieser Rucksack l\u00e4sst sich zusammenfalten und passt in einen 1-Gallonen-Ziploc-Beutel. Er kann problemlos im Gep\u00e4ck verstaut oder als Handgep\u00e4ck verwendet werden.<\/li>\n<li>Sieht am Flughafen genauso gut aus wie auf dem Trail. Passt bequem unter Flugzeugsitze, wenn er als Handgep\u00e4ck genutzt wird.<\/li>\n<li>Hergestellt in den USA.<\/li>\n<\/ul>\n<p><iframe title=\"Zpacks Bagger Ultra | Overview\" width=\"500\" height=\"281\" src=\"https:\/\/www.youtube.com\/embed\/1N2oxR_DL6U?feature=oembed\" frameborder=\"0\" allow=\"accelerometer; autoplay; clipboard-write; encrypted-media; gyroscope; picture-in-picture; web-share\" referrerpolicy=\"strict-origin-when-cross-origin\" allowfullscreen><\/iframe><\/p>","protected":false},"excerpt":{"rendered":"<p>Der Bagger Ultra 25L ist der ultimative kleine Reiserucksack, der Sie vom Flugzeug in die Stadt und auf den Trail<\/p>","protected":false},"featured_media":36618,"comment_status":"open","ping_status":"closed","template":"","meta":[],"product_brand":[220],"product_cat":[20],"product_tag":[],"class_list":{"0":"post-36328","1":"product","2":"type-product","3":"status-publish","4":"has-post-thumbnail","6":"product_brand-zpacks","7":"product_cat-rucksaecke","8":"pa_hersteller-zpacks","10":"first","11":"instock","12":"taxable","13":"shipping-taxable","14":"purchasable","15":"product-type-variable","16":"has-default-attributes"},"_links":{"self":[{"href":"https:\/\/litepack.ch\/en\/wp-json\/wp\/v2\/product\/36328","targetHints":{"allow":["GET"]}}],"collection":[{"href":"https:\/\/litepack.ch\/en\/wp-json\/wp\/v2\/product"}],"about":[{"href":"https:\/\/litepack.ch\/en\/wp-json\/wp\/v2\/types\/product"}],"replies":[{"embeddable":true,"href":"https:\/\/litepack.ch\/en\/wp-json\/wp\/v2\/comments?post=36328"}],"wp:featuredmedia":[{"embeddable":true,"href":"https:\/\/litepack.ch\/en\/wp-json\/wp\/v2\/media\/36618"}],"wp:attachment":[{"href":"https:\/\/litepack.ch\/en\/wp-json\/wp\/v2\/media?parent=36328"}],"wp:term":[{"taxonomy":"product_brand","embeddable":true,"href":"https:\/\/litepack.ch\/en\/wp-json\/wp\/v2\/product_brand?post=36328"},{"taxonomy":"product_cat","embeddable":true,"href":"https:\/\/litepack.ch\/en\/wp-json\/wp\/v2\/product_cat?post=36328"},{"taxonomy":"product_tag","embeddable":true,"href":"https:\/\/litepack.ch\/en\/wp-json\/wp\/v2\/product_tag?post=36328"}],"curies":[{"name":"wp","href":"https:\/\/api.w.org\/{rel}","templated":true}]}}