{"id":36291,"date":"2025-02-01T16:14:44","date_gmt":"2025-02-01T15:14:44","guid":{"rendered":"http:\/\/litepack.ch\/?post_type=product&#038;p=36291"},"modified":"2026-02-21T10:38:15","modified_gmt":"2026-02-21T09:38:15","slug":"zpacks-arc-zip-ultra-62l-rucksack","status":"publish","type":"product","link":"https:\/\/litepack.ch\/en\/product\/zpacks-arc-zip-ultra-62l-rucksack\/","title":{"rendered":"Zpacks Arc Zip Ultra 62L Rucksack"},"content":{"rendered":"<p>Der ultraleichte Arc Zip Ultra Rucksack hat einen Rei\u00dfverschluss an der Vorderseite, der einen schnellen Zugriff auf den Rucksack oder das Verstauen der Kameraausr\u00fcstung auf mehrt\u00e4gigen <a href=\"https:\/\/litepack.ch\/en\/pilgerreisen\/\" data-internallinksmanager029f6b8e52c=\"6\" title=\"Pilgerreisen\">Wanderungen<\/a> erm\u00f6glicht.<br \/>\nMit unserem gebogenen Carbonfaser-Luftrahmen wird das Gewicht des Rucksacks bequem auf die H\u00fcften \u00fcbertragen. Durch den Rahmen entsteht ein Spalt zwischen R\u00fccken und Rucksack, der f\u00fcr eine gute Luftzirkulation sorgt und Sie k\u00fchl h\u00e4lt.<br \/>\nMit verstellbaren Schultergurten, einem austauschbaren Gurt und einer Vielzahl optionaler, modularer Erweiterungen ist der Arc Zip Ultra ein robuster, ultraleichter Rucksack, der genau auf Sie zugeschnitten ist und Ihnen lange Tage auf dem Trail erm\u00f6glicht.<\/p>\n<ul>\n<li>Ultra-Gewebe besteht aus einem gewebten Ultra High Molecular Weight Polyethylene (UHMWPE) Obermaterial, das auf ein wasserdichtes R\u00fcckmaterial laminiert ist. Ultra-Gewebe bietet au\u00dfergew\u00f6hnlich hohe Abrieb- und Rei\u00dffestigkeit und ist das st\u00e4rkste Gewebe, das wir anbieten.<\/li>\n<li>Ultra-Gewebe ist nicht mit DWR oder anderen Chemikalien beschichtet und ist <a href=\"https:\/\/litepack.ch\/en\/pfas-chemikalien\/\" data-internallinksmanager029f6b8e52c=\"4\" title=\"PFAS Free\">PFAS<\/a>-frei.<\/li>\n<li>Die gebogenen Carbon Fiber Air Stays, kombiniert mit einem Lycra-R\u00fcckenteil, schaffen einen Abstand zwischen deinem R\u00fccken und dem Rucksack. Der Luftspalt hilft, deinen R\u00fccken k\u00fchl zu halten und verhindert, dass Gegenst\u00e4nde w\u00e4hrend des Wanderns an dir scheuern.<\/li>\n<li>Der Rucksackk\u00f6rper wird durch eine gro\u00dfe wasserdichte Reissverschluss\u00f6ffnung auf der Vorderseite des Rucksacks zug\u00e4nglich.<\/li>\n<li>Das Material des Rucksacks ist wasserdicht. Alle N\u00e4hte und Befestigungspunkte sind geklebt, und der Rucksack wird mit hydrophobem Faden konstruiert, wodurch die Rucks\u00e4cke hochgradig wasserabweisend sind.<\/li>\n<li>Der Rucksack sollte Wasser unter normalen Bedingungen im Rucksackreisen fernhalten, bei denen der Rucksack nicht untergetaucht oder l\u00e4ngeren Regenperioden ausgesetzt ist. Wir empfehlen jedoch, Trockenbeutel oder eine Pack-Innentasche zu verwenden, um wichtige Gegenst\u00e4nde wie Kleidung und Schlafs\u00e4cke zu sch\u00fctzen.<\/li>\n<li>Es verf\u00fcgt \u00fcber einen Rollverschluss mit einer versteiften \u00d6ffnung, die es erm\u00f6glicht, den oberen Teil des Rucksacks zu komprimieren, wenn sich die Ausr\u00fcstungslast verringert.<\/li>\n<li>Zwei interne horizontale Kompressionsriemen entlasten den Rei\u00dfverschluss.<\/li>\n<li>Bequeme, 3\/8&#8243; dicke, 2,75&#8243; breite gepolsterte, konturierte Schultergurte und gepolsterter G\u00fcrtel. Sowohl die Gurte als auch der G\u00fcrtel verf\u00fcgen \u00fcber eine Daisy Chain zum Befestigen von Gegenst\u00e4nden, und ein verstellbarer Brustgurt ist ebenfalls enthalten. Der G\u00fcrtel und die Schultergurte haben auf der Unterseite 3D-Mesh. Dies gibt ihnen etwas mehr Polsterung, und der G\u00fcrtel hat auch mehr Textur f\u00fcr besseren Halt.<\/li>\n<li>Seitenf\u00e4cher sind so dimensioniert, dass 1 oder 1,5 Liter Flaschen hineinpassen. Sie sind niedrig am Rucksack positioniert und nach vorne geneigt, um einen einfachen Zugriff zu erm\u00f6glichen, ohne den Rucksack abzunehmen. Die F\u00e4cher haben Ablaufl\u00f6cher am Boden und Elastik, das sie oben straff h\u00e4lt.<\/li>\n<li>Das gro\u00dfe mittlere Fach besteht aus festem Material und hat eine wasserdichte Reissverschluss\u00f6ffnung. Es kann zwei ultraleichte Zelte oder andere \u00e4hnlich gro\u00dfe Ausr\u00fcstungsgegenst\u00e4nde mit ausreichend Platz aufnehmen.<\/li>\n<li>Seitenkompressionsriemen bestehen aus nicht dehnbarem Kordelmaterial, um das Rucksackvolumen zu reduzieren. Sie erm\u00f6glichen es auch, hohe Gegenst\u00e4nde wie Wanderst\u00f6cke in den Seitentaschen aufzustellen.<\/li>\n<li>Ein oberer Riemen und Basisriemen erm\u00f6glichen es, zus\u00e4tzliche Gegenst\u00e4nde oben oder unten am Rucksack zu befestigen. Die Riemen k\u00f6nnen abgenommen werden, wenn sie nicht ben\u00f6tigt werden.<\/li>\n<li>Die Rucksackgr\u00f6\u00dfe 62L bietet gen\u00fcgend Platz f\u00fcr 5-6 Tage Nahrung und ultraleichte Ausr\u00fcstung. Der Rucksack kann mit dem Rollverschluss und den Seitenkompressionsriemen f\u00fcr kurze Ausfl\u00fcge komprimiert werden oder verwenden Sie den oberen Riemen und Basisriemen, um zus\u00e4tzliches Zeug f\u00fcr l\u00e4ngere Strecken zu befestigen.<\/li>\n<li>Ein Trinkschlauch kann aus der Ecke des Rollverschlusses herausgef\u00fchrt und mit der Daisy Chain am Schultergurt befestigt werden.<\/li>\n<li>Alle Standard-B\u00e4renschutzbeh\u00e4lter, einschlie\u00dflich des Bearikade Expedition und des BearVault 500, passen in die obere H\u00e4lfte dieses Rucksacks, wenn sie aufrecht gestellt werden. Es gibt genug zus\u00e4tzliche Weite, um entweder eine Schaumstoffmatte um den Beh\u00e4lter zu wickeln (falls verwendet) oder einen mittleren Stuff Sack vertikal neben dem B\u00e4renschutzbeh\u00e4lter aufzustellen.<\/li>\n<li>Die kurzen und mittellangen Rahmen passen in ein Flugzeughandgep\u00e4ckfach, wenn der obere Teil bis zum Rahmen heruntergerollt wird. Der hohe Rahmen passt m\u00f6glicherweise nicht, es sei denn, Sie nehmen die vertikalen Rahmenelemente aus dem Rucksack.<\/li>\n<li>Hergestellt in den USA.<\/li>\n<\/ul>","protected":false},"excerpt":{"rendered":"<p>Der ultraleichte Arc Zip Ultra Rucksack hat einen Rei\u00dfverschluss an der Vorderseite, der einen schnellen Zugriff auf den Rucksack oder<\/p>","protected":false},"featured_media":36528,"comment_status":"open","ping_status":"closed","template":"","meta":[],"product_brand":[220],"product_cat":[20],"product_tag":[],"class_list":{"0":"post-36291","1":"product","2":"type-product","3":"status-publish","4":"has-post-thumbnail","6":"product_brand-zpacks","7":"product_cat-rucksaecke","8":"pa_hersteller-zpacks","10":"first","11":"instock","12":"taxable","13":"shipping-taxable","14":"purchasable","15":"product-type-variable"},"_links":{"self":[{"href":"https:\/\/litepack.ch\/en\/wp-json\/wp\/v2\/product\/36291","targetHints":{"allow":["GET"]}}],"collection":[{"href":"https:\/\/litepack.ch\/en\/wp-json\/wp\/v2\/product"}],"about":[{"href":"https:\/\/litepack.ch\/en\/wp-json\/wp\/v2\/types\/product"}],"replies":[{"embeddable":true,"href":"https:\/\/litepack.ch\/en\/wp-json\/wp\/v2\/comments?post=36291"}],"wp:featuredmedia":[{"embeddable":true,"href":"https:\/\/litepack.ch\/en\/wp-json\/wp\/v2\/media\/36528"}],"wp:attachment":[{"href":"https:\/\/litepack.ch\/en\/wp-json\/wp\/v2\/media?parent=36291"}],"wp:term":[{"taxonomy":"product_brand","embeddable":true,"href":"https:\/\/litepack.ch\/en\/wp-json\/wp\/v2\/product_brand?post=36291"},{"taxonomy":"product_cat","embeddable":true,"href":"https:\/\/litepack.ch\/en\/wp-json\/wp\/v2\/product_cat?post=36291"},{"taxonomy":"product_tag","embeddable":true,"href":"https:\/\/litepack.ch\/en\/wp-json\/wp\/v2\/product_tag?post=36291"}],"curies":[{"name":"wp","href":"https:\/\/api.w.org\/{rel}","templated":true}]}}